{"id":502949,"date":"2025-04-21T13:26:32","date_gmt":"2025-04-21T17:26:32","guid":{"rendered":"https:\/\/yp.wippetywu.com\/a-propos\/"},"modified":"2025-04-21T15:35:57","modified_gmt":"2025-04-21T19:35:57","slug":"a-propos","status":"publish","type":"page","link":"https:\/\/yelopomelo.com\/fr\/a-propos\/","title":{"rendered":"\u00c0 propos"},"content":{"rendered":"\n<div class=\"wp-block-columns is-layout-flex wp-container-core-columns-is-layout-9d6595d7 wp-block-columns-is-layout-flex\">\n<div class=\"wp-block-column is-layout-flow wp-block-column-is-layout-flow\">\n<h2 class=\"wp-block-heading\">Fi\u00e8rement canadien!<\/h2>\n\n\n\n<p>Y\u00e9lo Pom\u00e9lo est bas\u00e9 \u00e0 Montr\u00e9al, Qu\u00e9bec, Canada. Notre tout premier produit \u00e9tait un ensemble de <a href=\"https:\/\/yelopomelo.com\/shop\/muslin-gauze-baby-swaddle-blankets-3-pack\/\">couvertures d\u2019emmaillotage en mousseline<\/a>, que nous avons lanc\u00e9 en 2017. Depuis, nous nous sommes \u00e9largis pour inclure une gamme plus large de produits et nous nous concentrons principalement sur les conceptions imprim\u00e9es \u00e0 la demande sur les v\u00eatements.  <\/p>\n\n\n\n<p>Nous acceptons les demandes de design! Envoyez-nous une note ci-dessous. <\/p>\n\n\n\n<div class=\"wp-block-buttons is-layout-flex wp-block-buttons-is-layout-flex\">\n<div class=\"wp-block-button\"><a class=\"wp-block-button__link wp-element-button\" href=\"mailto:hello@yelopomelo.com\">\u00c9CRIVEZ-NOUS<\/a><\/div>\n<\/div>\n<\/div>\n\n\n\n<div class=\"wp-block-column is-layout-flow wp-block-column-is-layout-flow\">\n<figure class=\"wp-block-image size-full\"><img fetchpriority=\"high\" decoding=\"async\" width=\"1024\" height=\"1024\" src=\"https:\/\/yp.wippetywu.com\/wp-content\/uploads\/2025\/04\/YP-cloud-smile-1024x1024-1.jpg\" alt=\"\" class=\"wp-image-502928\" srcset=\"https:\/\/yelopomelo.com\/wp-content\/uploads\/2025\/04\/YP-cloud-smile-1024x1024-1.jpg 1024w, https:\/\/yelopomelo.com\/wp-content\/uploads\/2025\/04\/YP-cloud-smile-1024x1024-1-300x300.jpg 300w, https:\/\/yelopomelo.com\/wp-content\/uploads\/2025\/04\/YP-cloud-smile-1024x1024-1-150x150.jpg 150w, https:\/\/yelopomelo.com\/wp-content\/uploads\/2025\/04\/YP-cloud-smile-1024x1024-1-768x768.jpg 768w, https:\/\/yelopomelo.com\/wp-content\/uploads\/2025\/04\/YP-cloud-smile-1024x1024-1-600x600.jpg 600w, https:\/\/yelopomelo.com\/wp-content\/uploads\/2025\/04\/YP-cloud-smile-1024x1024-1-100x100.jpg 100w\" sizes=\"(max-width: 1024px) 100vw, 1024px\" \/><\/figure>\n<\/div>\n<\/div>\n\n<p><\/p>\n","protected":false},"excerpt":{"rendered":"<p>Fi\u00e8rement canadien! Y\u00e9lo Pom\u00e9lo est bas\u00e9 \u00e0 Montr\u00e9al, Qu\u00e9bec, Canada. Notre tout premier produit \u00e9tait un ensemble de couvertures d\u2019emmaillotage en mousseline, que nous avons lanc\u00e9 en 2017. Depuis, nous nous sommes \u00e9largis pour inclure une gamme plus large de produits et nous nous concentrons principalement sur les conceptions imprim\u00e9es \u00e0 la demande sur les [&hellip;]<\/p>\n","protected":false},"author":47,"featured_media":0,"parent":0,"menu_order":0,"comment_status":"closed","ping_status":"closed","template":"","meta":{"ocean_post_layout":"","ocean_both_sidebars_style":"","ocean_both_sidebars_content_width":0,"ocean_both_sidebars_sidebars_width":0,"ocean_sidebar":"","ocean_second_sidebar":"","ocean_disable_margins":"enable","ocean_add_body_class":"","ocean_shortcode_before_top_bar":"","ocean_shortcode_after_top_bar":"","ocean_shortcode_before_header":"","ocean_shortcode_after_header":"","ocean_has_shortcode":"","ocean_shortcode_after_title":"","ocean_shortcode_before_footer_widgets":"","ocean_shortcode_after_footer_widgets":"","ocean_shortcode_before_footer_bottom":"","ocean_shortcode_after_footer_bottom":"","ocean_display_top_bar":"default","ocean_display_header":"default","ocean_header_style":"","ocean_center_header_left_menu":"","ocean_custom_header_template":"","ocean_custom_logo":0,"ocean_custom_retina_logo":0,"ocean_custom_logo_max_width":0,"ocean_custom_logo_tablet_max_width":0,"ocean_custom_logo_mobile_max_width":0,"ocean_custom_logo_max_height":0,"ocean_custom_logo_tablet_max_height":0,"ocean_custom_logo_mobile_max_height":0,"ocean_header_custom_menu":"","ocean_menu_typo_font_family":"","ocean_menu_typo_font_subset":"","ocean_menu_typo_font_size":0,"ocean_menu_typo_font_size_tablet":0,"ocean_menu_typo_font_size_mobile":0,"ocean_menu_typo_font_size_unit":"px","ocean_menu_typo_font_weight":"","ocean_menu_typo_font_weight_tablet":"","ocean_menu_typo_font_weight_mobile":"","ocean_menu_typo_transform":"","ocean_menu_typo_transform_tablet":"","ocean_menu_typo_transform_mobile":"","ocean_menu_typo_line_height":0,"ocean_menu_typo_line_height_tablet":0,"ocean_menu_typo_line_height_mobile":0,"ocean_menu_typo_line_height_unit":"","ocean_menu_typo_spacing":0,"ocean_menu_typo_spacing_tablet":0,"ocean_menu_typo_spacing_mobile":0,"ocean_menu_typo_spacing_unit":"","ocean_menu_link_color":"","ocean_menu_link_color_hover":"","ocean_menu_link_color_active":"","ocean_menu_link_background":"","ocean_menu_link_hover_background":"","ocean_menu_link_active_background":"","ocean_menu_social_links_bg":"","ocean_menu_social_hover_links_bg":"","ocean_menu_social_links_color":"","ocean_menu_social_hover_links_color":"","ocean_disable_title":"default","ocean_disable_heading":"default","ocean_post_title":"","ocean_post_subheading":"","ocean_post_title_style":"","ocean_post_title_background_color":"","ocean_post_title_background":0,"ocean_post_title_bg_image_position":"","ocean_post_title_bg_image_attachment":"","ocean_post_title_bg_image_repeat":"","ocean_post_title_bg_image_size":"","ocean_post_title_height":0,"ocean_post_title_bg_overlay":0.5,"ocean_post_title_bg_overlay_color":"","ocean_disable_breadcrumbs":"default","ocean_breadcrumbs_color":"","ocean_breadcrumbs_separator_color":"","ocean_breadcrumbs_links_color":"","ocean_breadcrumbs_links_hover_color":"","ocean_display_footer_widgets":"default","ocean_display_footer_bottom":"default","ocean_custom_footer_template":"","osh_disable_topbar_sticky":"default","osh_disable_header_sticky":"default","osh_sticky_header_style":"default","osh_sticky_header_effect":"","osh_custom_sticky_logo":0,"osh_custom_retina_sticky_logo":0,"osh_custom_sticky_logo_height":0,"osh_background_color":"","osh_links_color":"","osh_links_hover_color":"","osh_links_active_color":"","osh_links_bg_color":"","osh_links_hover_bg_color":"","osh_links_active_bg_color":"","osh_menu_social_links_color":"","osh_menu_social_hover_links_color":"","slim_seo":{"title":"\u00c0 propos - Y\u00e9lo Pom\u00e9lo","description":"Fi\u00e8rement canadien! Y\u00e9lo Pom\u00e9lo est bas\u00e9 \u00e0 Montr\u00e9al, Qu\u00e9bec, Canada. Notre tout premier produit \u00e9tait un ensemble de couvertures d\u2019emmaillotage en mousseline ,"},"footnotes":""},"class_list":["post-502949","page","type-page","status-publish","hentry","entry","owp-thumbs-layout-horizontal","owp-btn-big","owp-tabs-layout-vertical","has-no-thumbnails"],"_links":{"self":[{"href":"https:\/\/yelopomelo.com\/fr\/wp-json\/wp\/v2\/pages\/502949","targetHints":{"allow":["GET"]}}],"collection":[{"href":"https:\/\/yelopomelo.com\/fr\/wp-json\/wp\/v2\/pages"}],"about":[{"href":"https:\/\/yelopomelo.com\/fr\/wp-json\/wp\/v2\/types\/page"}],"author":[{"embeddable":true,"href":"https:\/\/yelopomelo.com\/fr\/wp-json\/wp\/v2\/users\/47"}],"replies":[{"embeddable":true,"href":"https:\/\/yelopomelo.com\/fr\/wp-json\/wp\/v2\/comments?post=502949"}],"version-history":[{"count":0,"href":"https:\/\/yelopomelo.com\/fr\/wp-json\/wp\/v2\/pages\/502949\/revisions"}],"wp:attachment":[{"href":"https:\/\/yelopomelo.com\/fr\/wp-json\/wp\/v2\/media?parent=502949"}],"curies":[{"name":"wp","href":"https:\/\/api.w.org\/{rel}","templated":true}]}}