{"id":502963,"date":"2025-04-20T13:48:48","date_gmt":"2025-04-20T17:48:48","guid":{"rendered":"https:\/\/yp.wippetywu.com\/shop\/sac-a-dos-moon-landing-pour-enfants\/"},"modified":"2025-04-21T18:47:36","modified_gmt":"2025-04-21T22:47:36","slug":"sac-a-dos-moon-landing-pour-enfants","status":"publish","type":"product","link":"https:\/\/yelopomelo.com\/fr\/boutique\/sac-a-dos-moon-landing-pour-enfants\/","title":{"rendered":"Sac \u00e0 dos \u00ab Alunissage Apollo 11 \u00bb pour enfants"},"content":{"rendered":"<p>Laissez-vous inspirer par l\u2019humanit\u00e9 avec ce sac \u00e0 dos \u00ab Alunissage Apollo 11 \u00bb Le bas pr\u00e9sente une photo d\u2019Edwin (Buzz) Aldrin marchant sur la surface lunaire lors de la mission d\u2019alunissage d\u2019Apollo 11 en 1969; Neil Armstrong, qui a pris la photo, peut \u00eatre vu refl\u00e9t\u00e9 dans la visi\u00e8re du casque d\u2019Aldrin. Le haut cite la plaque lunaire laiss\u00e9e sur la Lune par Apollo 11 (traduit) : \u00ab ICI LES HOMMES DE LA PLAN\u00c8TE TERRE ONT MIS LE PIED SUR LA LUNE POUR LA PREMI\u00c8RE FOIS EN JUILLET 1969, A.D. NOUS SOMMES VENUS EN PAIX POUR TOUTE L\u2019HUMANIT\u00c9 \u00bb<\/p>\n<p>Pour encore plus de geek, lisez la <a href=\"https:\/\/magenta.as\/how-one-typeface-landed-on-the-moon-dd31ea17d732\" target=\"_blank\" rel=\"noopener noreferrer\">suite sur la fa\u00e7on dont la police Futura utilis\u00e9e sur cette plaque lunaire s\u2019est rendue sur la Lune dans le cadre de l\u2019image de conception de la NASA<\/a> (Magenta, en anglais). (Et oui, <em>bien s\u00fbr<\/em> , nous avons utilis\u00e9 cette police sur le sac \u00e0 dos!)<\/p>\n<p>Il s\u2019agit d\u2019un sac \u00e0 dos de taille moyenne fabriqu\u00e9 avec un mat\u00e9riau r\u00e9sistant \u00e0 l\u2019eau pour prot\u00e9ger vos affaires des intemp\u00e9ries. Comprend une poche int\u00e9rieure pour votre ordinateur portable et une poche \u00e0 glissi\u00e8re cach\u00e9e pour votre portefeuille et autres objets de valeur \u00e0 l\u2019arri\u00e8re.<\/p>\n<h3>\u00c0 propos de ce Sac \u00e0 dos \u00ab Alunissage Apollo 11 \u00bb pour enfants :<\/h3>\n<p>\u2022 100% polyester<br \/>\n\u2022 Dimensions: H 16\u215e po (42 cm), L 12\u00bc po (31 cm), P 3\u215e po (10 cm)<br \/>\n\u2022 Limite de poids maximale : 44 lb (20 kg)<br \/>\n\u2022 Mat\u00e9riau r\u00e9sistant \u00e0 l\u2019eau<br \/>\n\u2022 Grande poche int\u00e9rieure avec une poche s\u00e9par\u00e9e pour un ordinateur portable de 15 po, une poche avant avec une fermeture \u00e0 glissi\u00e8re et une poche cach\u00e9e avec fermeture \u00e0 glissi\u00e8re \u00e0 l\u2019arri\u00e8re du sac<br \/>\n\u2022 La fermeture \u00e0 glissi\u00e8re sup\u00e9rieure a 2 curseurs et il y a des tirettes de fermeture \u00e0 glissi\u00e8re attach\u00e9es \u00e0 chaque curseur<br \/>\n\u2022 Doublure soyeuse, ourlets int\u00e9rieurs passepoil\u00e9s et dos en maille douce<br \/>\n\u2022 Bretelles de sac ergonomiques rembourr\u00e9es en polyester avec r\u00e9gulateurs de sangle en plastique<\/p>\n<h4>REMARQUE : Cet article est fabriqu\u00e9 sur commande.<\/h4>\n<p>Nous prenons normalement 2 \u00e0 7 jours ouvrables pour fabriquer nos produits, puis vous devriez <strong>ajouter des d\u00e9lais d\u2019exp\u00e9dition en plus de cela<\/strong>. Veuillez consulter <a href=\"https:\/\/yelopomelo.com\/faq\/\">la page FAQ<\/a> pour conna\u00eetre les estimations d\u2019ex\u00e9cution actuelles.<\/p>\n","protected":false},"excerpt":{"rendered":"<p>HERE MEN FROM THE PLANET EARTH<br \/>\nFIRST SET FOOT UPON THE MOON<br \/>\nJULY 1969, A.D.<br \/>\nWE CAME IN PEACE FOR ALL MANKIND<\/p>\n","protected":false},"featured_media":2889,"comment_status":"open","ping_status":"closed","template":"","meta":{"ocean_post_layout":"","ocean_both_sidebars_style":"","ocean_both_sidebars_content_width":0,"ocean_both_sidebars_sidebars_width":0,"ocean_sidebar":"","ocean_second_sidebar":"","ocean_disable_margins":"enable","ocean_add_body_class":"","ocean_shortcode_before_top_bar":"","ocean_shortcode_after_top_bar":"","ocean_shortcode_before_header":"","ocean_shortcode_after_header":"","ocean_has_shortcode":"","ocean_shortcode_after_title":"","ocean_shortcode_before_footer_widgets":"","ocean_shortcode_after_footer_widgets":"","ocean_shortcode_before_footer_bottom":"","ocean_shortcode_after_footer_bottom":"","ocean_display_top_bar":"default","ocean_display_header":"default","ocean_header_style":"","ocean_center_header_left_menu":"","ocean_custom_header_template":"","ocean_custom_logo":0,"ocean_custom_retina_logo":0,"ocean_custom_logo_max_width":0,"ocean_custom_logo_tablet_max_width":0,"ocean_custom_logo_mobile_max_width":0,"ocean_custom_logo_max_height":0,"ocean_custom_logo_tablet_max_height":0,"ocean_custom_logo_mobile_max_height":0,"ocean_header_custom_menu":"","ocean_menu_typo_font_family":"","ocean_menu_typo_font_subset":"","ocean_menu_typo_font_size":0,"ocean_menu_typo_font_size_tablet":0,"ocean_menu_typo_font_size_mobile":0,"ocean_menu_typo_font_size_unit":"px","ocean_menu_typo_font_weight":"","ocean_menu_typo_font_weight_tablet":"","ocean_menu_typo_font_weight_mobile":"","ocean_menu_typo_transform":"","ocean_menu_typo_transform_tablet":"","ocean_menu_typo_transform_mobile":"","ocean_menu_typo_line_height":0,"ocean_menu_typo_line_height_tablet":0,"ocean_menu_typo_line_height_mobile":0,"ocean_menu_typo_line_height_unit":"","ocean_menu_typo_spacing":0,"ocean_menu_typo_spacing_tablet":0,"ocean_menu_typo_spacing_mobile":0,"ocean_menu_typo_spacing_unit":"","ocean_menu_link_color":"","ocean_menu_link_color_hover":"","ocean_menu_link_color_active":"","ocean_menu_link_background":"","ocean_menu_link_hover_background":"","ocean_menu_link_active_background":"","ocean_menu_social_links_bg":"","ocean_menu_social_hover_links_bg":"","ocean_menu_social_links_color":"","ocean_menu_social_hover_links_color":"","ocean_disable_title":"default","ocean_disable_heading":"default","ocean_post_title":"","ocean_post_subheading":"","ocean_post_title_style":"","ocean_post_title_background_color":"","ocean_post_title_background":0,"ocean_post_title_bg_image_position":"","ocean_post_title_bg_image_attachment":"","ocean_post_title_bg_image_repeat":"","ocean_post_title_bg_image_size":"","ocean_post_title_height":0,"ocean_post_title_bg_overlay":0.5,"ocean_post_title_bg_overlay_color":"","ocean_disable_breadcrumbs":"default","ocean_breadcrumbs_color":"","ocean_breadcrumbs_separator_color":"","ocean_breadcrumbs_links_color":"","ocean_breadcrumbs_links_hover_color":"","ocean_display_footer_widgets":"default","ocean_display_footer_bottom":"default","ocean_custom_footer_template":"","osh_disable_topbar_sticky":"default","osh_disable_header_sticky":"default","osh_sticky_header_style":"default","osh_sticky_header_effect":"","osh_custom_sticky_logo":0,"osh_custom_retina_sticky_logo":0,"osh_custom_sticky_logo_height":0,"osh_background_color":"","osh_links_color":"","osh_links_hover_color":"","osh_links_active_color":"","osh_links_bg_color":"","osh_links_hover_bg_color":"","osh_links_active_bg_color":"","osh_menu_social_links_color":"","osh_menu_social_hover_links_color":"","slim_seo":{"title":"Sac \u00e0 dos \u00ab Alunissage Apollo 11 \u00bb pour enfants - Y\u00e9lo Pom\u00e9lo","description":"HERE MEN FROM THE PLANET EARTH FIRST SET FOOT UPON THE MOON JULY 1969, A.D. WE CAME IN PEACE FOR ALL MANKIND"}},"product_brand":[],"product_cat":[255,307,266,271,257],"product_tag":[396,436],"class_list":{"0":"post-502963","1":"product","2":"type-product","3":"status-publish","4":"has-post-thumbnail","6":"product_cat-accessoires","7":"product_cat-espace","8":"product_cat-geeks-de-science","9":"product_cat-rentree-scolaire","10":"product_cat-sacs-a-dos-et-boites-a-lunch","11":"product_tag-apollo-11-2","12":"product_tag-rentree-scolaire","13":"product_shipping_class-sacs-a-dos","15":"entry","16":"has-media","18":"first","19":"instock","20":"taxable","21":"shipping-taxable","22":"purchasable","23":"product-type-simple","24":"col","25":"span_1_of_3","26":"owp-content-center","27":"owp-thumbs-layout-horizontal","28":"owp-btn-big","29":"owp-tabs-layout-vertical"},"_links":{"self":[{"href":"https:\/\/yelopomelo.com\/fr\/wp-json\/wp\/v2\/product\/502963","targetHints":{"allow":["GET"]}}],"collection":[{"href":"https:\/\/yelopomelo.com\/fr\/wp-json\/wp\/v2\/product"}],"about":[{"href":"https:\/\/yelopomelo.com\/fr\/wp-json\/wp\/v2\/types\/product"}],"replies":[{"embeddable":true,"href":"https:\/\/yelopomelo.com\/fr\/wp-json\/wp\/v2\/comments?post=502963"}],"wp:featuredmedia":[{"embeddable":true,"href":"https:\/\/yelopomelo.com\/fr\/wp-json\/wp\/v2\/media\/2889"}],"wp:attachment":[{"href":"https:\/\/yelopomelo.com\/fr\/wp-json\/wp\/v2\/media?parent=502963"}],"wp:term":[{"taxonomy":"product_brand","embeddable":true,"href":"https:\/\/yelopomelo.com\/fr\/wp-json\/wp\/v2\/product_brand?post=502963"},{"taxonomy":"product_cat","embeddable":true,"href":"https:\/\/yelopomelo.com\/fr\/wp-json\/wp\/v2\/product_cat?post=502963"},{"taxonomy":"product_tag","embeddable":true,"href":"https:\/\/yelopomelo.com\/fr\/wp-json\/wp\/v2\/product_tag?post=502963"}],"curies":[{"name":"wp","href":"https:\/\/api.w.org\/{rel}","templated":true}]}}