{"id":503432,"date":"2025-05-08T12:32:13","date_gmt":"2025-05-08T16:32:13","guid":{"rendered":"https:\/\/yelopomelo.com\/?post_type=product&#038;p=503432"},"modified":"2025-12-21T08:42:29","modified_gmt":"2025-12-21T13:42:29","slug":"autocollant-poing-de-lukraine-copy","status":"publish","type":"product","link":"https:\/\/yelopomelo.com\/fr\/boutique\/autocollant-poing-de-lukraine-copy\/","title":{"rendered":"Autocollant \u00ab If At First You Don&rsquo;t Succeed, Try Try Again \u00bb"},"content":{"rendered":"<p>Cet autocollant \u00ab If At First You Don&rsquo;t Succeed, Try Try Again \u00bb est un cadeau hilarant pour les scientifiques, les chercheurs, les \u00e9tudiants et les autres universitaires.<\/p>\n<p>Ces autocollants sont imprim\u00e9s sur du vinyle adh\u00e9sif durable et \u00e0 haute opacit\u00e9, ce qui les rend parfaits pour une utilisation r\u00e9guli\u00e8re, ainsi que pour recouvrir d\u2019autres autocollants ou peinture. Le vinyle de haute qualit\u00e9 garantit qu\u2019il n\u2019y a pas de bulles lors de l\u2019application des autocollants, et les autocollants peuvent \u00eatre utilis\u00e9s \u00e0 l\u2019int\u00e9rieur et \u00e0 l\u2019ext\u00e9rieur. <\/p>\n<h3>\u00c0 propos de cet autocollant \u00ab If At First You Don&rsquo;t Succeed, Try Try Again \u00bb<\/h3>\n<p>\u2022 Film \u00e0 haute opacit\u00e9 impossible \u00e0 voir<br \/>\n\u2022 Application<br \/>\n rapide et facile sans bulles\u2022 Vinyle durable, parfait pour une utilisation<br \/>\n \u00e0 l\u2019int\u00e9rieur et \u00e0 l\u2019ext\u00e9rieur\u2022 Densit\u00e9<br \/>\n de 95 \u03bc\u2022 Les tailles sont approximatives et indiquent la largeur de la page sur laquelle le motif est imprim\u00e9!<\/p>\n<p>N\u2019oubliez pas de nettoyer la surface avant d\u2019appliquer l\u2019autocollant.<\/p>\n<h4>REMARQUE : Cet article est imprim\u00e9 sur demande.<\/h4>\n<p>Nous prenons normalement 2 \u00e0 7 jours ouvrables pour fabriquer nos produits, puis vous devriez <strong>ajouter des d\u00e9lais d\u2019exp\u00e9dition en plus de cela<\/strong>. Veuillez consulter <a href=\"https:\/\/yelopomelo.com\/faq\/\">la page FAQ<\/a> pour conna\u00eetre les estimations d\u2019ex\u00e9cution actuelles. <\/p>\n","protected":false},"excerpt":{"rendered":"<p>Cet autocollant \u00ab If At First You Don&rsquo;t Succeed, Try Try Again \u00bb est un cadeau hilarant pour les scientifiques, les chercheurs, les \u00e9tudiants et les autres universitaires. Ces autocollants sont imprim\u00e9s sur du vinyle adh\u00e9sif durable et \u00e0 haute opacit\u00e9, ce qui les rend parfaits pour une utilisation r\u00e9guli\u00e8re, ainsi que pour recouvrir d\u2019autres [&hellip;]<\/p>\n","protected":false},"featured_media":503446,"comment_status":"open","ping_status":"closed","template":"","meta":{"ocean_post_layout":"","ocean_both_sidebars_style":"","ocean_both_sidebars_content_width":0,"ocean_both_sidebars_sidebars_width":0,"ocean_sidebar":"0","ocean_second_sidebar":"0","ocean_disable_margins":"enable","ocean_add_body_class":"","ocean_shortcode_before_top_bar":"","ocean_shortcode_after_top_bar":"","ocean_shortcode_before_header":"","ocean_shortcode_after_header":"","ocean_has_shortcode":"","ocean_shortcode_after_title":"","ocean_shortcode_before_footer_widgets":"","ocean_shortcode_after_footer_widgets":"","ocean_shortcode_before_footer_bottom":"","ocean_shortcode_after_footer_bottom":"","ocean_display_top_bar":"default","ocean_display_header":"default","ocean_header_style":"","ocean_center_header_left_menu":"0","ocean_custom_header_template":"0","ocean_custom_logo":0,"ocean_custom_retina_logo":0,"ocean_custom_logo_max_width":0,"ocean_custom_logo_tablet_max_width":0,"ocean_custom_logo_mobile_max_width":0,"ocean_custom_logo_max_height":0,"ocean_custom_logo_tablet_max_height":0,"ocean_custom_logo_mobile_max_height":0,"ocean_header_custom_menu":"0","ocean_menu_typo_font_family":"0","ocean_menu_typo_font_subset":"","ocean_menu_typo_font_size":0,"ocean_menu_typo_font_size_tablet":0,"ocean_menu_typo_font_size_mobile":0,"ocean_menu_typo_font_size_unit":"px","ocean_menu_typo_font_weight":"","ocean_menu_typo_font_weight_tablet":"","ocean_menu_typo_font_weight_mobile":"","ocean_menu_typo_transform":"","ocean_menu_typo_transform_tablet":"","ocean_menu_typo_transform_mobile":"","ocean_menu_typo_line_height":0,"ocean_menu_typo_line_height_tablet":0,"ocean_menu_typo_line_height_mobile":0,"ocean_menu_typo_line_height_unit":"","ocean_menu_typo_spacing":0,"ocean_menu_typo_spacing_tablet":0,"ocean_menu_typo_spacing_mobile":0,"ocean_menu_typo_spacing_unit":"","ocean_menu_link_color":"","ocean_menu_link_color_hover":"","ocean_menu_link_color_active":"","ocean_menu_link_background":"","ocean_menu_link_hover_background":"","ocean_menu_link_active_background":"","ocean_menu_social_links_bg":"","ocean_menu_social_hover_links_bg":"","ocean_menu_social_links_color":"","ocean_menu_social_hover_links_color":"","ocean_disable_title":"default","ocean_disable_heading":"default","ocean_post_title":"","ocean_post_subheading":"","ocean_post_title_style":"","ocean_post_title_background_color":"","ocean_post_title_background":0,"ocean_post_title_bg_image_position":"","ocean_post_title_bg_image_attachment":"","ocean_post_title_bg_image_repeat":"","ocean_post_title_bg_image_size":"","ocean_post_title_height":0,"ocean_post_title_bg_overlay":0.5,"ocean_post_title_bg_overlay_color":"","ocean_disable_breadcrumbs":"default","ocean_breadcrumbs_color":"","ocean_breadcrumbs_separator_color":"","ocean_breadcrumbs_links_color":"","ocean_breadcrumbs_links_hover_color":"","ocean_display_footer_widgets":"default","ocean_display_footer_bottom":"default","ocean_custom_footer_template":"0","osh_disable_topbar_sticky":"default","osh_disable_header_sticky":"default","osh_sticky_header_style":"default","osh_sticky_header_effect":"","osh_custom_sticky_logo":0,"osh_custom_retina_sticky_logo":0,"osh_custom_sticky_logo_height":0,"osh_background_color":"","osh_links_color":"","osh_links_hover_color":"","osh_links_active_color":"","osh_links_bg_color":"","osh_links_hover_bg_color":"","osh_links_active_bg_color":"","osh_menu_social_links_color":"","osh_menu_social_hover_links_color":"","slim_seo":{"title":"Autocollant \u00ab If At First You Don't Succeed, Try Try Again \u00bb - Y\u00e9lo Pom\u00e9lo","description":"Cet autocollant \u00ab If At First You Don't Succeed, Try Try Again \u00bb est un cadeau hilarant pour les scientifiques, les chercheurs, les \u00e9tudiants et les autres univ"}},"product_brand":[],"product_cat":[258,266],"product_tag":[],"class_list":{"0":"post-503432","1":"product","2":"type-product","3":"status-publish","4":"has-post-thumbnail","6":"product_cat-autocollants","7":"product_cat-geeks-de-science","8":"product_shipping_class-stickers-3","10":"entry","11":"has-media","13":"first","14":"instock","15":"taxable","16":"shipping-taxable","17":"purchasable","18":"product-type-variable","19":"has-rating","20":"col","21":"span_1_of_3","22":"owp-content-center","23":"owp-thumbs-layout-horizontal","24":"owp-btn-big","25":"owp-tabs-layout-vertical"},"_links":{"self":[{"href":"https:\/\/yelopomelo.com\/fr\/wp-json\/wp\/v2\/product\/503432","targetHints":{"allow":["GET"]}}],"collection":[{"href":"https:\/\/yelopomelo.com\/fr\/wp-json\/wp\/v2\/product"}],"about":[{"href":"https:\/\/yelopomelo.com\/fr\/wp-json\/wp\/v2\/types\/product"}],"replies":[{"embeddable":true,"href":"https:\/\/yelopomelo.com\/fr\/wp-json\/wp\/v2\/comments?post=503432"}],"wp:featuredmedia":[{"embeddable":true,"href":"https:\/\/yelopomelo.com\/fr\/wp-json\/wp\/v2\/media\/503446"}],"wp:attachment":[{"href":"https:\/\/yelopomelo.com\/fr\/wp-json\/wp\/v2\/media?parent=503432"}],"wp:term":[{"taxonomy":"product_brand","embeddable":true,"href":"https:\/\/yelopomelo.com\/fr\/wp-json\/wp\/v2\/product_brand?post=503432"},{"taxonomy":"product_cat","embeddable":true,"href":"https:\/\/yelopomelo.com\/fr\/wp-json\/wp\/v2\/product_cat?post=503432"},{"taxonomy":"product_tag","embeddable":true,"href":"https:\/\/yelopomelo.com\/fr\/wp-json\/wp\/v2\/product_tag?post=503432"}],"curies":[{"name":"wp","href":"https:\/\/api.w.org\/{rel}","templated":true}]}}