{"id":504697,"date":"2025-08-03T11:13:09","date_gmt":"2025-08-03T15:13:09","guid":{"rendered":"https:\/\/yelopomelo.com\/?post_type=product&#038;p=504697"},"modified":"2026-03-12T03:22:21","modified_gmt":"2026-03-12T07:22:21","slug":"tuque-anti-surveillance","status":"publish","type":"product","link":"https:\/\/yelopomelo.com\/fr\/boutique\/tuque-anti-surveillance\/","title":{"rendered":"Tuque Anti Surveillance"},"content":{"rendered":"<p>Inspir\u00e9 par le projet artistique Project Hyperface (sans affiliation). <g id=\"gid_0\">Nous ne garantissons pas<\/g> l\u2019efficacit\u00e9 de ce mod\u00e8le contre les algorithmes d\u2019intelligence artificielle. <\/p>\n<h3>\u00c0 propos de cette tuque anti surveillance :<\/h3>\n<p>\u2022 95 % polyester, 5 % \u00e9lasthanne (la composition du tissu peut varier jusqu&rsquo;\u00e0 1 %, selon le lieu d&rsquo;ex\u00e9cution)<br \/>\n\u2022 Poids du tissu : 6,19 oz\/vg\u00b2 (210 g\/m\u00b2)<br \/>\n\u2022 Double couche<br \/>\n\u2022 Coupe r\u00e9guli\u00e8re (commandez une taille au-dessus pour une coupe ample)<br \/>\n\u2022 Laver \u00e0 30 \u00b0C (86 \u00b0F)<\/p>\n<h4>REMARQUE : Cet article est fabriqu\u00e9 sur commande.<\/h4>\n<p>Nous prenons normalement 2 \u00e0 7 jours ouvrables pour cr\u00e9er nos produits, puis vous devriez <strong>ajouter des d\u00e9lais d\u2019exp\u00e9dition en plus de cela<\/strong>. Veuillez consulter <a href=\"https:\/\/yelopomelo.com\/faq\/\">la page FAQ<\/a> pour conna\u00eetre les estimations d\u2019ex\u00e9cution actuelles.<\/p>\n","protected":false},"excerpt":{"rendered":"<p>Inspir\u00e9 par le projet artistique Project Hyperface (sans affiliation). Nous ne garantissons pas l\u2019efficacit\u00e9 de ce mod\u00e8le contre les algorithmes d\u2019intelligence artificielle. \u00c0 propos de cette tuque anti surveillance : \u2022 95 % polyester, 5 % \u00e9lasthanne (la composition du tissu peut varier jusqu&rsquo;\u00e0 1 %, selon le lieu d&rsquo;ex\u00e9cution) \u2022 Poids du tissu : [&hellip;]<\/p>\n","protected":false},"featured_media":504734,"comment_status":"open","ping_status":"closed","template":"","meta":{"ocean_post_layout":"","ocean_both_sidebars_style":"","ocean_both_sidebars_content_width":0,"ocean_both_sidebars_sidebars_width":0,"ocean_sidebar":"0","ocean_second_sidebar":"0","ocean_disable_margins":"enable","ocean_add_body_class":"","ocean_shortcode_before_top_bar":"","ocean_shortcode_after_top_bar":"","ocean_shortcode_before_header":"","ocean_shortcode_after_header":"","ocean_has_shortcode":"","ocean_shortcode_after_title":"","ocean_shortcode_before_footer_widgets":"","ocean_shortcode_after_footer_widgets":"","ocean_shortcode_before_footer_bottom":"","ocean_shortcode_after_footer_bottom":"","ocean_display_top_bar":"default","ocean_display_header":"default","ocean_header_style":"","ocean_center_header_left_menu":"0","ocean_custom_header_template":"0","ocean_custom_logo":0,"ocean_custom_retina_logo":0,"ocean_custom_logo_max_width":0,"ocean_custom_logo_tablet_max_width":0,"ocean_custom_logo_mobile_max_width":0,"ocean_custom_logo_max_height":0,"ocean_custom_logo_tablet_max_height":0,"ocean_custom_logo_mobile_max_height":0,"ocean_header_custom_menu":"0","ocean_menu_typo_font_family":"0","ocean_menu_typo_font_subset":"","ocean_menu_typo_font_size":0,"ocean_menu_typo_font_size_tablet":0,"ocean_menu_typo_font_size_mobile":0,"ocean_menu_typo_font_size_unit":"px","ocean_menu_typo_font_weight":"","ocean_menu_typo_font_weight_tablet":"","ocean_menu_typo_font_weight_mobile":"","ocean_menu_typo_transform":"","ocean_menu_typo_transform_tablet":"","ocean_menu_typo_transform_mobile":"","ocean_menu_typo_line_height":0,"ocean_menu_typo_line_height_tablet":0,"ocean_menu_typo_line_height_mobile":0,"ocean_menu_typo_line_height_unit":"","ocean_menu_typo_spacing":0,"ocean_menu_typo_spacing_tablet":0,"ocean_menu_typo_spacing_mobile":0,"ocean_menu_typo_spacing_unit":"","ocean_menu_link_color":"","ocean_menu_link_color_hover":"","ocean_menu_link_color_active":"","ocean_menu_link_background":"","ocean_menu_link_hover_background":"","ocean_menu_link_active_background":"","ocean_menu_social_links_bg":"","ocean_menu_social_hover_links_bg":"","ocean_menu_social_links_color":"","ocean_menu_social_hover_links_color":"","ocean_disable_title":"default","ocean_disable_heading":"default","ocean_post_title":"","ocean_post_subheading":"","ocean_post_title_style":"","ocean_post_title_background_color":"","ocean_post_title_background":0,"ocean_post_title_bg_image_position":"","ocean_post_title_bg_image_attachment":"","ocean_post_title_bg_image_repeat":"","ocean_post_title_bg_image_size":"","ocean_post_title_height":0,"ocean_post_title_bg_overlay":0.5,"ocean_post_title_bg_overlay_color":"","ocean_disable_breadcrumbs":"default","ocean_breadcrumbs_color":"","ocean_breadcrumbs_separator_color":"","ocean_breadcrumbs_links_color":"","ocean_breadcrumbs_links_hover_color":"","ocean_display_footer_widgets":"default","ocean_display_footer_bottom":"default","ocean_custom_footer_template":"0","osh_disable_topbar_sticky":"default","osh_disable_header_sticky":"default","osh_sticky_header_style":"default","osh_sticky_header_effect":"","osh_custom_sticky_logo":0,"osh_custom_retina_sticky_logo":0,"osh_custom_sticky_logo_height":0,"osh_background_color":"","osh_links_color":"","osh_links_hover_color":"","osh_links_active_color":"","osh_links_bg_color":"","osh_links_hover_bg_color":"","osh_links_active_bg_color":"","osh_menu_social_links_color":"","osh_menu_social_hover_links_color":"","slim_seo":{"title":"Tuque Anti Surveillance - Y\u00e9lo Pom\u00e9lo","description":"Inspir\u00e9 par le projet artistique Project Hyperface (sans affiliation). Nous ne garantissons pas l\u2019efficacit\u00e9 de ce mod\u00e8le contre les algorithmes d\u2019intelligence"}},"product_brand":[],"product_cat":[255,265,239],"product_tag":[],"class_list":{"0":"post-504697","1":"product","2":"type-product","3":"status-publish","4":"has-post-thumbnail","6":"product_cat-accessoires","7":"product_cat-chapeaux","8":"product_cat-manifestation","9":"product_shipping_class-pf-pm-apparel-2","11":"entry","12":"has-media","14":"first","15":"instock","16":"taxable","17":"shipping-taxable","18":"purchasable","19":"product-type-variable","20":"has-rating","21":"col","22":"span_1_of_3","23":"owp-content-center","24":"owp-thumbs-layout-horizontal","25":"owp-btn-big","26":"owp-tabs-layout-vertical"},"_links":{"self":[{"href":"https:\/\/yelopomelo.com\/fr\/wp-json\/wp\/v2\/product\/504697","targetHints":{"allow":["GET"]}}],"collection":[{"href":"https:\/\/yelopomelo.com\/fr\/wp-json\/wp\/v2\/product"}],"about":[{"href":"https:\/\/yelopomelo.com\/fr\/wp-json\/wp\/v2\/types\/product"}],"replies":[{"embeddable":true,"href":"https:\/\/yelopomelo.com\/fr\/wp-json\/wp\/v2\/comments?post=504697"}],"wp:featuredmedia":[{"embeddable":true,"href":"https:\/\/yelopomelo.com\/fr\/wp-json\/wp\/v2\/media\/504734"}],"wp:attachment":[{"href":"https:\/\/yelopomelo.com\/fr\/wp-json\/wp\/v2\/media?parent=504697"}],"wp:term":[{"taxonomy":"product_brand","embeddable":true,"href":"https:\/\/yelopomelo.com\/fr\/wp-json\/wp\/v2\/product_brand?post=504697"},{"taxonomy":"product_cat","embeddable":true,"href":"https:\/\/yelopomelo.com\/fr\/wp-json\/wp\/v2\/product_cat?post=504697"},{"taxonomy":"product_tag","embeddable":true,"href":"https:\/\/yelopomelo.com\/fr\/wp-json\/wp\/v2\/product_tag?post=504697"}],"curies":[{"name":"wp","href":"https:\/\/api.w.org\/{rel}","templated":true}]}}