{"id":6185,"date":"2025-04-20T14:00:59","date_gmt":"2025-04-20T18:00:59","guid":{"rendered":"https:\/\/yp.wippetywu.com\/?post_type=product&#038;p=6185"},"modified":"2025-05-22T15:08:43","modified_gmt":"2025-05-22T19:08:43","slug":"mug-tableau-periodique-des-elements-chimiques","status":"publish","type":"product","link":"https:\/\/yelopomelo.com\/fr\/boutique\/mug-tableau-periodique-des-elements-chimiques\/","title":{"rendered":"Mug tableau p\u00e9riodique"},"content":{"rendered":"<p>Ce mug tableau p\u00e9riodique est notre ode color\u00e9e \u00e0 Mendele\u00efev, qui pr\u00e9tendait avoir imagin\u00e9 l\u2019arrangement complet des \u00e9l\u00e9ments dans un r\u00eave. Un cadeau de chimie \u00e9l\u00e9gant pour les scientifiques, les chercheurs, les \u00e9tudiants et autres geeks des sciences. <\/p>\n<p>Pour chaque \u00e9l\u00e9ment, nous incluons le num\u00e9ro atomique, le symbole chimique et le poids atomique (ou le nombre de masse lorsqu\u2019il n\u2019est pas disponible). En raison de l\u2019espace limit\u00e9 sur la tasse, nous avons omis les noms complets des \u00e9l\u00e9ments car ils n\u2019\u00e9taient pas imprim\u00e9s clairement. Les poids atomiques sont tir\u00e9s de l\u2019Union internationale de chimie pure et appliqu\u00e9e (IUPAC), en date de f\u00e9vrier 2020.  <\/p>\n<h3>\u00c0 propos de ce mug tableau p\u00e9riodique :<\/h3>\n<p>\u2013 Dimensions de la tasse de 11 oz : hauteur 3,85 po (9,8 cm), diam\u00e8tre 3,35 po (8,5 cm)<br \/>\n\u2013 Dimensions de la tasse de 15 oz : hauteur 4,7 po (12 cm), diam\u00e8tre 3,35 po (8,5 cm)<br \/>\n\u2013 Va au lave-vaisselle et au micro-ondes<\/p>\n<h4>REMARQUE : Cet article est imprim\u00e9 sur commande.<\/h4>\n<p>Nous prenons normalement 2 \u00e0 7 jours ouvrables pour fabriquer nos produits, puis vous devriez <strong>ajouter des d\u00e9lais d\u2019exp\u00e9dition en plus de cela<\/strong>. Veuillez consulter <a href=\"https:\/\/yelopomelo.com\/faq\/\">la page FAQ<\/a> pour conna\u00eetre les estimations d\u2019ex\u00e9cution actuelles. <\/p>\n","protected":false},"excerpt":{"rendered":"<p>Ce mug tableau p\u00e9riodique est notre ode color\u00e9e \u00e0 Mendele\u00efev, qui pr\u00e9tendait avoir imagin\u00e9 l\u2019arrangement complet des \u00e9l\u00e9ments dans un r\u00eave. Un cadeau de chimie \u00e9l\u00e9gant pour les scientifiques, les chercheurs, les \u00e9tudiants et autres geeks des sciences. Pour chaque \u00e9l\u00e9ment, nous incluons le num\u00e9ro atomique, le symbole chimique et le poids atomique (ou le [&hellip;]<\/p>\n","protected":false},"featured_media":4365,"comment_status":"open","ping_status":"closed","template":"","meta":{"ocean_post_layout":"","ocean_both_sidebars_style":"","ocean_both_sidebars_content_width":0,"ocean_both_sidebars_sidebars_width":0,"ocean_sidebar":"","ocean_second_sidebar":"","ocean_disable_margins":"enable","ocean_add_body_class":"","ocean_shortcode_before_top_bar":"","ocean_shortcode_after_top_bar":"","ocean_shortcode_before_header":"","ocean_shortcode_after_header":"","ocean_has_shortcode":"","ocean_shortcode_after_title":"","ocean_shortcode_before_footer_widgets":"","ocean_shortcode_after_footer_widgets":"","ocean_shortcode_before_footer_bottom":"","ocean_shortcode_after_footer_bottom":"","ocean_display_top_bar":"default","ocean_display_header":"default","ocean_header_style":"","ocean_center_header_left_menu":"","ocean_custom_header_template":"","ocean_custom_logo":0,"ocean_custom_retina_logo":0,"ocean_custom_logo_max_width":0,"ocean_custom_logo_tablet_max_width":0,"ocean_custom_logo_mobile_max_width":0,"ocean_custom_logo_max_height":0,"ocean_custom_logo_tablet_max_height":0,"ocean_custom_logo_mobile_max_height":0,"ocean_header_custom_menu":"","ocean_menu_typo_font_family":"","ocean_menu_typo_font_subset":"","ocean_menu_typo_font_size":0,"ocean_menu_typo_font_size_tablet":0,"ocean_menu_typo_font_size_mobile":0,"ocean_menu_typo_font_size_unit":"px","ocean_menu_typo_font_weight":"","ocean_menu_typo_font_weight_tablet":"","ocean_menu_typo_font_weight_mobile":"","ocean_menu_typo_transform":"","ocean_menu_typo_transform_tablet":"","ocean_menu_typo_transform_mobile":"","ocean_menu_typo_line_height":0,"ocean_menu_typo_line_height_tablet":0,"ocean_menu_typo_line_height_mobile":0,"ocean_menu_typo_line_height_unit":"","ocean_menu_typo_spacing":0,"ocean_menu_typo_spacing_tablet":0,"ocean_menu_typo_spacing_mobile":0,"ocean_menu_typo_spacing_unit":"","ocean_menu_link_color":"","ocean_menu_link_color_hover":"","ocean_menu_link_color_active":"","ocean_menu_link_background":"","ocean_menu_link_hover_background":"","ocean_menu_link_active_background":"","ocean_menu_social_links_bg":"","ocean_menu_social_hover_links_bg":"","ocean_menu_social_links_color":"","ocean_menu_social_hover_links_color":"","ocean_disable_title":"default","ocean_disable_heading":"default","ocean_post_title":"","ocean_post_subheading":"","ocean_post_title_style":"","ocean_post_title_background_color":"","ocean_post_title_background":0,"ocean_post_title_bg_image_position":"","ocean_post_title_bg_image_attachment":"","ocean_post_title_bg_image_repeat":"","ocean_post_title_bg_image_size":"","ocean_post_title_height":0,"ocean_post_title_bg_overlay":0.5,"ocean_post_title_bg_overlay_color":"","ocean_disable_breadcrumbs":"default","ocean_breadcrumbs_color":"","ocean_breadcrumbs_separator_color":"","ocean_breadcrumbs_links_color":"","ocean_breadcrumbs_links_hover_color":"","ocean_display_footer_widgets":"default","ocean_display_footer_bottom":"default","ocean_custom_footer_template":"","osh_disable_topbar_sticky":"default","osh_disable_header_sticky":"default","osh_sticky_header_style":"default","osh_sticky_header_effect":"","osh_custom_sticky_logo":0,"osh_custom_retina_sticky_logo":0,"osh_custom_sticky_logo_height":0,"osh_background_color":"","osh_links_color":"","osh_links_hover_color":"","osh_links_active_color":"","osh_links_bg_color":"","osh_links_hover_bg_color":"","osh_links_active_bg_color":"","osh_menu_social_links_color":"","osh_menu_social_hover_links_color":"","slim_seo":{"title":"Mug tableau p\u00e9riodique - Y\u00e9lo Pom\u00e9lo","description":"Ce mug tableau p\u00e9riodique est notre ode color\u00e9e \u00e0 Mendele\u00efev, qui pr\u00e9tendait avoir imagin\u00e9 l\u2019arrangement complet des \u00e9l\u00e9ments dans un r\u00eave. Un cadeau de chimie"}},"product_brand":[],"product_cat":[266,240,271],"product_tag":[],"class_list":{"0":"post-6185","1":"product","2":"type-product","3":"status-publish","4":"has-post-thumbnail","6":"product_cat-geeks-de-science","7":"product_cat-mugs-a-cafe","8":"product_cat-rentree-scolaire","9":"product_shipping_class-mugs-2","11":"entry","12":"has-media","14":"first","15":"instock","16":"taxable","17":"shipping-taxable","18":"purchasable","19":"product-type-variable","20":"has-rating","21":"col","22":"span_1_of_3","23":"owp-content-center","24":"owp-thumbs-layout-horizontal","25":"owp-btn-big","26":"owp-tabs-layout-vertical"},"_links":{"self":[{"href":"https:\/\/yelopomelo.com\/fr\/wp-json\/wp\/v2\/product\/6185","targetHints":{"allow":["GET"]}}],"collection":[{"href":"https:\/\/yelopomelo.com\/fr\/wp-json\/wp\/v2\/product"}],"about":[{"href":"https:\/\/yelopomelo.com\/fr\/wp-json\/wp\/v2\/types\/product"}],"replies":[{"embeddable":true,"href":"https:\/\/yelopomelo.com\/fr\/wp-json\/wp\/v2\/comments?post=6185"}],"wp:featuredmedia":[{"embeddable":true,"href":"https:\/\/yelopomelo.com\/fr\/wp-json\/wp\/v2\/media\/4365"}],"wp:attachment":[{"href":"https:\/\/yelopomelo.com\/fr\/wp-json\/wp\/v2\/media?parent=6185"}],"wp:term":[{"taxonomy":"product_brand","embeddable":true,"href":"https:\/\/yelopomelo.com\/fr\/wp-json\/wp\/v2\/product_brand?post=6185"},{"taxonomy":"product_cat","embeddable":true,"href":"https:\/\/yelopomelo.com\/fr\/wp-json\/wp\/v2\/product_cat?post=6185"},{"taxonomy":"product_tag","embeddable":true,"href":"https:\/\/yelopomelo.com\/fr\/wp-json\/wp\/v2\/product_tag?post=6185"}],"curies":[{"name":"wp","href":"https:\/\/api.w.org\/{rel}","templated":true}]}}