{"id":6259,"date":"2025-04-20T13:48:49","date_gmt":"2025-04-20T17:48:49","guid":{"rendered":"https:\/\/yp.wippetywu.com\/?post_type=product&#038;p=6259"},"modified":"2025-04-21T17:53:10","modified_gmt":"2025-04-21T21:53:10","slug":"sac-en-toile-dalunissage-astronaute","status":"publish","type":"product","link":"https:\/\/yelopomelo.com\/fr\/boutique\/sac-en-toile-dalunissage-astronaute\/","title":{"rendered":"Sac fourre-tout \u00ab Alunissage Apollo 11 \u00bb"},"content":{"rendered":"<p>Ce sac fourre-tout \u00ab Alunissage Apollo 11 \u00bb est une ode aux amoureux de l\u2019espace! Sur un c\u00f4t\u00e9, on voit une photo d\u2019Edwin (Buzz) Aldrin marchant sur la surface lunaire lors de la mission d\u2019alunissage d\u2019Apollo 11 en 1969. Neil Armstrong, qui a pris la photo, peut \u00eatre vu refl\u00e9t\u00e9 dans la visi\u00e8re du casque d\u2019Aldrin. L\u2019autre c\u00f4t\u00e9 du sac montre un c\u00e9l\u00e8bre commentaire fait par Aldrin juste avant de planter le drapeau am\u00e9ricain sur la lune (traduit): \u00ab Belle vue; magnifique d\u00e9solation \u00bb, pour d\u00e9crire la vue de la terre et de la lune d\u2019o\u00f9 il se tenait.<\/p>\n<p>\u00c0 propos de ce fourre-tout :<br \/>\n\u2022 Tissu<br \/>\n100% polyester fil\u00e9<br \/>\n\u2022 Sac 15 x 15 po (38,1 cm x 38,1 cm)<br \/>\n\u2022 Capacit\u00e9 \u2013 2,6 gallons am\u00e9ricains (10 l)<br \/>\n\u2022 Limite de poids maximale \u2013 44 lb (20 kg)<br \/>\n\u2022 Les deux poign\u00e9es sont faites de denim bull 100 % coton naturel<br \/>\u2022 Poign\u00e9e : longueur 11,8 po (30 cm), largeur 1 po (2,5 cm)<\/p>\n<h4>REMARQUE : Cet article est fabriqu\u00e9 sur commande.<\/h4>\n<p>Nous prenons normalement 2 \u00e0 7 jours ouvrables pour cr\u00e9er nos produits, puis vous devriez <strong>ajouter des d\u00e9lais d\u2019exp\u00e9dition en plus de cela<\/strong>. Veuillez consulter <a href=\"https:\/\/yelopomelo.com\/fr\/foire-aux-questions\/\">la page FAQ<\/a> pour conna\u00eetre les estimations d\u2019ex\u00e9cution actuelles.<\/p>\n","protected":false},"excerpt":{"rendered":"<p>Ce sac fourre-tout \u00ab Alunissage Apollo 11 \u00bb est une ode aux amoureux de l\u2019espace! Sur un c\u00f4t\u00e9, on voit une photo d\u2019Edwin (Buzz) Aldrin marchant sur la surface lunaire lors de la mission d\u2019alunissage d\u2019Apollo 11 en 1969. Neil Armstrong, qui a pris la photo, peut \u00eatre vu refl\u00e9t\u00e9 dans la visi\u00e8re du casque [&hellip;]<\/p>\n","protected":false},"featured_media":2247,"comment_status":"open","ping_status":"closed","template":"","meta":{"ocean_post_layout":"","ocean_both_sidebars_style":"","ocean_both_sidebars_content_width":0,"ocean_both_sidebars_sidebars_width":0,"ocean_sidebar":"","ocean_second_sidebar":"","ocean_disable_margins":"enable","ocean_add_body_class":"","ocean_shortcode_before_top_bar":"","ocean_shortcode_after_top_bar":"","ocean_shortcode_before_header":"","ocean_shortcode_after_header":"","ocean_has_shortcode":"","ocean_shortcode_after_title":"","ocean_shortcode_before_footer_widgets":"","ocean_shortcode_after_footer_widgets":"","ocean_shortcode_before_footer_bottom":"","ocean_shortcode_after_footer_bottom":"","ocean_display_top_bar":"default","ocean_display_header":"default","ocean_header_style":"","ocean_center_header_left_menu":"","ocean_custom_header_template":"","ocean_custom_logo":0,"ocean_custom_retina_logo":0,"ocean_custom_logo_max_width":0,"ocean_custom_logo_tablet_max_width":0,"ocean_custom_logo_mobile_max_width":0,"ocean_custom_logo_max_height":0,"ocean_custom_logo_tablet_max_height":0,"ocean_custom_logo_mobile_max_height":0,"ocean_header_custom_menu":"","ocean_menu_typo_font_family":"","ocean_menu_typo_font_subset":"","ocean_menu_typo_font_size":0,"ocean_menu_typo_font_size_tablet":0,"ocean_menu_typo_font_size_mobile":0,"ocean_menu_typo_font_size_unit":"px","ocean_menu_typo_font_weight":"","ocean_menu_typo_font_weight_tablet":"","ocean_menu_typo_font_weight_mobile":"","ocean_menu_typo_transform":"","ocean_menu_typo_transform_tablet":"","ocean_menu_typo_transform_mobile":"","ocean_menu_typo_line_height":0,"ocean_menu_typo_line_height_tablet":0,"ocean_menu_typo_line_height_mobile":0,"ocean_menu_typo_line_height_unit":"","ocean_menu_typo_spacing":0,"ocean_menu_typo_spacing_tablet":0,"ocean_menu_typo_spacing_mobile":0,"ocean_menu_typo_spacing_unit":"","ocean_menu_link_color":"","ocean_menu_link_color_hover":"","ocean_menu_link_color_active":"","ocean_menu_link_background":"","ocean_menu_link_hover_background":"","ocean_menu_link_active_background":"","ocean_menu_social_links_bg":"","ocean_menu_social_hover_links_bg":"","ocean_menu_social_links_color":"","ocean_menu_social_hover_links_color":"","ocean_disable_title":"default","ocean_disable_heading":"default","ocean_post_title":"","ocean_post_subheading":"","ocean_post_title_style":"","ocean_post_title_background_color":"","ocean_post_title_background":0,"ocean_post_title_bg_image_position":"","ocean_post_title_bg_image_attachment":"","ocean_post_title_bg_image_repeat":"","ocean_post_title_bg_image_size":"","ocean_post_title_height":0,"ocean_post_title_bg_overlay":0.5,"ocean_post_title_bg_overlay_color":"","ocean_disable_breadcrumbs":"default","ocean_breadcrumbs_color":"","ocean_breadcrumbs_separator_color":"","ocean_breadcrumbs_links_color":"","ocean_breadcrumbs_links_hover_color":"","ocean_display_footer_widgets":"default","ocean_display_footer_bottom":"default","ocean_custom_footer_template":"","osh_disable_topbar_sticky":"default","osh_disable_header_sticky":"default","osh_sticky_header_style":"default","osh_sticky_header_effect":"","osh_custom_sticky_logo":0,"osh_custom_retina_sticky_logo":0,"osh_custom_sticky_logo_height":0,"osh_background_color":"","osh_links_color":"","osh_links_hover_color":"","osh_links_active_color":"","osh_links_bg_color":"","osh_links_hover_bg_color":"","osh_links_active_bg_color":"","osh_menu_social_links_color":"","osh_menu_social_hover_links_color":"","slim_seo":{"title":"Sac fourre-tout \u00ab Alunissage Apollo 11 \u00bb - Y\u00e9lo Pom\u00e9lo","description":"Ce sac fourre-tout \u00ab Alunissage Apollo 11 \u00bb est une ode aux amoureux de l\u2019espace! Sur un c\u00f4t\u00e9, on voit une photo d\u2019Edwin (Buzz) Aldrin marchant sur la surface l"}},"product_brand":[],"product_cat":[255,307,266,257],"product_tag":[396],"class_list":{"0":"post-6259","1":"product","2":"type-product","3":"status-publish","4":"has-post-thumbnail","6":"product_cat-accessoires","7":"product_cat-espace","8":"product_cat-geeks-de-science","9":"product_cat-sacs-a-dos-et-boites-a-lunch","10":"product_tag-apollo-11-2","11":"product_shipping_class-pf-pm-apparel-2","13":"entry","14":"has-media","16":"first","17":"instock","18":"taxable","19":"shipping-taxable","20":"purchasable","21":"product-type-simple","22":"has-rating","23":"col","24":"span_1_of_3","25":"owp-content-center","26":"owp-thumbs-layout-horizontal","27":"owp-btn-big","28":"owp-tabs-layout-vertical"},"_links":{"self":[{"href":"https:\/\/yelopomelo.com\/fr\/wp-json\/wp\/v2\/product\/6259","targetHints":{"allow":["GET"]}}],"collection":[{"href":"https:\/\/yelopomelo.com\/fr\/wp-json\/wp\/v2\/product"}],"about":[{"href":"https:\/\/yelopomelo.com\/fr\/wp-json\/wp\/v2\/types\/product"}],"replies":[{"embeddable":true,"href":"https:\/\/yelopomelo.com\/fr\/wp-json\/wp\/v2\/comments?post=6259"}],"wp:featuredmedia":[{"embeddable":true,"href":"https:\/\/yelopomelo.com\/fr\/wp-json\/wp\/v2\/media\/2247"}],"wp:attachment":[{"href":"https:\/\/yelopomelo.com\/fr\/wp-json\/wp\/v2\/media?parent=6259"}],"wp:term":[{"taxonomy":"product_brand","embeddable":true,"href":"https:\/\/yelopomelo.com\/fr\/wp-json\/wp\/v2\/product_brand?post=6259"},{"taxonomy":"product_cat","embeddable":true,"href":"https:\/\/yelopomelo.com\/fr\/wp-json\/wp\/v2\/product_cat?post=6259"},{"taxonomy":"product_tag","embeddable":true,"href":"https:\/\/yelopomelo.com\/fr\/wp-json\/wp\/v2\/product_tag?post=6259"}],"curies":[{"name":"wp","href":"https:\/\/api.w.org\/{rel}","templated":true}]}}