{"id":6267,"date":"2025-04-20T14:14:06","date_gmt":"2025-04-20T18:14:06","guid":{"rendered":"https:\/\/yp.wippetywu.com\/?post_type=product&#038;p=6267"},"modified":"2025-04-20T14:36:37","modified_gmt":"2025-04-20T18:36:37","slug":"autocollant-poing-de-lukraine","status":"publish","type":"product","link":"https:\/\/yelopomelo.com\/fr\/boutique\/autocollant-poing-de-lukraine\/","title":{"rendered":"Autocollant poing de l&rsquo;Ukraine"},"content":{"rendered":"<p>Un poing aux couleurs glorieuses du drapeau ukrainien. Slava Ukraini !<\/p>\n<p><em>Les tailles indiquent la hauteur approximative de l&rsquo;autocollant.<\/em><\/p>\n<p>Ces autocollants sont imprim\u00e9s sur du vinyle adh\u00e9sif durable et tr\u00e8s opaque, ce qui les rend parfaits pour une utilisation r\u00e9guli\u00e8re, ainsi que pour recouvrir d&rsquo;autres autocollants ou de la peinture. Le vinyle de haute qualit\u00e9 garantit qu&rsquo;il n&rsquo;y a pas de bulles lors de l&rsquo;application, et les autocollants peuvent \u00eatre utilis\u00e9s \u00e0 l&rsquo;int\u00e9rieur comme \u00e0 l&rsquo;ext\u00e9rieur.<\/p>\n<h3>A propos de ce sticker poing de l&rsquo;Ukraine<\/h3>\n<p>\u2013 Film \u00e0 haute opacit\u00e9, impossible \u00e0 voir \u00e0 travers.<br \/>\n\u2013 Application rapide et facile sans bulles<br \/>\n\u2013 Vinyle durable, parfait pour l&rsquo;usage \u00e0 l&rsquo;int\u00e9rieur et \u00e0 l&rsquo;ext\u00e9rieur.<br \/>\n\u2013 Densit\u00e9 de 95\u00b5<br \/>\n\u2013 Les tailles sont approximatives et indiquent la largeur de la page sur laquelle le dessin est imprim\u00e9 !<\/p>\n<p>N&rsquo;oubliez pas de nettoyer la surface avant d&rsquo;appliquer l&rsquo;autocollant.<\/p>\n<h4>NOTE : Cet article est imprim\u00e9 sur demande.<\/h4>\n<p>Il nous faut normalement 2 \u00e0 7 jours ouvrables pour fabriquer nos produits, auxquels il faut <strong>ajouter les d\u00e9lais d&rsquo;exp\u00e9dition<\/strong>. Veuillez consulter la <a href=\"https:\/\/yelopomelo.com\/fr\/foire-aux-questions\/\">page FAQ<\/a> pour conna\u00eetre les estimations actuelles en mati\u00e8re d&rsquo;ex\u00e9cution.<\/p>\n","protected":false},"excerpt":{"rendered":"<p>Un poing aux couleurs glorieuses du drapeau ukrainien. Slava Ukraini ! Les tailles indiquent la hauteur approximative de l&rsquo;autocollant. Ces autocollants sont imprim\u00e9s sur du vinyle adh\u00e9sif durable et tr\u00e8s opaque, ce qui les rend parfaits pour une utilisation r\u00e9guli\u00e8re, ainsi que pour recouvrir d&rsquo;autres autocollants ou de la peinture. Le vinyle de haute qualit\u00e9 [&hellip;]<\/p>\n","protected":false},"featured_media":6111,"comment_status":"open","ping_status":"closed","template":"","meta":{"ocean_post_layout":"","ocean_both_sidebars_style":"","ocean_both_sidebars_content_width":0,"ocean_both_sidebars_sidebars_width":0,"ocean_sidebar":"","ocean_second_sidebar":"","ocean_disable_margins":"enable","ocean_add_body_class":"","ocean_shortcode_before_top_bar":"","ocean_shortcode_after_top_bar":"","ocean_shortcode_before_header":"","ocean_shortcode_after_header":"","ocean_has_shortcode":"","ocean_shortcode_after_title":"","ocean_shortcode_before_footer_widgets":"","ocean_shortcode_after_footer_widgets":"","ocean_shortcode_before_footer_bottom":"","ocean_shortcode_after_footer_bottom":"","ocean_display_top_bar":"default","ocean_display_header":"default","ocean_header_style":"","ocean_center_header_left_menu":"","ocean_custom_header_template":"","ocean_custom_logo":0,"ocean_custom_retina_logo":0,"ocean_custom_logo_max_width":0,"ocean_custom_logo_tablet_max_width":0,"ocean_custom_logo_mobile_max_width":0,"ocean_custom_logo_max_height":0,"ocean_custom_logo_tablet_max_height":0,"ocean_custom_logo_mobile_max_height":0,"ocean_header_custom_menu":"","ocean_menu_typo_font_family":"","ocean_menu_typo_font_subset":"","ocean_menu_typo_font_size":0,"ocean_menu_typo_font_size_tablet":0,"ocean_menu_typo_font_size_mobile":0,"ocean_menu_typo_font_size_unit":"px","ocean_menu_typo_font_weight":"","ocean_menu_typo_font_weight_tablet":"","ocean_menu_typo_font_weight_mobile":"","ocean_menu_typo_transform":"","ocean_menu_typo_transform_tablet":"","ocean_menu_typo_transform_mobile":"","ocean_menu_typo_line_height":0,"ocean_menu_typo_line_height_tablet":0,"ocean_menu_typo_line_height_mobile":0,"ocean_menu_typo_line_height_unit":"","ocean_menu_typo_spacing":0,"ocean_menu_typo_spacing_tablet":0,"ocean_menu_typo_spacing_mobile":0,"ocean_menu_typo_spacing_unit":"","ocean_menu_link_color":"","ocean_menu_link_color_hover":"","ocean_menu_link_color_active":"","ocean_menu_link_background":"","ocean_menu_link_hover_background":"","ocean_menu_link_active_background":"","ocean_menu_social_links_bg":"","ocean_menu_social_hover_links_bg":"","ocean_menu_social_links_color":"","ocean_menu_social_hover_links_color":"","ocean_disable_title":"default","ocean_disable_heading":"default","ocean_post_title":"","ocean_post_subheading":"","ocean_post_title_style":"","ocean_post_title_background_color":"","ocean_post_title_background":0,"ocean_post_title_bg_image_position":"","ocean_post_title_bg_image_attachment":"","ocean_post_title_bg_image_repeat":"","ocean_post_title_bg_image_size":"","ocean_post_title_height":0,"ocean_post_title_bg_overlay":0.5,"ocean_post_title_bg_overlay_color":"","ocean_disable_breadcrumbs":"default","ocean_breadcrumbs_color":"","ocean_breadcrumbs_separator_color":"","ocean_breadcrumbs_links_color":"","ocean_breadcrumbs_links_hover_color":"","ocean_display_footer_widgets":"default","ocean_display_footer_bottom":"default","ocean_custom_footer_template":"","osh_disable_topbar_sticky":"default","osh_disable_header_sticky":"default","osh_sticky_header_style":"default","osh_sticky_header_effect":"","osh_custom_sticky_logo":0,"osh_custom_retina_sticky_logo":0,"osh_custom_sticky_logo_height":0,"osh_background_color":"","osh_links_color":"","osh_links_hover_color":"","osh_links_active_color":"","osh_links_bg_color":"","osh_links_hover_bg_color":"","osh_links_active_bg_color":"","osh_menu_social_links_color":"","osh_menu_social_hover_links_color":"","slim_seo":{"title":"Autocollant poing de l'Ukraine - Y\u00e9lo Pom\u00e9lo","description":"Un poing aux couleurs glorieuses du drapeau ukrainien. Slava Ukraini ! Les tailles indiquent la hauteur approximative de l'autocollant. Ces autocollants sont im"}},"product_brand":[],"product_cat":[258,239],"product_tag":[355],"class_list":{"0":"post-6267","1":"product","2":"type-product","3":"status-publish","4":"has-post-thumbnail","6":"product_cat-autocollants","7":"product_cat-manifestation","8":"product_tag-ukraine-2","9":"product_shipping_class-stickers-3","11":"entry","12":"has-media","14":"first","15":"instock","16":"taxable","17":"shipping-taxable","18":"purchasable","19":"product-type-variable","20":"col","21":"span_1_of_3","22":"owp-content-center","23":"owp-thumbs-layout-horizontal","24":"owp-btn-big","25":"owp-tabs-layout-vertical"},"_links":{"self":[{"href":"https:\/\/yelopomelo.com\/fr\/wp-json\/wp\/v2\/product\/6267","targetHints":{"allow":["GET"]}}],"collection":[{"href":"https:\/\/yelopomelo.com\/fr\/wp-json\/wp\/v2\/product"}],"about":[{"href":"https:\/\/yelopomelo.com\/fr\/wp-json\/wp\/v2\/types\/product"}],"replies":[{"embeddable":true,"href":"https:\/\/yelopomelo.com\/fr\/wp-json\/wp\/v2\/comments?post=6267"}],"wp:featuredmedia":[{"embeddable":true,"href":"https:\/\/yelopomelo.com\/fr\/wp-json\/wp\/v2\/media\/6111"}],"wp:attachment":[{"href":"https:\/\/yelopomelo.com\/fr\/wp-json\/wp\/v2\/media?parent=6267"}],"wp:term":[{"taxonomy":"product_brand","embeddable":true,"href":"https:\/\/yelopomelo.com\/fr\/wp-json\/wp\/v2\/product_brand?post=6267"},{"taxonomy":"product_cat","embeddable":true,"href":"https:\/\/yelopomelo.com\/fr\/wp-json\/wp\/v2\/product_cat?post=6267"},{"taxonomy":"product_tag","embeddable":true,"href":"https:\/\/yelopomelo.com\/fr\/wp-json\/wp\/v2\/product_tag?post=6267"}],"curies":[{"name":"wp","href":"https:\/\/api.w.org\/{rel}","templated":true}]}}