{"id":6333,"date":"2025-04-20T14:13:37","date_gmt":"2025-04-20T18:13:37","guid":{"rendered":"https:\/\/yp.wippetywu.com\/?post_type=product&#038;p=6333"},"modified":"2025-04-20T14:36:36","modified_gmt":"2025-04-20T18:36:36","slug":"mug-a-cafe-dr-martin-luther-king-jr","status":"publish","type":"product","link":"https:\/\/yelopomelo.com\/fr\/boutique\/mug-a-cafe-dr-martin-luther-king-jr\/","title":{"rendered":"Mug \u00e0 caf\u00e9 Dr. Martin Luther King Jr."},"content":{"rendered":"<p>Ce mug \u00e0 caf\u00e9 Dr. Martin Luther King Jr. pr\u00e9sente une ic\u00f4ne stylis\u00e9e du leader des droits civiques d&rsquo;un c\u00f4t\u00e9, et une citation de son discours c\u00e9l\u00e8bre \u00ab\u00a0I have a dream\u00a0\u00bb de l&rsquo;autre.<\/p>\n<h3>A propos de ce mug \u00e0 caf\u00e9 Dr. Martin Luther King Jr. : <\/h3>\n<ul>\n<li>Mug en c\u00e9ramique de 11 oz avec le bord, l&rsquo;int\u00e9rieur et la poign\u00e9e color\u00e9s<\/li>\n<li>Lavable au lave-vaisselle et au micro-ondes<\/li>\n<li>Cet article est imprim\u00e9 sur commande !<\/li>\n<\/ul>\n<h4>NOTE : Cet article est imprim\u00e9 sur demande.<\/h4>\n<p>Il nous faut normalement de 2 \u00e0 7 jours ouvrables pour cr\u00e9er nos produits, auxquels il faut <strong>ajouter les d\u00e9lais d&rsquo;exp\u00e9dition<\/strong>. Veuillez consulter la <a href=\"https:\/\/yelopomelo.com\/faq\/\">page FAQ<\/a> pour conna\u00eetre les estimations actuelles en mati\u00e8re d&rsquo;ex\u00e9cution.<\/p>\n","protected":false},"excerpt":{"rendered":"<p>Ce mug \u00e0 caf\u00e9 Dr. Martin Luther King Jr. pr\u00e9sente une ic\u00f4ne stylis\u00e9e du leader des droits civiques d&rsquo;un c\u00f4t\u00e9, et une citation de son discours c\u00e9l\u00e8bre \u00ab\u00a0I have a dream\u00a0\u00bb de l&rsquo;autre. A propos de ce mug \u00e0 caf\u00e9 Dr. Martin Luther King Jr. : Mug en c\u00e9ramique de 11 oz avec le bord, [&hellip;]<\/p>\n","protected":false},"featured_media":6049,"comment_status":"open","ping_status":"closed","template":"","meta":{"ocean_post_layout":"","ocean_both_sidebars_style":"","ocean_both_sidebars_content_width":0,"ocean_both_sidebars_sidebars_width":0,"ocean_sidebar":"","ocean_second_sidebar":"","ocean_disable_margins":"enable","ocean_add_body_class":"","ocean_shortcode_before_top_bar":"","ocean_shortcode_after_top_bar":"","ocean_shortcode_before_header":"","ocean_shortcode_after_header":"","ocean_has_shortcode":"","ocean_shortcode_after_title":"","ocean_shortcode_before_footer_widgets":"","ocean_shortcode_after_footer_widgets":"","ocean_shortcode_before_footer_bottom":"","ocean_shortcode_after_footer_bottom":"","ocean_display_top_bar":"default","ocean_display_header":"default","ocean_header_style":"","ocean_center_header_left_menu":"","ocean_custom_header_template":"","ocean_custom_logo":0,"ocean_custom_retina_logo":0,"ocean_custom_logo_max_width":0,"ocean_custom_logo_tablet_max_width":0,"ocean_custom_logo_mobile_max_width":0,"ocean_custom_logo_max_height":0,"ocean_custom_logo_tablet_max_height":0,"ocean_custom_logo_mobile_max_height":0,"ocean_header_custom_menu":"","ocean_menu_typo_font_family":"","ocean_menu_typo_font_subset":"","ocean_menu_typo_font_size":0,"ocean_menu_typo_font_size_tablet":0,"ocean_menu_typo_font_size_mobile":0,"ocean_menu_typo_font_size_unit":"px","ocean_menu_typo_font_weight":"","ocean_menu_typo_font_weight_tablet":"","ocean_menu_typo_font_weight_mobile":"","ocean_menu_typo_transform":"","ocean_menu_typo_transform_tablet":"","ocean_menu_typo_transform_mobile":"","ocean_menu_typo_line_height":0,"ocean_menu_typo_line_height_tablet":0,"ocean_menu_typo_line_height_mobile":0,"ocean_menu_typo_line_height_unit":"","ocean_menu_typo_spacing":0,"ocean_menu_typo_spacing_tablet":0,"ocean_menu_typo_spacing_mobile":0,"ocean_menu_typo_spacing_unit":"","ocean_menu_link_color":"","ocean_menu_link_color_hover":"","ocean_menu_link_color_active":"","ocean_menu_link_background":"","ocean_menu_link_hover_background":"","ocean_menu_link_active_background":"","ocean_menu_social_links_bg":"","ocean_menu_social_hover_links_bg":"","ocean_menu_social_links_color":"","ocean_menu_social_hover_links_color":"","ocean_disable_title":"default","ocean_disable_heading":"default","ocean_post_title":"","ocean_post_subheading":"","ocean_post_title_style":"","ocean_post_title_background_color":"","ocean_post_title_background":0,"ocean_post_title_bg_image_position":"","ocean_post_title_bg_image_attachment":"","ocean_post_title_bg_image_repeat":"","ocean_post_title_bg_image_size":"","ocean_post_title_height":0,"ocean_post_title_bg_overlay":0.5,"ocean_post_title_bg_overlay_color":"","ocean_disable_breadcrumbs":"default","ocean_breadcrumbs_color":"","ocean_breadcrumbs_separator_color":"","ocean_breadcrumbs_links_color":"","ocean_breadcrumbs_links_hover_color":"","ocean_display_footer_widgets":"default","ocean_display_footer_bottom":"default","ocean_custom_footer_template":"","osh_disable_topbar_sticky":"default","osh_disable_header_sticky":"default","osh_sticky_header_style":"default","osh_sticky_header_effect":"","osh_custom_sticky_logo":0,"osh_custom_retina_sticky_logo":0,"osh_custom_sticky_logo_height":0,"osh_background_color":"","osh_links_color":"","osh_links_hover_color":"","osh_links_active_color":"","osh_links_bg_color":"","osh_links_hover_bg_color":"","osh_links_active_bg_color":"","osh_menu_social_links_color":"","osh_menu_social_hover_links_color":"","slim_seo":{"title":"Mug \u00e0 caf\u00e9 Dr. Martin Luther King Jr. - Y\u00e9lo Pom\u00e9lo","description":"Ce mug \u00e0 caf\u00e9 Dr. Martin Luther King Jr. pr\u00e9sente une ic\u00f4ne stylis\u00e9e du leader des droits civiques d'un c\u00f4t\u00e9, et une citation de son discours c\u00e9l\u00e8bre \"I have a"}},"product_brand":[],"product_cat":[52],"product_tag":[],"class_list":{"0":"post-6333","1":"product","2":"type-product","3":"status-publish","4":"has-post-thumbnail","6":"product_cat-art-literature","8":"entry","9":"has-media","11":"first","12":"instock","13":"taxable","14":"shipping-taxable","15":"purchasable","16":"product-type-simple","17":"col","18":"span_1_of_3","19":"owp-content-center","20":"owp-thumbs-layout-horizontal","21":"owp-btn-big","22":"owp-tabs-layout-vertical","23":"has-no-thumbnails"},"_links":{"self":[{"href":"https:\/\/yelopomelo.com\/fr\/wp-json\/wp\/v2\/product\/6333","targetHints":{"allow":["GET"]}}],"collection":[{"href":"https:\/\/yelopomelo.com\/fr\/wp-json\/wp\/v2\/product"}],"about":[{"href":"https:\/\/yelopomelo.com\/fr\/wp-json\/wp\/v2\/types\/product"}],"replies":[{"embeddable":true,"href":"https:\/\/yelopomelo.com\/fr\/wp-json\/wp\/v2\/comments?post=6333"}],"wp:featuredmedia":[{"embeddable":true,"href":"https:\/\/yelopomelo.com\/fr\/wp-json\/wp\/v2\/media\/6049"}],"wp:attachment":[{"href":"https:\/\/yelopomelo.com\/fr\/wp-json\/wp\/v2\/media?parent=6333"}],"wp:term":[{"taxonomy":"product_brand","embeddable":true,"href":"https:\/\/yelopomelo.com\/fr\/wp-json\/wp\/v2\/product_brand?post=6333"},{"taxonomy":"product_cat","embeddable":true,"href":"https:\/\/yelopomelo.com\/fr\/wp-json\/wp\/v2\/product_cat?post=6333"},{"taxonomy":"product_tag","embeddable":true,"href":"https:\/\/yelopomelo.com\/fr\/wp-json\/wp\/v2\/product_tag?post=6333"}],"curies":[{"name":"wp","href":"https:\/\/api.w.org\/{rel}","templated":true}]}}