{"id":6345,"date":"2025-04-20T14:11:14","date_gmt":"2025-04-20T18:11:14","guid":{"rendered":"https:\/\/yp.wippetywu.com\/?post_type=product&#038;p=6345"},"modified":"2025-04-20T16:37:59","modified_gmt":"2025-04-20T20:37:59","slug":"serviette-de-plage-tableau-periodique-des-elements","status":"publish","type":"product","link":"https:\/\/yelopomelo.com\/fr\/boutique\/serviette-de-plage-tableau-periodique-des-elements\/","title":{"rendered":"Serviette de plage \u00ab\u00a0Tableau p\u00e9riodique des \u00e9l\u00e9ments\u00a0\u00bb"},"content":{"rendered":"<p>Qui a dit que la science devait \u00eatre ennuyeuse ? Faites l&rsquo;envie de tous les amateurs de plage avec cette magnifique serviette de plage du tableau p\u00e9riodique des \u00e9l\u00e9ments ! Un cadeau de chimie \u00e9l\u00e9gant pour les scientifiques, les chercheurs, les \u00e9tudiants et autres d\u00e9fenseurs de la science.<\/p>\n<p>Pour chaque \u00e9l\u00e9ment, nous indiquons son num\u00e9ro atomique, son symbole chimique et son poids atomique (ou son num\u00e9ro de masse lorsqu&rsquo;il n&rsquo;est pas disponible). Les poids atomiques proviennent de l&rsquo;Union internationale de chimie pure et appliqu\u00e9e (UICPA), en date de f\u00e9vrier 2020.<\/p>\n<h3>A propos de cette serviette de plage Tableau p\u00e9riodique des \u00e9l\u00e9ments<\/h3>\n<p>\u2013 Taille : 30&Prime; x 60&Prime;<br \/>\n\u2013 Imprim\u00e9 sur une seule face ; la face non imprim\u00e9e est en tissu \u00e9ponge, ce qui rend la serviette plus absorbante.<br \/>\n\u2013 52% coton, 48% polyester<br \/>\n\u2013 Poids du tissu : 10,6 oz\/y\u00b2 (360 g\/m\u00b2)<\/p>\n<h4>REMARQUE : Cet article est fabriqu\u00e9 sur commande.<\/h4>\n<p>Il nous faut normalement 2 \u00e0 7 jours ouvrables pour fabriquer nos produits, auxquels il faut ajouter les d\u00e9lais d&rsquo;exp\u00e9dition. Veuillez consulter la <a href=\"https:\/\/yelopomelo.com\/fr\/foire-aux-questions\/\">page FAQ<\/a> pour conna\u00eetre les estimations actuelles en mati\u00e8re d&rsquo;ex\u00e9cution.<\/p>\n","protected":false},"excerpt":{"rendered":"<p>Qui a dit que la science devait \u00eatre ennuyeuse ? Faites l&rsquo;envie de tous les amateurs de plage avec cette magnifique serviette de plage du tableau p\u00e9riodique des \u00e9l\u00e9ments ! Un cadeau de chimie \u00e9l\u00e9gant pour les scientifiques, les chercheurs, les \u00e9tudiants et autres d\u00e9fenseurs de la science. Pour chaque \u00e9l\u00e9ment, nous indiquons son num\u00e9ro [&hellip;]<\/p>\n","protected":false},"featured_media":5725,"comment_status":"open","ping_status":"closed","template":"","meta":{"ocean_post_layout":"","ocean_both_sidebars_style":"","ocean_both_sidebars_content_width":0,"ocean_both_sidebars_sidebars_width":0,"ocean_sidebar":"","ocean_second_sidebar":"","ocean_disable_margins":"enable","ocean_add_body_class":"","ocean_shortcode_before_top_bar":"","ocean_shortcode_after_top_bar":"","ocean_shortcode_before_header":"","ocean_shortcode_after_header":"","ocean_has_shortcode":"","ocean_shortcode_after_title":"","ocean_shortcode_before_footer_widgets":"","ocean_shortcode_after_footer_widgets":"","ocean_shortcode_before_footer_bottom":"","ocean_shortcode_after_footer_bottom":"","ocean_display_top_bar":"default","ocean_display_header":"default","ocean_header_style":"","ocean_center_header_left_menu":"","ocean_custom_header_template":"","ocean_custom_logo":0,"ocean_custom_retina_logo":0,"ocean_custom_logo_max_width":0,"ocean_custom_logo_tablet_max_width":0,"ocean_custom_logo_mobile_max_width":0,"ocean_custom_logo_max_height":0,"ocean_custom_logo_tablet_max_height":0,"ocean_custom_logo_mobile_max_height":0,"ocean_header_custom_menu":"","ocean_menu_typo_font_family":"","ocean_menu_typo_font_subset":"","ocean_menu_typo_font_size":0,"ocean_menu_typo_font_size_tablet":0,"ocean_menu_typo_font_size_mobile":0,"ocean_menu_typo_font_size_unit":"px","ocean_menu_typo_font_weight":"","ocean_menu_typo_font_weight_tablet":"","ocean_menu_typo_font_weight_mobile":"","ocean_menu_typo_transform":"","ocean_menu_typo_transform_tablet":"","ocean_menu_typo_transform_mobile":"","ocean_menu_typo_line_height":0,"ocean_menu_typo_line_height_tablet":0,"ocean_menu_typo_line_height_mobile":0,"ocean_menu_typo_line_height_unit":"","ocean_menu_typo_spacing":0,"ocean_menu_typo_spacing_tablet":0,"ocean_menu_typo_spacing_mobile":0,"ocean_menu_typo_spacing_unit":"","ocean_menu_link_color":"","ocean_menu_link_color_hover":"","ocean_menu_link_color_active":"","ocean_menu_link_background":"","ocean_menu_link_hover_background":"","ocean_menu_link_active_background":"","ocean_menu_social_links_bg":"","ocean_menu_social_hover_links_bg":"","ocean_menu_social_links_color":"","ocean_menu_social_hover_links_color":"","ocean_disable_title":"default","ocean_disable_heading":"default","ocean_post_title":"","ocean_post_subheading":"","ocean_post_title_style":"","ocean_post_title_background_color":"","ocean_post_title_background":0,"ocean_post_title_bg_image_position":"","ocean_post_title_bg_image_attachment":"","ocean_post_title_bg_image_repeat":"","ocean_post_title_bg_image_size":"","ocean_post_title_height":0,"ocean_post_title_bg_overlay":0.5,"ocean_post_title_bg_overlay_color":"","ocean_disable_breadcrumbs":"default","ocean_breadcrumbs_color":"","ocean_breadcrumbs_separator_color":"","ocean_breadcrumbs_links_color":"","ocean_breadcrumbs_links_hover_color":"","ocean_display_footer_widgets":"default","ocean_display_footer_bottom":"default","ocean_custom_footer_template":"","osh_disable_topbar_sticky":"default","osh_disable_header_sticky":"default","osh_sticky_header_style":"default","osh_sticky_header_effect":"","osh_custom_sticky_logo":0,"osh_custom_retina_sticky_logo":0,"osh_custom_sticky_logo_height":0,"osh_background_color":"","osh_links_color":"","osh_links_hover_color":"","osh_links_active_color":"","osh_links_bg_color":"","osh_links_hover_bg_color":"","osh_links_active_bg_color":"","osh_menu_social_links_color":"","osh_menu_social_hover_links_color":"","slim_seo":{"title":"Serviette de plage \"Tableau p\u00e9riodique des \u00e9l\u00e9ments\" - Y\u00e9lo Pom\u00e9lo","description":"Qui a dit que la science devait \u00eatre ennuyeuse ? Faites l'envie de tous les amateurs de plage avec cette magnifique serviette de plage du tableau p\u00e9riodique des"}},"product_brand":[],"product_cat":[266,306],"product_tag":[],"class_list":{"0":"post-6345","1":"product","2":"type-product","3":"status-publish","4":"has-post-thumbnail","6":"product_cat-geeks-de-science","7":"product_cat-serviettes-de-plage","8":"product_shipping_class-towels-2","10":"entry","11":"has-media","13":"first","14":"instock","15":"taxable","16":"shipping-taxable","17":"purchasable","18":"product-type-variable","19":"has-rating","20":"col","21":"span_1_of_3","22":"owp-content-center","23":"owp-thumbs-layout-horizontal","24":"owp-btn-big","25":"owp-tabs-layout-vertical"},"_links":{"self":[{"href":"https:\/\/yelopomelo.com\/fr\/wp-json\/wp\/v2\/product\/6345","targetHints":{"allow":["GET"]}}],"collection":[{"href":"https:\/\/yelopomelo.com\/fr\/wp-json\/wp\/v2\/product"}],"about":[{"href":"https:\/\/yelopomelo.com\/fr\/wp-json\/wp\/v2\/types\/product"}],"replies":[{"embeddable":true,"href":"https:\/\/yelopomelo.com\/fr\/wp-json\/wp\/v2\/comments?post=6345"}],"wp:featuredmedia":[{"embeddable":true,"href":"https:\/\/yelopomelo.com\/fr\/wp-json\/wp\/v2\/media\/5725"}],"wp:attachment":[{"href":"https:\/\/yelopomelo.com\/fr\/wp-json\/wp\/v2\/media?parent=6345"}],"wp:term":[{"taxonomy":"product_brand","embeddable":true,"href":"https:\/\/yelopomelo.com\/fr\/wp-json\/wp\/v2\/product_brand?post=6345"},{"taxonomy":"product_cat","embeddable":true,"href":"https:\/\/yelopomelo.com\/fr\/wp-json\/wp\/v2\/product_cat?post=6345"},{"taxonomy":"product_tag","embeddable":true,"href":"https:\/\/yelopomelo.com\/fr\/wp-json\/wp\/v2\/product_tag?post=6345"}],"curies":[{"name":"wp","href":"https:\/\/api.w.org\/{rel}","templated":true}]}}