{"id":6350,"date":"2025-04-20T13:44:55","date_gmt":"2025-04-20T17:44:55","guid":{"rendered":"https:\/\/yp.wippetywu.com\/?post_type=product&#038;p=6350"},"modified":"2025-10-24T19:12:36","modified_gmt":"2025-10-24T23:12:36","slug":"serviette-dont-panic-style-geometrique","status":"publish","type":"product","link":"https:\/\/yelopomelo.com\/fr\/boutique\/serviette-dont-panic-style-geometrique\/","title":{"rendered":"Serviette \u00ab Don\u2019t Panic \u00bb (Style G\u00e9om\u00e9trique)"},"content":{"rendered":"<p>Inspir\u00e9e du <a href=\"https:\/\/en.wikipedia.org\/wiki\/Phrases_from_The_Hitchhiker%27s_Guide_to_the_Galaxy\" target=\"_blank\" rel=\"noopener noreferrer\">\u00ab Hitchhiker&rsquo;s Guide to the Galaxy \u00bb<\/a>, cette serviette de plage \u00ab Don&rsquo;t Panic \u00bb n&rsquo;est pas seulement la chose la plus utile pour les voyages interstellaires, mais elle vous rappelle amicalement de NE PAS PANIQUEZ.<\/p>\n<p>Ce motif est un style g\u00e9om\u00e9trique des ann\u00e9es 70, mais vous pourriez aussi \u00eatre int\u00e9ress\u00e9 par notre <a href=\"https:\/\/yelopomelo.com\/dont-panic-towel-galactic\/\">serviette de style galactique<\/a>.<\/p>\n<p>Vous aimerez peut-\u00eatre notre <a href=\"https:\/\/yelopomelo.com\/collections\/the-english-lit-major\/so-long-and-thanks-for-all-the-fish-towel\/\">serviette de plage \u00ab So Long and Thanks for all the Fish \u00bb<\/a> ou notre <a href=\"https:\/\/yelopomelo.com\/hitchhikers-guide-dont-panic-tees-onesies\/\">t-shirt \u00ab Don&rsquo;t Panic \u00bb pour enfants<\/a>.<\/p>\n<h3>\u00c0 propos de cette serviette de plage \u00ab DON&rsquo;T PANIC \u00bb<\/h3>\n<p>\u2013 Taille : 30&Prime; x 60&Prime;<br \/>\n\u2013 Imprim\u00e9 sur une seule face ; la face non imprim\u00e9e est en tissu \u00e9ponge, ce qui rend la serviette plus absorbante.<br \/>\n\u2013 52% coton, 48% polyester<br \/>\n\u2013 Poids du tissu : 10,6 oz\/y\u00b2 (360 g\/m\u00b2)<\/p>\n<h4>REMARQUE : Cet article est fabriqu\u00e9 sur commande.<\/h4>\n<p>Il nous faut normalement 2 \u00e0 7 jours ouvrables pour fabriquer nos produits, auxquels il faut ajouter les d\u00e9lais d&rsquo;exp\u00e9dition. Veuillez consulter la <a href=\"https:\/\/yelopomelo.com\/fr\/foire-aux-questions\/\">page FAQ<\/a> pour conna\u00eetre les estimations actuelles en mati\u00e8re d&rsquo;ex\u00e9cution.<\/p>\n","protected":false},"excerpt":{"rendered":"<p>Inspir\u00e9e du \u00ab Hitchhiker&rsquo;s Guide to the Galaxy \u00bb, cette serviette de plage \u00ab Don&rsquo;t Panic \u00bb n&rsquo;est pas seulement la chose la plus utile pour les voyages interstellaires, mais elle vous rappelle amicalement de NE PAS PANIQUEZ. Ce motif est un style g\u00e9om\u00e9trique des ann\u00e9es 70, mais vous pourriez aussi \u00eatre int\u00e9ress\u00e9 par notre [&hellip;]<\/p>\n","protected":false},"featured_media":2632,"comment_status":"open","ping_status":"closed","template":"","meta":{"ocean_post_layout":"","ocean_both_sidebars_style":"","ocean_both_sidebars_content_width":0,"ocean_both_sidebars_sidebars_width":0,"ocean_sidebar":"","ocean_second_sidebar":"","ocean_disable_margins":"enable","ocean_add_body_class":"","ocean_shortcode_before_top_bar":"","ocean_shortcode_after_top_bar":"","ocean_shortcode_before_header":"","ocean_shortcode_after_header":"","ocean_has_shortcode":"","ocean_shortcode_after_title":"","ocean_shortcode_before_footer_widgets":"","ocean_shortcode_after_footer_widgets":"","ocean_shortcode_before_footer_bottom":"","ocean_shortcode_after_footer_bottom":"","ocean_display_top_bar":"default","ocean_display_header":"default","ocean_header_style":"","ocean_center_header_left_menu":"","ocean_custom_header_template":"","ocean_custom_logo":0,"ocean_custom_retina_logo":0,"ocean_custom_logo_max_width":0,"ocean_custom_logo_tablet_max_width":0,"ocean_custom_logo_mobile_max_width":0,"ocean_custom_logo_max_height":0,"ocean_custom_logo_tablet_max_height":0,"ocean_custom_logo_mobile_max_height":0,"ocean_header_custom_menu":"","ocean_menu_typo_font_family":"","ocean_menu_typo_font_subset":"","ocean_menu_typo_font_size":0,"ocean_menu_typo_font_size_tablet":0,"ocean_menu_typo_font_size_mobile":0,"ocean_menu_typo_font_size_unit":"px","ocean_menu_typo_font_weight":"","ocean_menu_typo_font_weight_tablet":"","ocean_menu_typo_font_weight_mobile":"","ocean_menu_typo_transform":"","ocean_menu_typo_transform_tablet":"","ocean_menu_typo_transform_mobile":"","ocean_menu_typo_line_height":0,"ocean_menu_typo_line_height_tablet":0,"ocean_menu_typo_line_height_mobile":0,"ocean_menu_typo_line_height_unit":"","ocean_menu_typo_spacing":0,"ocean_menu_typo_spacing_tablet":0,"ocean_menu_typo_spacing_mobile":0,"ocean_menu_typo_spacing_unit":"","ocean_menu_link_color":"","ocean_menu_link_color_hover":"","ocean_menu_link_color_active":"","ocean_menu_link_background":"","ocean_menu_link_hover_background":"","ocean_menu_link_active_background":"","ocean_menu_social_links_bg":"","ocean_menu_social_hover_links_bg":"","ocean_menu_social_links_color":"","ocean_menu_social_hover_links_color":"","ocean_disable_title":"default","ocean_disable_heading":"default","ocean_post_title":"","ocean_post_subheading":"","ocean_post_title_style":"","ocean_post_title_background_color":"","ocean_post_title_background":0,"ocean_post_title_bg_image_position":"","ocean_post_title_bg_image_attachment":"","ocean_post_title_bg_image_repeat":"","ocean_post_title_bg_image_size":"","ocean_post_title_height":0,"ocean_post_title_bg_overlay":0.5,"ocean_post_title_bg_overlay_color":"","ocean_disable_breadcrumbs":"default","ocean_breadcrumbs_color":"","ocean_breadcrumbs_separator_color":"","ocean_breadcrumbs_links_color":"","ocean_breadcrumbs_links_hover_color":"","ocean_display_footer_widgets":"default","ocean_display_footer_bottom":"default","ocean_custom_footer_template":"","osh_disable_topbar_sticky":"default","osh_disable_header_sticky":"default","osh_sticky_header_style":"default","osh_sticky_header_effect":"","osh_custom_sticky_logo":0,"osh_custom_retina_sticky_logo":0,"osh_custom_sticky_logo_height":0,"osh_background_color":"","osh_links_color":"","osh_links_hover_color":"","osh_links_active_color":"","osh_links_bg_color":"","osh_links_hover_bg_color":"","osh_links_active_bg_color":"","osh_menu_social_links_color":"","osh_menu_social_hover_links_color":"","slim_seo":{"title":"Serviette \u00ab Don\u2019t Panic \u00bb (Style G\u00e9om\u00e9trique) - Y\u00e9lo Pom\u00e9lo","description":"Inspir\u00e9e du \u00ab Hitchhiker's Guide to the Galaxy \u00bb , cette serviette de plage \u00ab Don't Panic \u00bb n'est pas seulement la chose la plus utile pour les voyages interste"}},"product_brand":[],"product_cat":[253,306],"product_tag":[274],"class_list":{"0":"post-6350","1":"product","2":"type-product","3":"status-publish","4":"has-post-thumbnail","6":"product_cat-art-et-litterature","7":"product_cat-serviettes-de-plage","8":"product_tag-le-guide-du-voyageur-galactique","9":"product_shipping_class-towels-2","11":"entry","12":"has-media","14":"first","15":"instock","16":"taxable","17":"shipping-taxable","18":"purchasable","19":"product-type-variable","20":"has-rating","21":"col","22":"span_1_of_3","23":"owp-content-center","24":"owp-thumbs-layout-horizontal","25":"owp-btn-big","26":"owp-tabs-layout-vertical"},"_links":{"self":[{"href":"https:\/\/yelopomelo.com\/fr\/wp-json\/wp\/v2\/product\/6350","targetHints":{"allow":["GET"]}}],"collection":[{"href":"https:\/\/yelopomelo.com\/fr\/wp-json\/wp\/v2\/product"}],"about":[{"href":"https:\/\/yelopomelo.com\/fr\/wp-json\/wp\/v2\/types\/product"}],"replies":[{"embeddable":true,"href":"https:\/\/yelopomelo.com\/fr\/wp-json\/wp\/v2\/comments?post=6350"}],"wp:featuredmedia":[{"embeddable":true,"href":"https:\/\/yelopomelo.com\/fr\/wp-json\/wp\/v2\/media\/2632"}],"wp:attachment":[{"href":"https:\/\/yelopomelo.com\/fr\/wp-json\/wp\/v2\/media?parent=6350"}],"wp:term":[{"taxonomy":"product_brand","embeddable":true,"href":"https:\/\/yelopomelo.com\/fr\/wp-json\/wp\/v2\/product_brand?post=6350"},{"taxonomy":"product_cat","embeddable":true,"href":"https:\/\/yelopomelo.com\/fr\/wp-json\/wp\/v2\/product_cat?post=6350"},{"taxonomy":"product_tag","embeddable":true,"href":"https:\/\/yelopomelo.com\/fr\/wp-json\/wp\/v2\/product_tag?post=6350"}],"curies":[{"name":"wp","href":"https:\/\/api.w.org\/{rel}","templated":true}]}}