{"id":6354,"date":"2025-04-20T13:44:55","date_gmt":"2025-04-20T17:44:55","guid":{"rendered":"https:\/\/yp.wippetywu.com\/?post_type=product&#038;p=6354"},"modified":"2025-04-20T16:37:52","modified_gmt":"2025-04-20T20:37:52","slug":"cahier-de-poesie-vogon-vierge","status":"publish","type":"product","link":"https:\/\/yelopomelo.com\/fr\/boutique\/cahier-de-poesie-vogon-vierge\/","title":{"rendered":"Cahier de po\u00e9sie Vogon (vierge)"},"content":{"rendered":"<p>Ce carnet de po\u00e9sie Vogon constitue un cadeau hilarant pour les fans du Guide de routard galactique ! Pour cette personne sp\u00e9ciale qui m\u00e9rite vraiment la troisi\u00e8me plus mauvaise po\u00e9sie de l&rsquo;univers&#8230; Choisissez entre le papier vierge, lign\u00e9, millim\u00e9tr\u00e9 ou bulle.<\/p>\n<p>Avant-propos de Paula Nancy Millstone Jennings, auteur de la pire po\u00e9sie de l&rsquo;univers.<\/p>\n<p>Critique d&rsquo;Oolon Colluphid, auteur de la \u00ab\u00a0trilogie des blockbusters philosophiques\u00a0\u00bb intitul\u00e9e <em>O\u00f9 Dieu s&rsquo;est tromp\u00e9<\/em>, <em>Encore quelques-unes des plus grandes erreurs de Dieu<\/em> et <em>Qui est cette personne de Dieu d&rsquo;ailleurs ?<\/em> <strong>\u00ab\u00a0Horrible&#8230; just horrible !\u00a0\u00bb<\/strong><\/p>\n<p>Critique de Hurling Frootmig, fondateur du Guide du routard de la galaxie : <strong>\u00ab\u00a0Mes oreilles se sont mises \u00e0 saigner imm\u00e9diatement.\u00a0\u00bb<\/strong><\/p>\n<p>CECI N&rsquo;EST PAS DE LA MERCHANDISE OFFICIELLE DU GUIDE DE ROUTARD GALACTIQUE ! Con\u00e7u simplement par un fan \ud83d\ude42<\/p>\n<h3>\u00c0 propos de ce cahier de po\u00e9sie Vogon :<\/h3>\n<ul>\n<li>Rev\u00eatement stratifi\u00e9 ultra mat en velours r\u00e9sistant aux \u00e9raflures<\/li>\n<li>48 pages de papier blanc cr\u00e8me sans acide de 70 livres.<\/li>\n<li>Deux tailles au choix :\n<ul>\n<li>Petit : 5&Prime; x 8.25&Prime;<\/li>\n<li>Grand : 7.25&Prime; x 10&Prime;<\/li>\n<\/ul>\n<\/li>\n<li>Choisissez parmi les pages vierges, lign\u00e9es, graphiques ou \u00e0 puces.<\/li>\n<\/ul>\n<h4>REMARQUE : CET ARTICLE EST FABRIQUE SUR COMMANDE.<\/h4>\n<p>Il nous faut normalement 2 \u00e0 7 jours ouvrables pour fabriquer nos produits, auxquels il faut <strong>ajouter les d\u00e9lais d&rsquo;exp\u00e9dition<\/strong>. Veuillez consulter la <a href=\"https:\/\/yelopomelo.com\/fr\/foire-aux-questions\/\">page FAQ<\/a> pour conna\u00eetre les estimations actuelles en mati\u00e8re d&rsquo;ex\u00e9cution.<\/p>\n","protected":false},"excerpt":{"rendered":"<p>Ce carnet de po\u00e9sie Vogon constitue un cadeau hilarant pour les fans du Guide de routard galactique ! Pour cette personne sp\u00e9ciale qui m\u00e9rite vraiment la troisi\u00e8me plus mauvaise po\u00e9sie de l&rsquo;univers&#8230; Choisissez entre le papier vierge, lign\u00e9, millim\u00e9tr\u00e9 ou bulle. Avant-propos de Paula Nancy Millstone Jennings, auteur de la pire po\u00e9sie de l&rsquo;univers. Critique [&hellip;]<\/p>\n","protected":false},"featured_media":5470,"comment_status":"open","ping_status":"closed","template":"","meta":{"ocean_post_layout":"","ocean_both_sidebars_style":"","ocean_both_sidebars_content_width":0,"ocean_both_sidebars_sidebars_width":0,"ocean_sidebar":"","ocean_second_sidebar":"","ocean_disable_margins":"enable","ocean_add_body_class":"","ocean_shortcode_before_top_bar":"","ocean_shortcode_after_top_bar":"","ocean_shortcode_before_header":"","ocean_shortcode_after_header":"","ocean_has_shortcode":"","ocean_shortcode_after_title":"","ocean_shortcode_before_footer_widgets":"","ocean_shortcode_after_footer_widgets":"","ocean_shortcode_before_footer_bottom":"","ocean_shortcode_after_footer_bottom":"","ocean_display_top_bar":"default","ocean_display_header":"default","ocean_header_style":"","ocean_center_header_left_menu":"","ocean_custom_header_template":"","ocean_custom_logo":0,"ocean_custom_retina_logo":0,"ocean_custom_logo_max_width":0,"ocean_custom_logo_tablet_max_width":0,"ocean_custom_logo_mobile_max_width":0,"ocean_custom_logo_max_height":0,"ocean_custom_logo_tablet_max_height":0,"ocean_custom_logo_mobile_max_height":0,"ocean_header_custom_menu":"","ocean_menu_typo_font_family":"","ocean_menu_typo_font_subset":"","ocean_menu_typo_font_size":0,"ocean_menu_typo_font_size_tablet":0,"ocean_menu_typo_font_size_mobile":0,"ocean_menu_typo_font_size_unit":"px","ocean_menu_typo_font_weight":"","ocean_menu_typo_font_weight_tablet":"","ocean_menu_typo_font_weight_mobile":"","ocean_menu_typo_transform":"","ocean_menu_typo_transform_tablet":"","ocean_menu_typo_transform_mobile":"","ocean_menu_typo_line_height":0,"ocean_menu_typo_line_height_tablet":0,"ocean_menu_typo_line_height_mobile":0,"ocean_menu_typo_line_height_unit":"","ocean_menu_typo_spacing":0,"ocean_menu_typo_spacing_tablet":0,"ocean_menu_typo_spacing_mobile":0,"ocean_menu_typo_spacing_unit":"","ocean_menu_link_color":"","ocean_menu_link_color_hover":"","ocean_menu_link_color_active":"","ocean_menu_link_background":"","ocean_menu_link_hover_background":"","ocean_menu_link_active_background":"","ocean_menu_social_links_bg":"","ocean_menu_social_hover_links_bg":"","ocean_menu_social_links_color":"","ocean_menu_social_hover_links_color":"","ocean_disable_title":"default","ocean_disable_heading":"default","ocean_post_title":"","ocean_post_subheading":"","ocean_post_title_style":"","ocean_post_title_background_color":"","ocean_post_title_background":0,"ocean_post_title_bg_image_position":"","ocean_post_title_bg_image_attachment":"","ocean_post_title_bg_image_repeat":"","ocean_post_title_bg_image_size":"","ocean_post_title_height":0,"ocean_post_title_bg_overlay":0.5,"ocean_post_title_bg_overlay_color":"","ocean_disable_breadcrumbs":"default","ocean_breadcrumbs_color":"","ocean_breadcrumbs_separator_color":"","ocean_breadcrumbs_links_color":"","ocean_breadcrumbs_links_hover_color":"","ocean_display_footer_widgets":"default","ocean_display_footer_bottom":"default","ocean_custom_footer_template":"","osh_disable_topbar_sticky":"default","osh_disable_header_sticky":"default","osh_sticky_header_style":"default","osh_sticky_header_effect":"","osh_custom_sticky_logo":0,"osh_custom_retina_sticky_logo":0,"osh_custom_sticky_logo_height":0,"osh_background_color":"","osh_links_color":"","osh_links_hover_color":"","osh_links_active_color":"","osh_links_bg_color":"","osh_links_hover_bg_color":"","osh_links_active_bg_color":"","osh_menu_social_links_color":"","osh_menu_social_hover_links_color":"","slim_seo":{"title":"Cahier de po\u00e9sie Vogon (vierge) - Y\u00e9lo Pom\u00e9lo","description":"Ce carnet de po\u00e9sie Vogon constitue un cadeau hilarant pour les fans du Guide de routard galactique ! Pour cette personne sp\u00e9ciale qui m\u00e9rite vraiment la troisi"}},"product_brand":[],"product_cat":[253],"product_tag":[274],"class_list":{"0":"post-6354","1":"product","2":"type-product","3":"status-publish","4":"has-post-thumbnail","6":"product_cat-art-et-litterature","7":"product_tag-le-guide-du-voyageur-galactique","8":"product_shipping_class-notebooks-2","10":"entry","11":"has-media","13":"first","14":"instock","15":"taxable","16":"shipping-taxable","17":"purchasable","18":"product-type-variable","19":"has-rating","20":"col","21":"span_1_of_3","22":"owp-content-center","23":"owp-thumbs-layout-horizontal","24":"owp-btn-big","25":"owp-tabs-layout-vertical"},"_links":{"self":[{"href":"https:\/\/yelopomelo.com\/fr\/wp-json\/wp\/v2\/product\/6354","targetHints":{"allow":["GET"]}}],"collection":[{"href":"https:\/\/yelopomelo.com\/fr\/wp-json\/wp\/v2\/product"}],"about":[{"href":"https:\/\/yelopomelo.com\/fr\/wp-json\/wp\/v2\/types\/product"}],"replies":[{"embeddable":true,"href":"https:\/\/yelopomelo.com\/fr\/wp-json\/wp\/v2\/comments?post=6354"}],"wp:featuredmedia":[{"embeddable":true,"href":"https:\/\/yelopomelo.com\/fr\/wp-json\/wp\/v2\/media\/5470"}],"wp:attachment":[{"href":"https:\/\/yelopomelo.com\/fr\/wp-json\/wp\/v2\/media?parent=6354"}],"wp:term":[{"taxonomy":"product_brand","embeddable":true,"href":"https:\/\/yelopomelo.com\/fr\/wp-json\/wp\/v2\/product_brand?post=6354"},{"taxonomy":"product_cat","embeddable":true,"href":"https:\/\/yelopomelo.com\/fr\/wp-json\/wp\/v2\/product_cat?post=6354"},{"taxonomy":"product_tag","embeddable":true,"href":"https:\/\/yelopomelo.com\/fr\/wp-json\/wp\/v2\/product_tag?post=6354"}],"curies":[{"name":"wp","href":"https:\/\/api.w.org\/{rel}","templated":true}]}}