{"id":6376,"date":"2025-04-20T13:44:29","date_gmt":"2025-04-20T17:44:29","guid":{"rendered":"https:\/\/yp.wippetywu.com\/?post_type=product&#038;p=6376"},"modified":"2025-04-20T14:35:29","modified_gmt":"2025-04-20T18:35:29","slug":"t-shirt-mama-ooh-freddie-mercury","status":"publish","type":"product","link":"https:\/\/yelopomelo.com\/fr\/boutique\/t-shirt-mama-ooh-freddie-mercury\/","title":{"rendered":"T-shirt Mama Ooh Freddie Mercury"},"content":{"rendered":"<p>Ce t-shirt Freddie Mercury Mama Ooh constitue un ensemble maman et moi avec notre <a href=\"https:\/\/yelopomelo.com\/freddie-mercury-baby-onesie\/\">body pour b\u00e9b\u00e9 Freddie Mercury<\/a> et notre <a href=\"https:\/\/yelopomelo.com\/freddie-mercury-mama-toddler-tee\/\">t-shirt pour enfants Freddie Mercury<\/a>. Un excellent cadeau pour les fans du groupe Queen!<\/p>\n<h3>\u00c0 propos de ce t-shirt Freddie Mercury Mama Ooh :<\/h3>\n<ul>\n<li>Fabriqu\u00e9 sur commande sur un tee-shirt unisexe Bella+Canvas 3001 \u00e0 manches courtes.<\/li>\n<li>La couleur blanche est 100% coton peign\u00e9 et fil\u00e9 \u00e0 l&rsquo;anneau.<\/li>\n<li>La couleur cendre est compos\u00e9e de 99% de coton Airlume peign\u00e9 et fil\u00e9 \u00e0 l&rsquo;anneau et de 1% de poly.<\/li>\n<li>La couleur bleu chin\u00e9 est compos\u00e9 de 52 % de coton peign\u00e9 et fil\u00e9 \u00e0 l&rsquo;anneau et de 48 % de polyester.<\/li>\n<li>Poids du tissu : 4,2 oz (142 g\/m2)<\/li>\n<\/ul>\n<h4>REMARQUE : Cet article est imprim\u00e9 sur commande.<\/h4>\n<p>Il nous faut normalement 2 \u00e0 7 jours ouvrables pour fabriquer nos produits, auxquels il faut <strong>ajouter les d\u00e9lais d&rsquo;exp\u00e9dition<\/strong>. Veuillez consulter la <a href=\"https:\/\/yelopomelo.com\/fr\/foire-aux-questions\/\">page FAQ<\/a> pour conna\u00eetre les estimations actuelles de production.<\/p>\n","protected":false},"excerpt":{"rendered":"<p>Ce t-shirt Freddie Mercury Mama Ooh constitue un ensemble maman et moi avec notre body pour b\u00e9b\u00e9 Freddie Mercury et notre t-shirt pour enfants Freddie Mercury. Un excellent cadeau pour les fans du groupe Queen! \u00c0 propos de ce t-shirt Freddie Mercury Mama Ooh : Fabriqu\u00e9 sur commande sur un tee-shirt unisexe Bella+Canvas 3001 \u00e0 [&hellip;]<\/p>\n","protected":false},"featured_media":1521,"comment_status":"open","ping_status":"closed","template":"","meta":{"ocean_post_layout":"","ocean_both_sidebars_style":"","ocean_both_sidebars_content_width":0,"ocean_both_sidebars_sidebars_width":0,"ocean_sidebar":"","ocean_second_sidebar":"","ocean_disable_margins":"enable","ocean_add_body_class":"","ocean_shortcode_before_top_bar":"","ocean_shortcode_after_top_bar":"","ocean_shortcode_before_header":"","ocean_shortcode_after_header":"","ocean_has_shortcode":"","ocean_shortcode_after_title":"","ocean_shortcode_before_footer_widgets":"","ocean_shortcode_after_footer_widgets":"","ocean_shortcode_before_footer_bottom":"","ocean_shortcode_after_footer_bottom":"","ocean_display_top_bar":"default","ocean_display_header":"default","ocean_header_style":"","ocean_center_header_left_menu":"","ocean_custom_header_template":"","ocean_custom_logo":0,"ocean_custom_retina_logo":0,"ocean_custom_logo_max_width":0,"ocean_custom_logo_tablet_max_width":0,"ocean_custom_logo_mobile_max_width":0,"ocean_custom_logo_max_height":0,"ocean_custom_logo_tablet_max_height":0,"ocean_custom_logo_mobile_max_height":0,"ocean_header_custom_menu":"","ocean_menu_typo_font_family":"","ocean_menu_typo_font_subset":"","ocean_menu_typo_font_size":0,"ocean_menu_typo_font_size_tablet":0,"ocean_menu_typo_font_size_mobile":0,"ocean_menu_typo_font_size_unit":"px","ocean_menu_typo_font_weight":"","ocean_menu_typo_font_weight_tablet":"","ocean_menu_typo_font_weight_mobile":"","ocean_menu_typo_transform":"","ocean_menu_typo_transform_tablet":"","ocean_menu_typo_transform_mobile":"","ocean_menu_typo_line_height":0,"ocean_menu_typo_line_height_tablet":0,"ocean_menu_typo_line_height_mobile":0,"ocean_menu_typo_line_height_unit":"","ocean_menu_typo_spacing":0,"ocean_menu_typo_spacing_tablet":0,"ocean_menu_typo_spacing_mobile":0,"ocean_menu_typo_spacing_unit":"","ocean_menu_link_color":"","ocean_menu_link_color_hover":"","ocean_menu_link_color_active":"","ocean_menu_link_background":"","ocean_menu_link_hover_background":"","ocean_menu_link_active_background":"","ocean_menu_social_links_bg":"","ocean_menu_social_hover_links_bg":"","ocean_menu_social_links_color":"","ocean_menu_social_hover_links_color":"","ocean_disable_title":"default","ocean_disable_heading":"default","ocean_post_title":"","ocean_post_subheading":"","ocean_post_title_style":"","ocean_post_title_background_color":"","ocean_post_title_background":0,"ocean_post_title_bg_image_position":"","ocean_post_title_bg_image_attachment":"","ocean_post_title_bg_image_repeat":"","ocean_post_title_bg_image_size":"","ocean_post_title_height":0,"ocean_post_title_bg_overlay":0.5,"ocean_post_title_bg_overlay_color":"","ocean_disable_breadcrumbs":"default","ocean_breadcrumbs_color":"","ocean_breadcrumbs_separator_color":"","ocean_breadcrumbs_links_color":"","ocean_breadcrumbs_links_hover_color":"","ocean_display_footer_widgets":"default","ocean_display_footer_bottom":"default","ocean_custom_footer_template":"","osh_disable_topbar_sticky":"default","osh_disable_header_sticky":"default","osh_sticky_header_style":"default","osh_sticky_header_effect":"","osh_custom_sticky_logo":0,"osh_custom_retina_sticky_logo":0,"osh_custom_sticky_logo_height":0,"osh_background_color":"","osh_links_color":"","osh_links_hover_color":"","osh_links_active_color":"","osh_links_bg_color":"","osh_links_hover_bg_color":"","osh_links_active_bg_color":"","osh_menu_social_links_color":"","osh_menu_social_hover_links_color":"","slim_seo":{"title":"T-shirt Mama Ooh Freddie Mercury - Y\u00e9lo Pom\u00e9lo","description":"Ce t-shirt Freddie Mercury Mama Ooh constitue un ensemble maman et moi avec notre body pour b\u00e9b\u00e9 Freddie Mercury et notre t-shirt pour enfants Freddie Mercury ."}},"product_brand":[],"product_cat":[44,242,289,278],"product_tag":[406],"class_list":{"0":"post-6376","1":"product","2":"type-product","3":"status-publish","4":"has-post-thumbnail","6":"product_cat-adult","7":"product_cat-chemises","8":"product_cat-ensembles-assortis","9":"product_cat-groupes-rock","10":"product_tag-queen-2","11":"product_shipping_class-pf-pm-apparel-2","13":"entry","14":"has-media","16":"first","17":"instock","18":"featured","19":"taxable","20":"shipping-taxable","21":"purchasable","22":"product-type-variable","23":"col","24":"span_1_of_3","25":"owp-content-center","26":"owp-thumbs-layout-horizontal","27":"owp-btn-big","28":"owp-tabs-layout-vertical"},"_links":{"self":[{"href":"https:\/\/yelopomelo.com\/fr\/wp-json\/wp\/v2\/product\/6376","targetHints":{"allow":["GET"]}}],"collection":[{"href":"https:\/\/yelopomelo.com\/fr\/wp-json\/wp\/v2\/product"}],"about":[{"href":"https:\/\/yelopomelo.com\/fr\/wp-json\/wp\/v2\/types\/product"}],"replies":[{"embeddable":true,"href":"https:\/\/yelopomelo.com\/fr\/wp-json\/wp\/v2\/comments?post=6376"}],"wp:featuredmedia":[{"embeddable":true,"href":"https:\/\/yelopomelo.com\/fr\/wp-json\/wp\/v2\/media\/1521"}],"wp:attachment":[{"href":"https:\/\/yelopomelo.com\/fr\/wp-json\/wp\/v2\/media?parent=6376"}],"wp:term":[{"taxonomy":"product_brand","embeddable":true,"href":"https:\/\/yelopomelo.com\/fr\/wp-json\/wp\/v2\/product_brand?post=6376"},{"taxonomy":"product_cat","embeddable":true,"href":"https:\/\/yelopomelo.com\/fr\/wp-json\/wp\/v2\/product_cat?post=6376"},{"taxonomy":"product_tag","embeddable":true,"href":"https:\/\/yelopomelo.com\/fr\/wp-json\/wp\/v2\/product_tag?post=6376"}],"curies":[{"name":"wp","href":"https:\/\/api.w.org\/{rel}","templated":true}]}}