{"id":6380,"date":"2025-04-20T13:43:53","date_gmt":"2025-04-20T17:43:53","guid":{"rendered":"https:\/\/yp.wippetywu.com\/?post_type=product&#038;p=6380"},"modified":"2025-04-20T16:37:58","modified_gmt":"2025-04-20T20:37:58","slug":"body-bebe-freddie-mercury","status":"publish","type":"product","link":"https:\/\/yelopomelo.com\/fr\/boutique\/body-bebe-freddie-mercury\/","title":{"rendered":"Body b\u00e9b\u00e9 Freddie Mercury"},"content":{"rendered":"<p>Lorsque votre enfant crie MAMA, vous pouvez vous mettre \u00e0 chanter Bohemian Rhapsody&#8230; Ce body pour b\u00e9b\u00e9 Freddie Mercury fait un excellent cadeau pour les b\u00e9b\u00e9s fans de Queen !<\/p>\n<p>Vous cherchez une taille plus grande ? D\u00e9couvrez notre <a href=\"https:\/\/yelopomelo.com\/freddie-mercury-mama-toddler-tee\/\">T-shirt pour enfants Freddie Mercury MAMA<\/a>. Ou faites-en un ensemble assorti avec notre <a href=\"https:\/\/yelopomelo.com\/freddie-mercury-bohemian-rhapsody-tee\/\">t-shirt Freddie Mercury pour adultes<\/a>.<\/p>\n<p><iframe src=\"https:\/\/open.spotify.com\/embed\/track\/4u7EnebtmKWzUH433cf5Qv\" width=\"300\" height=\"380\" frameborder=\"0\"><\/iframe><\/p>\n<h3>\u00c0 propos de ce body pour b\u00e9b\u00e9 Freddie Mercury :<\/h3>\n<ul>\n<li>Imprim\u00e9 sur commande sur un body pour b\u00e9b\u00e9 \u00e0 manches courtes (Bella + Canvas 100B ou Rabbit Skins 4400, selon le stock).<\/li>\n<li>Les couleurs unies sont 100% coton ; les couleurs bruy\u00e8res contiennent du polyester.<\/li>\n<li>Fermeture \u00e0 trois boutons-pression et encolure enveloppe confortable pour un changement facile.<\/li>\n<li>Entretien : Laver \u00e0 la machine \u00e0 froid ; s\u00e9cher \u00e0 la machine \u00e0 basse temp\u00e9rature ; ne pas blanchir.<\/li>\n<\/ul>\n<h4>REMARQUE : Cet article est imprim\u00e9 sur commande.<\/h4>\n<p>Il nous faut normalement 2 \u00e0 7 jours ouvrables pour fabriquer nos produits, auxquels il faut <strong>ajouter les d\u00e9lais d&rsquo;exp\u00e9dition<\/strong>. Veuillez consulter la <a href=\"https:\/\/yelopomelo.com\/fr\/foire-aux-questions\/\">page FAQ<\/a> pour conna\u00eetre les estimations actuelles en mati\u00e8re d&rsquo;ex\u00e9cution.<\/p>\n","protected":false},"excerpt":{"rendered":"<p>Lorsque votre enfant crie MAMA, vous pouvez vous mettre \u00e0 chanter Bohemian Rhapsody&#8230; Ce body pour b\u00e9b\u00e9 Freddie Mercury fait un excellent cadeau pour les b\u00e9b\u00e9s fans de Queen ! Vous cherchez une taille plus grande ? D\u00e9couvrez notre T-shirt pour enfants Freddie Mercury MAMA. Ou faites-en un ensemble assorti avec notre t-shirt Freddie Mercury [&hellip;]<\/p>\n","protected":false},"featured_media":2639,"comment_status":"open","ping_status":"closed","template":"","meta":{"ocean_post_layout":"","ocean_both_sidebars_style":"","ocean_both_sidebars_content_width":0,"ocean_both_sidebars_sidebars_width":0,"ocean_sidebar":"","ocean_second_sidebar":"","ocean_disable_margins":"enable","ocean_add_body_class":"","ocean_shortcode_before_top_bar":"","ocean_shortcode_after_top_bar":"","ocean_shortcode_before_header":"","ocean_shortcode_after_header":"","ocean_has_shortcode":"","ocean_shortcode_after_title":"","ocean_shortcode_before_footer_widgets":"","ocean_shortcode_after_footer_widgets":"","ocean_shortcode_before_footer_bottom":"","ocean_shortcode_after_footer_bottom":"","ocean_display_top_bar":"default","ocean_display_header":"default","ocean_header_style":"","ocean_center_header_left_menu":"","ocean_custom_header_template":"","ocean_custom_logo":0,"ocean_custom_retina_logo":0,"ocean_custom_logo_max_width":0,"ocean_custom_logo_tablet_max_width":0,"ocean_custom_logo_mobile_max_width":0,"ocean_custom_logo_max_height":0,"ocean_custom_logo_tablet_max_height":0,"ocean_custom_logo_mobile_max_height":0,"ocean_header_custom_menu":"","ocean_menu_typo_font_family":"","ocean_menu_typo_font_subset":"","ocean_menu_typo_font_size":0,"ocean_menu_typo_font_size_tablet":0,"ocean_menu_typo_font_size_mobile":0,"ocean_menu_typo_font_size_unit":"px","ocean_menu_typo_font_weight":"","ocean_menu_typo_font_weight_tablet":"","ocean_menu_typo_font_weight_mobile":"","ocean_menu_typo_transform":"","ocean_menu_typo_transform_tablet":"","ocean_menu_typo_transform_mobile":"","ocean_menu_typo_line_height":0,"ocean_menu_typo_line_height_tablet":0,"ocean_menu_typo_line_height_mobile":0,"ocean_menu_typo_line_height_unit":"","ocean_menu_typo_spacing":0,"ocean_menu_typo_spacing_tablet":0,"ocean_menu_typo_spacing_mobile":0,"ocean_menu_typo_spacing_unit":"","ocean_menu_link_color":"","ocean_menu_link_color_hover":"","ocean_menu_link_color_active":"","ocean_menu_link_background":"","ocean_menu_link_hover_background":"","ocean_menu_link_active_background":"","ocean_menu_social_links_bg":"","ocean_menu_social_hover_links_bg":"","ocean_menu_social_links_color":"","ocean_menu_social_hover_links_color":"","ocean_disable_title":"default","ocean_disable_heading":"default","ocean_post_title":"","ocean_post_subheading":"","ocean_post_title_style":"","ocean_post_title_background_color":"","ocean_post_title_background":0,"ocean_post_title_bg_image_position":"","ocean_post_title_bg_image_attachment":"","ocean_post_title_bg_image_repeat":"","ocean_post_title_bg_image_size":"","ocean_post_title_height":0,"ocean_post_title_bg_overlay":0.5,"ocean_post_title_bg_overlay_color":"","ocean_disable_breadcrumbs":"default","ocean_breadcrumbs_color":"","ocean_breadcrumbs_separator_color":"","ocean_breadcrumbs_links_color":"","ocean_breadcrumbs_links_hover_color":"","ocean_display_footer_widgets":"default","ocean_display_footer_bottom":"default","ocean_custom_footer_template":"","osh_disable_topbar_sticky":"default","osh_disable_header_sticky":"default","osh_sticky_header_style":"default","osh_sticky_header_effect":"","osh_custom_sticky_logo":0,"osh_custom_retina_sticky_logo":0,"osh_custom_sticky_logo_height":0,"osh_background_color":"","osh_links_color":"","osh_links_hover_color":"","osh_links_active_color":"","osh_links_bg_color":"","osh_links_hover_bg_color":"","osh_links_active_bg_color":"","osh_menu_social_links_color":"","osh_menu_social_hover_links_color":"","slim_seo":{"title":"Body b\u00e9b\u00e9 Freddie Mercury - Y\u00e9lo Pom\u00e9lo","description":"Lorsque votre enfant crie MAMA, vous pouvez vous mettre \u00e0 chanter Bohemian Rhapsody... Ce body pour b\u00e9b\u00e9 Freddie Mercury fait un excellent cadeau pour les b\u00e9b\u00e9s"}},"product_brand":[],"product_cat":[286,287,288,289,278],"product_tag":[406],"class_list":{"0":"post-6380","1":"product","2":"type-product","3":"status-publish","4":"has-post-thumbnail","6":"product_cat-bebe","7":"product_cat-bebe-rockeur","8":"product_cat-cache-couches","9":"product_cat-ensembles-assortis","10":"product_cat-groupes-rock","11":"product_tag-queen-2","12":"product_shipping_class-pf-pm-apparel-2","14":"entry","15":"has-media","17":"first","18":"instock","19":"featured","20":"taxable","21":"shipping-taxable","22":"purchasable","23":"product-type-variable","24":"has-rating","25":"col","26":"span_1_of_3","27":"owp-content-center","28":"owp-thumbs-layout-horizontal","29":"owp-btn-big","30":"owp-tabs-layout-vertical"},"_links":{"self":[{"href":"https:\/\/yelopomelo.com\/fr\/wp-json\/wp\/v2\/product\/6380","targetHints":{"allow":["GET"]}}],"collection":[{"href":"https:\/\/yelopomelo.com\/fr\/wp-json\/wp\/v2\/product"}],"about":[{"href":"https:\/\/yelopomelo.com\/fr\/wp-json\/wp\/v2\/types\/product"}],"replies":[{"embeddable":true,"href":"https:\/\/yelopomelo.com\/fr\/wp-json\/wp\/v2\/comments?post=6380"}],"wp:featuredmedia":[{"embeddable":true,"href":"https:\/\/yelopomelo.com\/fr\/wp-json\/wp\/v2\/media\/2639"}],"wp:attachment":[{"href":"https:\/\/yelopomelo.com\/fr\/wp-json\/wp\/v2\/media?parent=6380"}],"wp:term":[{"taxonomy":"product_brand","embeddable":true,"href":"https:\/\/yelopomelo.com\/fr\/wp-json\/wp\/v2\/product_brand?post=6380"},{"taxonomy":"product_cat","embeddable":true,"href":"https:\/\/yelopomelo.com\/fr\/wp-json\/wp\/v2\/product_cat?post=6380"},{"taxonomy":"product_tag","embeddable":true,"href":"https:\/\/yelopomelo.com\/fr\/wp-json\/wp\/v2\/product_tag?post=6380"}],"curies":[{"name":"wp","href":"https:\/\/api.w.org\/{rel}","templated":true}]}}