{"id":6442,"date":"2025-04-20T13:54:22","date_gmt":"2025-04-20T17:54:22","guid":{"rendered":"https:\/\/yp.wippetywu.com\/?post_type=product&#038;p=6442"},"modified":"2025-04-20T16:37:56","modified_gmt":"2025-04-20T20:37:56","slug":"leggings-grande-taille-freddie-mercury","status":"publish","type":"product","link":"https:\/\/yelopomelo.com\/fr\/boutique\/leggings-grande-taille-freddie-mercury\/","title":{"rendered":"Leggings grande taille Freddie Mercury"},"content":{"rendered":"<p>Inspir\u00e9 du c\u00e9l\u00e8bre costume d&rsquo;arlequin, ce legging grande taille Freddie Mercury est r\u00e9serv\u00e9 aux vrais fans de Queen ! Fabriqu\u00e9s \u00e0 partir d&rsquo;un fil microfibre confortable, ces leggings ne perdront jamais leur \u00e9lasticit\u00e9. Ce legging pr\u00e9sente une taille haute noire et des surpiq\u00fbres noires.<\/p>\n<p>Ces leggings sont <strong>FAITS SUR COMMANDE<\/strong>, veuillez donc v\u00e9rifier le tableau des tailles (dans les images) avant d&rsquo;acheter.<\/p>\n<p><strong>VEUILLEZ NOTER : COMME IL S&rsquo;AGIT D&rsquo;UN PRODUIT COUSU \u00c0 LA MAIN, NOUS NE POUVONS PAS GARANTIR L&rsquo;ALIGNEMENT EXACT DU MOD\u00c8LE.<\/strong><\/p>\n<h3>\u00c0 propos de ces Leggings grande taille Freddie Mercury (Femmes) :<\/h3>\n<p>\u2013 82% polyester, 18% spandex<br \/>\n\u2013 Poids du tissu : 6,61 oz\/yd\u00b2 (224 g\/m\u00b2)<br \/>\n\u2013 38-40 UPF<br \/>\n\u2013 Tissu extensible dans les quatre sens qui s&rsquo;\u00e9tire et se r\u00e9tablit sur les grains transversaux et longitudinaux<br \/>\n\u2013 Ceinture haute confortable<br \/>\n\u2013 Coutures surjet\u00e9es et points de recouvrement<br \/>\n\u2013 Ceinture \u00e9lastique de 1&Prime; de large pour plus de confort<\/p>\n<h4>REMARQUE : CET ARTICLE EST COUP\u00c9 ET COUSU SUR COMMANDE.<\/h4>\n<p>Il nous faut normalement 2 \u00e0 7 jours ouvrables pour fabriquer nos produits, auxquels il faut <strong>ajouter les d\u00e9lais d&rsquo;exp\u00e9dition<\/strong>. Veuillez consulter la <a href=\"https:\/\/yelopomelo.com\/fr\/foire-aux-questions\/\">page FAQ<\/a> pour conna\u00eetre les estimations actuelles en mati\u00e8re d&rsquo;ex\u00e9cution.<\/p>\n","protected":false},"excerpt":{"rendered":"<p>Inspir\u00e9 du c\u00e9l\u00e8bre costume d&rsquo;arlequin, ce legging grande taille Freddie Mercury est r\u00e9serv\u00e9 aux vrais fans de Queen ! Fabriqu\u00e9s \u00e0 partir d&rsquo;un fil microfibre confortable, ces leggings ne perdront jamais leur \u00e9lasticit\u00e9. Ce legging pr\u00e9sente une taille haute noire et des surpiq\u00fbres noires. Ces leggings sont FAITS SUR COMMANDE, veuillez donc v\u00e9rifier le tableau [&hellip;]<\/p>\n","protected":false},"featured_media":4236,"comment_status":"open","ping_status":"closed","template":"","meta":{"ocean_post_layout":"","ocean_both_sidebars_style":"","ocean_both_sidebars_content_width":0,"ocean_both_sidebars_sidebars_width":0,"ocean_sidebar":"","ocean_second_sidebar":"","ocean_disable_margins":"enable","ocean_add_body_class":"","ocean_shortcode_before_top_bar":"","ocean_shortcode_after_top_bar":"","ocean_shortcode_before_header":"","ocean_shortcode_after_header":"","ocean_has_shortcode":"","ocean_shortcode_after_title":"","ocean_shortcode_before_footer_widgets":"","ocean_shortcode_after_footer_widgets":"","ocean_shortcode_before_footer_bottom":"","ocean_shortcode_after_footer_bottom":"","ocean_display_top_bar":"default","ocean_display_header":"default","ocean_header_style":"","ocean_center_header_left_menu":"","ocean_custom_header_template":"","ocean_custom_logo":0,"ocean_custom_retina_logo":0,"ocean_custom_logo_max_width":0,"ocean_custom_logo_tablet_max_width":0,"ocean_custom_logo_mobile_max_width":0,"ocean_custom_logo_max_height":0,"ocean_custom_logo_tablet_max_height":0,"ocean_custom_logo_mobile_max_height":0,"ocean_header_custom_menu":"","ocean_menu_typo_font_family":"","ocean_menu_typo_font_subset":"","ocean_menu_typo_font_size":0,"ocean_menu_typo_font_size_tablet":0,"ocean_menu_typo_font_size_mobile":0,"ocean_menu_typo_font_size_unit":"px","ocean_menu_typo_font_weight":"","ocean_menu_typo_font_weight_tablet":"","ocean_menu_typo_font_weight_mobile":"","ocean_menu_typo_transform":"","ocean_menu_typo_transform_tablet":"","ocean_menu_typo_transform_mobile":"","ocean_menu_typo_line_height":0,"ocean_menu_typo_line_height_tablet":0,"ocean_menu_typo_line_height_mobile":0,"ocean_menu_typo_line_height_unit":"","ocean_menu_typo_spacing":0,"ocean_menu_typo_spacing_tablet":0,"ocean_menu_typo_spacing_mobile":0,"ocean_menu_typo_spacing_unit":"","ocean_menu_link_color":"","ocean_menu_link_color_hover":"","ocean_menu_link_color_active":"","ocean_menu_link_background":"","ocean_menu_link_hover_background":"","ocean_menu_link_active_background":"","ocean_menu_social_links_bg":"","ocean_menu_social_hover_links_bg":"","ocean_menu_social_links_color":"","ocean_menu_social_hover_links_color":"","ocean_disable_title":"default","ocean_disable_heading":"default","ocean_post_title":"","ocean_post_subheading":"","ocean_post_title_style":"","ocean_post_title_background_color":"","ocean_post_title_background":0,"ocean_post_title_bg_image_position":"","ocean_post_title_bg_image_attachment":"","ocean_post_title_bg_image_repeat":"","ocean_post_title_bg_image_size":"","ocean_post_title_height":0,"ocean_post_title_bg_overlay":0.5,"ocean_post_title_bg_overlay_color":"","ocean_disable_breadcrumbs":"default","ocean_breadcrumbs_color":"","ocean_breadcrumbs_separator_color":"","ocean_breadcrumbs_links_color":"","ocean_breadcrumbs_links_hover_color":"","ocean_display_footer_widgets":"default","ocean_display_footer_bottom":"default","ocean_custom_footer_template":"","osh_disable_topbar_sticky":"default","osh_disable_header_sticky":"default","osh_sticky_header_style":"default","osh_sticky_header_effect":"","osh_custom_sticky_logo":0,"osh_custom_retina_sticky_logo":0,"osh_custom_sticky_logo_height":0,"osh_background_color":"","osh_links_color":"","osh_links_hover_color":"","osh_links_active_color":"","osh_links_bg_color":"","osh_links_hover_bg_color":"","osh_links_active_bg_color":"","osh_menu_social_links_color":"","osh_menu_social_hover_links_color":"","slim_seo":{"title":"Leggings grande taille Freddie Mercury - Y\u00e9lo Pom\u00e9lo","description":"Inspir\u00e9 du c\u00e9l\u00e8bre costume d'arlequin, ce legging grande taille Freddie Mercury est r\u00e9serv\u00e9 aux vrais fans de Queen ! Fabriqu\u00e9s \u00e0 partir d'un fil microfibre con"}},"product_brand":[],"product_cat":[44,289,278],"product_tag":[406],"class_list":{"0":"post-6442","1":"product","2":"type-product","3":"status-publish","4":"has-post-thumbnail","6":"product_cat-adult","7":"product_cat-ensembles-assortis","8":"product_cat-groupes-rock","9":"product_tag-queen-2","10":"product_shipping_class-pf-pm-apparel-2","12":"entry","13":"has-media","15":"first","16":"instock","17":"taxable","18":"shipping-taxable","19":"purchasable","20":"product-type-variable","21":"has-rating","22":"col","23":"span_1_of_3","24":"owp-content-center","25":"owp-thumbs-layout-horizontal","26":"owp-btn-big","27":"owp-tabs-layout-vertical"},"_links":{"self":[{"href":"https:\/\/yelopomelo.com\/fr\/wp-json\/wp\/v2\/product\/6442","targetHints":{"allow":["GET"]}}],"collection":[{"href":"https:\/\/yelopomelo.com\/fr\/wp-json\/wp\/v2\/product"}],"about":[{"href":"https:\/\/yelopomelo.com\/fr\/wp-json\/wp\/v2\/types\/product"}],"replies":[{"embeddable":true,"href":"https:\/\/yelopomelo.com\/fr\/wp-json\/wp\/v2\/comments?post=6442"}],"wp:featuredmedia":[{"embeddable":true,"href":"https:\/\/yelopomelo.com\/fr\/wp-json\/wp\/v2\/media\/4236"}],"wp:attachment":[{"href":"https:\/\/yelopomelo.com\/fr\/wp-json\/wp\/v2\/media?parent=6442"}],"wp:term":[{"taxonomy":"product_brand","embeddable":true,"href":"https:\/\/yelopomelo.com\/fr\/wp-json\/wp\/v2\/product_brand?post=6442"},{"taxonomy":"product_cat","embeddable":true,"href":"https:\/\/yelopomelo.com\/fr\/wp-json\/wp\/v2\/product_cat?post=6442"},{"taxonomy":"product_tag","embeddable":true,"href":"https:\/\/yelopomelo.com\/fr\/wp-json\/wp\/v2\/product_tag?post=6442"}],"curies":[{"name":"wp","href":"https:\/\/api.w.org\/{rel}","templated":true}]}}