{"id":6443,"date":"2025-04-20T13:54:22","date_gmt":"2025-04-20T17:54:22","guid":{"rendered":"https:\/\/yp.wippetywu.com\/?post_type=product&#038;p=6443"},"modified":"2025-10-23T11:12:27","modified_gmt":"2025-10-23T15:12:27","slug":"leggings-arlequins-freddie-mercury-pour-les-jeunes","status":"publish","type":"product","link":"https:\/\/yelopomelo.com\/fr\/boutique\/leggings-arlequins-freddie-mercury-pour-les-jeunes\/","title":{"rendered":"Leggings Harlequin Freddie Mercury pour les jeunes"},"content":{"rendered":"<p>Ces leggings harlequin Freddie Mercury pour les jeunes sont r\u00e9serv\u00e9s aux vrais fans de Queen! Faits \u00e0 partir d\u2019un fil microfibre confortable, ces collants ne perdront jamais leur \u00e9lasticit\u00e9. <\/p>\n<h3>\u00c0 propos de ces leggings harlequin pour les jeunes :<\/h3>\n<p>\u2013 82 % polyester, 18 % \u00e9lasthanne<br \/>\n\u2013 Poids du tissu : 6,61 oz\/yd\u00b2 (224 g\/m\u00b2)<br \/>\n\u2013 38-40 UPF<br \/>\n\u2013 Fil microfibre lisse et confortable<br \/>\n\u2013 Le mat\u00e9riau \u00e0 \u00e9lasticit\u00e9 \u00e0 quatre directions s\u2019\u00e9tire et se r\u00e9cup\u00e8re sur les croix et les grains longitudinales<br \/>\n\u2013 Cousu avec une surjet\u00e9e et un point de couverture<br \/>\n\u2013 Imprim\u00e9, d\u00e9coup\u00e9 et cousu \u00e0 la main par nos \u00e9quipes internes expertes<br \/>\n\u2013 Conforme \u00e0 la CPSIA<\/p>\n<h4>REMARQUE : Cet article est fabriqu\u00e9 sur commande.<\/h4>\n<p>Nous prenons normalement 2 \u00e0 7 jours ouvrables pour fabriquer nos produits, puis vous devriez <strong>ajouter des d\u00e9lais d\u2019exp\u00e9dition en plus de cela<\/strong>. Veuillez consulter <a href=\"https:\/\/yelopomelo.com\/faq\/\">la page FAQ<\/a> pour conna\u00eetre les estimations d\u2019ex\u00e9cution actuelles. <\/p>\n","protected":false},"excerpt":{"rendered":"<p>Ces leggings harlequin Freddie Mercury pour les jeunes sont r\u00e9serv\u00e9s aux vrais fans de Queen! Faits \u00e0 partir d\u2019un fil microfibre confortable, ces collants ne perdront jamais leur \u00e9lasticit\u00e9. \u00c0 propos de ces leggings harlequin pour les jeunes : \u2013 82 % polyester, 18 % \u00e9lasthanne \u2013 Poids du tissu : 6,61 oz\/yd\u00b2 (224 g\/m\u00b2) [&hellip;]<\/p>\n","protected":false},"featured_media":3600,"comment_status":"open","ping_status":"closed","template":"","meta":{"ocean_post_layout":"","ocean_both_sidebars_style":"","ocean_both_sidebars_content_width":0,"ocean_both_sidebars_sidebars_width":0,"ocean_sidebar":"","ocean_second_sidebar":"","ocean_disable_margins":"enable","ocean_add_body_class":"","ocean_shortcode_before_top_bar":"","ocean_shortcode_after_top_bar":"","ocean_shortcode_before_header":"","ocean_shortcode_after_header":"","ocean_has_shortcode":"","ocean_shortcode_after_title":"","ocean_shortcode_before_footer_widgets":"","ocean_shortcode_after_footer_widgets":"","ocean_shortcode_before_footer_bottom":"","ocean_shortcode_after_footer_bottom":"","ocean_display_top_bar":"default","ocean_display_header":"default","ocean_header_style":"","ocean_center_header_left_menu":"","ocean_custom_header_template":"","ocean_custom_logo":0,"ocean_custom_retina_logo":0,"ocean_custom_logo_max_width":0,"ocean_custom_logo_tablet_max_width":0,"ocean_custom_logo_mobile_max_width":0,"ocean_custom_logo_max_height":0,"ocean_custom_logo_tablet_max_height":0,"ocean_custom_logo_mobile_max_height":0,"ocean_header_custom_menu":"","ocean_menu_typo_font_family":"","ocean_menu_typo_font_subset":"","ocean_menu_typo_font_size":0,"ocean_menu_typo_font_size_tablet":0,"ocean_menu_typo_font_size_mobile":0,"ocean_menu_typo_font_size_unit":"px","ocean_menu_typo_font_weight":"","ocean_menu_typo_font_weight_tablet":"","ocean_menu_typo_font_weight_mobile":"","ocean_menu_typo_transform":"","ocean_menu_typo_transform_tablet":"","ocean_menu_typo_transform_mobile":"","ocean_menu_typo_line_height":0,"ocean_menu_typo_line_height_tablet":0,"ocean_menu_typo_line_height_mobile":0,"ocean_menu_typo_line_height_unit":"","ocean_menu_typo_spacing":0,"ocean_menu_typo_spacing_tablet":0,"ocean_menu_typo_spacing_mobile":0,"ocean_menu_typo_spacing_unit":"","ocean_menu_link_color":"","ocean_menu_link_color_hover":"","ocean_menu_link_color_active":"","ocean_menu_link_background":"","ocean_menu_link_hover_background":"","ocean_menu_link_active_background":"","ocean_menu_social_links_bg":"","ocean_menu_social_hover_links_bg":"","ocean_menu_social_links_color":"","ocean_menu_social_hover_links_color":"","ocean_disable_title":"default","ocean_disable_heading":"default","ocean_post_title":"","ocean_post_subheading":"","ocean_post_title_style":"","ocean_post_title_background_color":"","ocean_post_title_background":0,"ocean_post_title_bg_image_position":"","ocean_post_title_bg_image_attachment":"","ocean_post_title_bg_image_repeat":"","ocean_post_title_bg_image_size":"","ocean_post_title_height":0,"ocean_post_title_bg_overlay":0.5,"ocean_post_title_bg_overlay_color":"","ocean_disable_breadcrumbs":"default","ocean_breadcrumbs_color":"","ocean_breadcrumbs_separator_color":"","ocean_breadcrumbs_links_color":"","ocean_breadcrumbs_links_hover_color":"","ocean_display_footer_widgets":"default","ocean_display_footer_bottom":"default","ocean_custom_footer_template":"","osh_disable_topbar_sticky":"default","osh_disable_header_sticky":"default","osh_sticky_header_style":"default","osh_sticky_header_effect":"","osh_custom_sticky_logo":0,"osh_custom_retina_sticky_logo":0,"osh_custom_sticky_logo_height":0,"osh_background_color":"","osh_links_color":"","osh_links_hover_color":"","osh_links_active_color":"","osh_links_bg_color":"","osh_links_hover_bg_color":"","osh_links_active_bg_color":"","osh_menu_social_links_color":"","osh_menu_social_hover_links_color":"","slim_seo":{"title":"Leggings Harlequin Freddie Mercury pour les jeunes - Y\u00e9lo Pom\u00e9lo","description":"Ces leggings harlequin Freddie Mercury pour les jeunes sont r\u00e9serv\u00e9s aux vrais fans de Queen! Faits \u00e0 partir d\u2019un fil microfibre confortable, ces collants ne pe"}},"product_brand":[],"product_cat":[278,301],"product_tag":[406],"class_list":{"0":"post-6443","1":"product","2":"type-product","3":"status-publish","4":"has-post-thumbnail","6":"product_cat-groupes-rock","7":"product_cat-les-jeunes","8":"product_tag-queen-2","9":"product_shipping_class-pf-pm-apparel-2","11":"entry","12":"has-media","14":"first","15":"instock","16":"taxable","17":"shipping-taxable","18":"purchasable","19":"product-type-variable","20":"col","21":"span_1_of_3","22":"owp-content-center","23":"owp-thumbs-layout-horizontal","24":"owp-btn-big","25":"owp-tabs-layout-vertical"},"_links":{"self":[{"href":"https:\/\/yelopomelo.com\/fr\/wp-json\/wp\/v2\/product\/6443","targetHints":{"allow":["GET"]}}],"collection":[{"href":"https:\/\/yelopomelo.com\/fr\/wp-json\/wp\/v2\/product"}],"about":[{"href":"https:\/\/yelopomelo.com\/fr\/wp-json\/wp\/v2\/types\/product"}],"replies":[{"embeddable":true,"href":"https:\/\/yelopomelo.com\/fr\/wp-json\/wp\/v2\/comments?post=6443"}],"wp:featuredmedia":[{"embeddable":true,"href":"https:\/\/yelopomelo.com\/fr\/wp-json\/wp\/v2\/media\/3600"}],"wp:attachment":[{"href":"https:\/\/yelopomelo.com\/fr\/wp-json\/wp\/v2\/media?parent=6443"}],"wp:term":[{"taxonomy":"product_brand","embeddable":true,"href":"https:\/\/yelopomelo.com\/fr\/wp-json\/wp\/v2\/product_brand?post=6443"},{"taxonomy":"product_cat","embeddable":true,"href":"https:\/\/yelopomelo.com\/fr\/wp-json\/wp\/v2\/product_cat?post=6443"},{"taxonomy":"product_tag","embeddable":true,"href":"https:\/\/yelopomelo.com\/fr\/wp-json\/wp\/v2\/product_tag?post=6443"}],"curies":[{"name":"wp","href":"https:\/\/api.w.org\/{rel}","templated":true}]}}