{"id":6479,"date":"2025-04-20T13:47:36","date_gmt":"2025-04-20T17:47:36","guid":{"rendered":"https:\/\/yp.wippetywu.com\/?post_type=product&#038;p=6479"},"modified":"2025-04-20T14:35:36","modified_gmt":"2025-04-20T18:35:36","slug":"t-shirt-rocket-man","status":"publish","type":"product","link":"https:\/\/yelopomelo.com\/fr\/boutique\/t-shirt-rocket-man\/","title":{"rendered":"T-shirt \u00ab Rocket Man \u00bb"},"content":{"rendered":"<p>Ce t-shirt \u00ab Rocket Man \u00bb est notre hommage \u00e0 Sir Elton John, mettant en vedette un astronaute solitaire dans l&rsquo;espace.<\/p>\n<p><em>She packed my bags last night pre-flight<\/em><br \/>\n<em>Zero hour nine a.m.<\/em><br \/>\n<em>And I&rsquo;m gonna be high as a kite by then<\/em><br \/>\n<em>I miss the earth so much, I miss my wife<\/em><br \/>\n<em>It&rsquo;s lonely out in space on such a timeless flight<\/em><\/p>\n<p><iframe src=\"https:\/\/open.spotify.com\/embed\/track\/3gdewACMIVMEWVbyb8O9sY\" width=\"300\" height=\"380\" frameborder=\"0\"><\/iframe><\/p>\n<p>Les fans d&rsquo;Elton aimeront peut-\u00eatre aussi notre <a href=\"https:\/\/yelopomelo.com\/elton-john-rainbow-70s-t-shirt\/\">t-shirt en style d&rsquo;Elton John ann\u00e9es 70<\/a>.<\/p>\n<p>En savoir plus sur ce t-shirt \u00ab Rocket Man \u00bb :<br \/>\n\u2022 Imprim\u00e9 sur commande sur un t-shirt en jersey \u00e0 manches courtes unisexe Bella+Canvas 3001<br \/>\n\u2022 100 % coton peign\u00e9 et fil\u00e9 \u00e0 anneaux (les couleurs chin\u00e9es contiennent du polyester)<br \/>\n\u2022 Poids du tissu : 4,2 oz (142 g\/m2)<br \/>\n\u2022 Bande d&rsquo;\u00e9paule \u00e0 \u00e9paule et coutures lat\u00e9rales<\/p>\n<h4>NOTE : Cet article est imprim\u00e9 sur demande.<\/h4>\n<p>Il nous faut normalement 2 \u00e0 7 jours ouvrables pour fabriquer nos produits, auxquels il faut ajouter les d\u00e9lais d&rsquo;exp\u00e9dition. Veuillez consulter la <a href=\"https:\/\/yelopomelo.com\/fr\/foire-aux-questions\/?swcfpc=1\">page FAQ<\/a> pour conna\u00eetre les estimations actuelles en mati\u00e8re d&rsquo;ex\u00e9cution.<\/p>\n","protected":false},"excerpt":{"rendered":"<p>Ce t-shirt \u00ab Rocket Man \u00bb est notre hommage \u00e0 Sir Elton John, mettant en vedette un astronaute solitaire dans l&rsquo;espace. She packed my bags last night pre-flight Zero hour nine a.m. And I&rsquo;m gonna be high as a kite by then I miss the earth so much, I miss my wife It&rsquo;s lonely out [&hellip;]<\/p>\n","protected":false},"featured_media":2257,"comment_status":"open","ping_status":"closed","template":"","meta":{"ocean_post_layout":"","ocean_both_sidebars_style":"","ocean_both_sidebars_content_width":0,"ocean_both_sidebars_sidebars_width":0,"ocean_sidebar":"","ocean_second_sidebar":"","ocean_disable_margins":"enable","ocean_add_body_class":"","ocean_shortcode_before_top_bar":"","ocean_shortcode_after_top_bar":"","ocean_shortcode_before_header":"","ocean_shortcode_after_header":"","ocean_has_shortcode":"","ocean_shortcode_after_title":"","ocean_shortcode_before_footer_widgets":"","ocean_shortcode_after_footer_widgets":"","ocean_shortcode_before_footer_bottom":"","ocean_shortcode_after_footer_bottom":"","ocean_display_top_bar":"default","ocean_display_header":"default","ocean_header_style":"","ocean_center_header_left_menu":"","ocean_custom_header_template":"","ocean_custom_logo":0,"ocean_custom_retina_logo":0,"ocean_custom_logo_max_width":0,"ocean_custom_logo_tablet_max_width":0,"ocean_custom_logo_mobile_max_width":0,"ocean_custom_logo_max_height":0,"ocean_custom_logo_tablet_max_height":0,"ocean_custom_logo_mobile_max_height":0,"ocean_header_custom_menu":"","ocean_menu_typo_font_family":"","ocean_menu_typo_font_subset":"","ocean_menu_typo_font_size":0,"ocean_menu_typo_font_size_tablet":0,"ocean_menu_typo_font_size_mobile":0,"ocean_menu_typo_font_size_unit":"px","ocean_menu_typo_font_weight":"","ocean_menu_typo_font_weight_tablet":"","ocean_menu_typo_font_weight_mobile":"","ocean_menu_typo_transform":"","ocean_menu_typo_transform_tablet":"","ocean_menu_typo_transform_mobile":"","ocean_menu_typo_line_height":0,"ocean_menu_typo_line_height_tablet":0,"ocean_menu_typo_line_height_mobile":0,"ocean_menu_typo_line_height_unit":"","ocean_menu_typo_spacing":0,"ocean_menu_typo_spacing_tablet":0,"ocean_menu_typo_spacing_mobile":0,"ocean_menu_typo_spacing_unit":"","ocean_menu_link_color":"","ocean_menu_link_color_hover":"","ocean_menu_link_color_active":"","ocean_menu_link_background":"","ocean_menu_link_hover_background":"","ocean_menu_link_active_background":"","ocean_menu_social_links_bg":"","ocean_menu_social_hover_links_bg":"","ocean_menu_social_links_color":"","ocean_menu_social_hover_links_color":"","ocean_disable_title":"default","ocean_disable_heading":"default","ocean_post_title":"","ocean_post_subheading":"","ocean_post_title_style":"","ocean_post_title_background_color":"","ocean_post_title_background":0,"ocean_post_title_bg_image_position":"","ocean_post_title_bg_image_attachment":"","ocean_post_title_bg_image_repeat":"","ocean_post_title_bg_image_size":"","ocean_post_title_height":0,"ocean_post_title_bg_overlay":0.5,"ocean_post_title_bg_overlay_color":"","ocean_disable_breadcrumbs":"default","ocean_breadcrumbs_color":"","ocean_breadcrumbs_separator_color":"","ocean_breadcrumbs_links_color":"","ocean_breadcrumbs_links_hover_color":"","ocean_display_footer_widgets":"default","ocean_display_footer_bottom":"default","ocean_custom_footer_template":"","osh_disable_topbar_sticky":"default","osh_disable_header_sticky":"default","osh_sticky_header_style":"default","osh_sticky_header_effect":"","osh_custom_sticky_logo":0,"osh_custom_retina_sticky_logo":0,"osh_custom_sticky_logo_height":0,"osh_background_color":"","osh_links_color":"","osh_links_hover_color":"","osh_links_active_color":"","osh_links_bg_color":"","osh_links_hover_bg_color":"","osh_links_active_bg_color":"","osh_menu_social_links_color":"","osh_menu_social_hover_links_color":"","slim_seo":{"title":"T-shirt \u00ab Rocket Man \u00bb - Y\u00e9lo Pom\u00e9lo","description":"Ce t-shirt \u00ab Rocket Man \u00bb est notre hommage \u00e0 Sir Elton John, mettant en vedette un astronaute solitaire dans l'espace. She packed my bags last night pre-flight"}},"product_brand":[],"product_cat":[44,242,307,278],"product_tag":[395],"class_list":{"0":"post-6479","1":"product","2":"type-product","3":"status-publish","4":"has-post-thumbnail","6":"product_cat-adult","7":"product_cat-chemises","8":"product_cat-espace","9":"product_cat-groupes-rock","10":"product_tag-elton-john-2","11":"product_shipping_class-pf-pm-apparel-2","13":"entry","14":"has-media","16":"first","17":"instock","18":"taxable","19":"shipping-taxable","20":"purchasable","21":"product-type-variable","22":"col","23":"span_1_of_3","24":"owp-content-center","25":"owp-thumbs-layout-horizontal","26":"owp-btn-big","27":"owp-tabs-layout-vertical"},"_links":{"self":[{"href":"https:\/\/yelopomelo.com\/fr\/wp-json\/wp\/v2\/product\/6479","targetHints":{"allow":["GET"]}}],"collection":[{"href":"https:\/\/yelopomelo.com\/fr\/wp-json\/wp\/v2\/product"}],"about":[{"href":"https:\/\/yelopomelo.com\/fr\/wp-json\/wp\/v2\/types\/product"}],"replies":[{"embeddable":true,"href":"https:\/\/yelopomelo.com\/fr\/wp-json\/wp\/v2\/comments?post=6479"}],"wp:featuredmedia":[{"embeddable":true,"href":"https:\/\/yelopomelo.com\/fr\/wp-json\/wp\/v2\/media\/2257"}],"wp:attachment":[{"href":"https:\/\/yelopomelo.com\/fr\/wp-json\/wp\/v2\/media?parent=6479"}],"wp:term":[{"taxonomy":"product_brand","embeddable":true,"href":"https:\/\/yelopomelo.com\/fr\/wp-json\/wp\/v2\/product_brand?post=6479"},{"taxonomy":"product_cat","embeddable":true,"href":"https:\/\/yelopomelo.com\/fr\/wp-json\/wp\/v2\/product_cat?post=6479"},{"taxonomy":"product_tag","embeddable":true,"href":"https:\/\/yelopomelo.com\/fr\/wp-json\/wp\/v2\/product_tag?post=6479"}],"curies":[{"name":"wp","href":"https:\/\/api.w.org\/{rel}","templated":true}]}}