{"id":6480,"date":"2025-04-20T13:45:05","date_gmt":"2025-04-20T17:45:05","guid":{"rendered":"https:\/\/yp.wippetywu.com\/?post_type=product&#038;p=6480"},"modified":"2025-06-10T15:30:06","modified_gmt":"2025-06-10T19:30:06","slug":"t-shirt-dont-stop-me-now","status":"publish","type":"product","link":"https:\/\/yelopomelo.com\/fr\/boutique\/t-shirt-dont-stop-me-now\/","title":{"rendered":"T-shirt \u00ab Don&rsquo;t Stop Me Now \u00bb"},"content":{"rendered":"<p>Ce t-shirt \u00ab Don&rsquo;t Stop Me Now \u00bb pr\u00e9sente une silhouette de Freddie Mercury dansant sur les paroles de l&rsquo;hymne \u00e9difiant. <\/p>\n<p><iframe src=\"https:\/\/open.spotify.com\/embed\/track\/5T8EDUDqKcs6OSOwEsfqG7\" width=\"300\" height=\"380\" frameborder=\"0\"><\/iframe><\/p>\n<p>Cet article est imprim\u00e9 sur demande, veuillez donc v\u00e9rifier le tableau des tailles avant de commander. Comme les tailles varient selon les marques, nous vous recommandons de mesurer votre t-shirt pr\u00e9f\u00e9r\u00e9 et de le comparer avec le tableau des tailles. <\/p>\n<h3>\u00c0 propos de ce T-shirt \u00ab Don&rsquo;t Stop Me Now \u00bb :<\/h3>\n<p>\u2022 Imprim\u00e9 sur commande sur un t-shirt unisexe softstyle Gildan 64000<br \/>\n\u2022 100 % coton fil\u00e9 \u00e0 l\u2019anneau, 4,5 oz\/v\u00b2 (153 g\/m\u00b2)<br \/>\n\u2022 Pr\u00e9-r\u00e9tr\u00e9ci<br \/>\n\u2022 Bande d\u2019\u00e9paule \u00e0 \u00e9paule et couture quart de tour pour \u00e9viter un pli au centre<\/p>\n<h4>NOTE : Cet article est fabriqu\u00e9 sur commande.<\/h4>\n<p>Nous prenons g\u00e9n\u00e9ralement entre 2 et 7 jours ouvrables pour fabriquer nos produits. <strong>Ajoutez ensuite les d\u00e9lais d\u2019exp\u00e9dition.<\/strong> Veuillez consulter <a href=\"https:\/\/yelopomelo.com\/fr\/foire-aux-questions\/\">la page FAQ<\/a> pour conna\u00eetre les d\u00e9lais actuels. <\/p>\n","protected":false},"excerpt":{"rendered":"<p>Ce t-shirt \u00ab Don&rsquo;t Stop Me Now \u00bb pr\u00e9sente une silhouette de Freddie Mercury dansant sur les paroles de l&rsquo;hymne \u00e9difiant. Cet article est imprim\u00e9 sur demande, veuillez donc v\u00e9rifier le tableau des tailles avant de commander. Comme les tailles varient selon les marques, nous vous recommandons de mesurer votre t-shirt pr\u00e9f\u00e9r\u00e9 et de le [&hellip;]<\/p>\n","protected":false},"featured_media":1958,"comment_status":"open","ping_status":"closed","template":"","meta":{"ocean_post_layout":"","ocean_both_sidebars_style":"","ocean_both_sidebars_content_width":0,"ocean_both_sidebars_sidebars_width":0,"ocean_sidebar":"","ocean_second_sidebar":"","ocean_disable_margins":"enable","ocean_add_body_class":"","ocean_shortcode_before_top_bar":"","ocean_shortcode_after_top_bar":"","ocean_shortcode_before_header":"","ocean_shortcode_after_header":"","ocean_has_shortcode":"","ocean_shortcode_after_title":"","ocean_shortcode_before_footer_widgets":"","ocean_shortcode_after_footer_widgets":"","ocean_shortcode_before_footer_bottom":"","ocean_shortcode_after_footer_bottom":"","ocean_display_top_bar":"default","ocean_display_header":"default","ocean_header_style":"","ocean_center_header_left_menu":"","ocean_custom_header_template":"","ocean_custom_logo":0,"ocean_custom_retina_logo":0,"ocean_custom_logo_max_width":0,"ocean_custom_logo_tablet_max_width":0,"ocean_custom_logo_mobile_max_width":0,"ocean_custom_logo_max_height":0,"ocean_custom_logo_tablet_max_height":0,"ocean_custom_logo_mobile_max_height":0,"ocean_header_custom_menu":"","ocean_menu_typo_font_family":"","ocean_menu_typo_font_subset":"","ocean_menu_typo_font_size":0,"ocean_menu_typo_font_size_tablet":0,"ocean_menu_typo_font_size_mobile":0,"ocean_menu_typo_font_size_unit":"px","ocean_menu_typo_font_weight":"","ocean_menu_typo_font_weight_tablet":"","ocean_menu_typo_font_weight_mobile":"","ocean_menu_typo_transform":"","ocean_menu_typo_transform_tablet":"","ocean_menu_typo_transform_mobile":"","ocean_menu_typo_line_height":0,"ocean_menu_typo_line_height_tablet":0,"ocean_menu_typo_line_height_mobile":0,"ocean_menu_typo_line_height_unit":"","ocean_menu_typo_spacing":0,"ocean_menu_typo_spacing_tablet":0,"ocean_menu_typo_spacing_mobile":0,"ocean_menu_typo_spacing_unit":"","ocean_menu_link_color":"","ocean_menu_link_color_hover":"","ocean_menu_link_color_active":"","ocean_menu_link_background":"","ocean_menu_link_hover_background":"","ocean_menu_link_active_background":"","ocean_menu_social_links_bg":"","ocean_menu_social_hover_links_bg":"","ocean_menu_social_links_color":"","ocean_menu_social_hover_links_color":"","ocean_disable_title":"default","ocean_disable_heading":"default","ocean_post_title":"","ocean_post_subheading":"","ocean_post_title_style":"","ocean_post_title_background_color":"","ocean_post_title_background":0,"ocean_post_title_bg_image_position":"","ocean_post_title_bg_image_attachment":"","ocean_post_title_bg_image_repeat":"","ocean_post_title_bg_image_size":"","ocean_post_title_height":0,"ocean_post_title_bg_overlay":0.5,"ocean_post_title_bg_overlay_color":"","ocean_disable_breadcrumbs":"default","ocean_breadcrumbs_color":"","ocean_breadcrumbs_separator_color":"","ocean_breadcrumbs_links_color":"","ocean_breadcrumbs_links_hover_color":"","ocean_display_footer_widgets":"default","ocean_display_footer_bottom":"default","ocean_custom_footer_template":"","osh_disable_topbar_sticky":"default","osh_disable_header_sticky":"default","osh_sticky_header_style":"default","osh_sticky_header_effect":"","osh_custom_sticky_logo":0,"osh_custom_retina_sticky_logo":0,"osh_custom_sticky_logo_height":0,"osh_background_color":"","osh_links_color":"","osh_links_hover_color":"","osh_links_active_color":"","osh_links_bg_color":"","osh_links_hover_bg_color":"","osh_links_active_bg_color":"","osh_menu_social_links_color":"","osh_menu_social_hover_links_color":"","slim_seo":{"title":"T-shirt \u00ab Don't Stop Me Now \u00bb - Y\u00e9lo Pom\u00e9lo","description":"Ce t-shirt \u00ab Don't Stop Me Now \u00bb pr\u00e9sente une silhouette de Freddie Mercury dansant sur les paroles de l'hymne \u00e9difiant. Cet article est imprim\u00e9 sur demande, ve"}},"product_brand":[],"product_cat":[44,426,242,278],"product_tag":[406],"class_list":{"0":"post-6480","1":"product","2":"type-product","3":"status-publish","4":"has-post-thumbnail","6":"product_cat-adult","7":"product_cat-adulte","8":"product_cat-chemises","9":"product_cat-groupes-rock","10":"product_tag-queen-2","11":"product_shipping_class-pf-pm-apparel-2","13":"entry","14":"has-media","16":"first","17":"instock","18":"taxable","19":"shipping-taxable","20":"purchasable","21":"product-type-variable","22":"has-rating","23":"col","24":"span_1_of_3","25":"owp-content-center","26":"owp-thumbs-layout-horizontal","27":"owp-btn-big","28":"owp-tabs-layout-vertical"},"_links":{"self":[{"href":"https:\/\/yelopomelo.com\/fr\/wp-json\/wp\/v2\/product\/6480","targetHints":{"allow":["GET"]}}],"collection":[{"href":"https:\/\/yelopomelo.com\/fr\/wp-json\/wp\/v2\/product"}],"about":[{"href":"https:\/\/yelopomelo.com\/fr\/wp-json\/wp\/v2\/types\/product"}],"replies":[{"embeddable":true,"href":"https:\/\/yelopomelo.com\/fr\/wp-json\/wp\/v2\/comments?post=6480"}],"wp:featuredmedia":[{"embeddable":true,"href":"https:\/\/yelopomelo.com\/fr\/wp-json\/wp\/v2\/media\/1958"}],"wp:attachment":[{"href":"https:\/\/yelopomelo.com\/fr\/wp-json\/wp\/v2\/media?parent=6480"}],"wp:term":[{"taxonomy":"product_brand","embeddable":true,"href":"https:\/\/yelopomelo.com\/fr\/wp-json\/wp\/v2\/product_brand?post=6480"},{"taxonomy":"product_cat","embeddable":true,"href":"https:\/\/yelopomelo.com\/fr\/wp-json\/wp\/v2\/product_cat?post=6480"},{"taxonomy":"product_tag","embeddable":true,"href":"https:\/\/yelopomelo.com\/fr\/wp-json\/wp\/v2\/product_tag?post=6480"}],"curies":[{"name":"wp","href":"https:\/\/api.w.org\/{rel}","templated":true}]}}