{"id":6481,"date":"2025-04-20T14:13:15","date_gmt":"2025-04-20T18:13:15","guid":{"rendered":"https:\/\/yp.wippetywu.com\/?post_type=product&#038;p=6481"},"modified":"2025-04-20T14:36:35","modified_gmt":"2025-04-20T18:36:35","slug":"t-shirt-cassette-audio","status":"publish","type":"product","link":"https:\/\/yelopomelo.com\/fr\/boutique\/t-shirt-cassette-audio\/","title":{"rendered":"T-shirt cassette audio"},"content":{"rendered":"<p>Ce t-shirt cassette audio rappelle le bon vieux temps o\u00f9 l&rsquo;on \u00e9coutait sa mix-tape avec un Walkman&#8230;<\/p>\n<h3>\u00c0 propos de ce t-shirt cassette audio :<\/h3>\n<p>\u2013 Fabriqu\u00e9 sur commande sur un t-shirt unisexe de qualit\u00e9 sup\u00e9rieure Bella &amp; Canvas 3001.<br \/>\n\u2013 Les couleurs unies sont 100% coton peign\u00e9 et fil\u00e9 \u00e0 l&rsquo;anneau<br \/>\n\u2013 Les couleurs prisme chin\u00e9 sont compos\u00e9es \u00e0 99 % de coton peign\u00e9 et fil\u00e9 \u00e0 la cha\u00eene, et \u00e0 1 % de polyester.<br \/>\n\u2013 Poids du tissu : 4,2 oz\/y\u00b2 (142 g\/m\u00b2)<br \/>\n\u2013 Tissu pr\u00e9-r\u00e9tr\u00e9ci<br \/>\n\u2013 30 singles<br \/>\n\u2013 Taping \u00e9paule contre \u00e9paule<br \/>\n\u2013 Couture lat\u00e9rale<\/p>\n<h4>REMARQUE : Cet article est imprim\u00e9 sur commande.<\/h4>\n<p>Il nous faut normalement 2 \u00e0 7 jours ouvrables pour fabriquer nos produits, auxquels il faut ajouter les d\u00e9lais d&rsquo;exp\u00e9dition. Veuillez consulter la <a href=\"https:\/\/yelopomelo.com\/fr\/foire-aux-questions\/\">page FAQ<\/a> pour conna\u00eetre les estimations actuelles en mati\u00e8re d&rsquo;ex\u00e9cution.<\/p>\n","protected":false},"excerpt":{"rendered":"<p>Ce t-shirt cassette audio rappelle le bon vieux temps o\u00f9 l&rsquo;on \u00e9coutait sa mix-tape avec un Walkman&#8230; \u00c0 propos de ce t-shirt cassette audio : \u2013 Fabriqu\u00e9 sur commande sur un t-shirt unisexe de qualit\u00e9 sup\u00e9rieure Bella &amp; Canvas 3001. \u2013 Les couleurs unies sont 100% coton peign\u00e9 et fil\u00e9 \u00e0 l&rsquo;anneau \u2013 Les couleurs [&hellip;]<\/p>\n","protected":false},"featured_media":5997,"comment_status":"open","ping_status":"closed","template":"","meta":{"ocean_post_layout":"","ocean_both_sidebars_style":"","ocean_both_sidebars_content_width":0,"ocean_both_sidebars_sidebars_width":0,"ocean_sidebar":"","ocean_second_sidebar":"","ocean_disable_margins":"enable","ocean_add_body_class":"","ocean_shortcode_before_top_bar":"","ocean_shortcode_after_top_bar":"","ocean_shortcode_before_header":"","ocean_shortcode_after_header":"","ocean_has_shortcode":"","ocean_shortcode_after_title":"","ocean_shortcode_before_footer_widgets":"","ocean_shortcode_after_footer_widgets":"","ocean_shortcode_before_footer_bottom":"","ocean_shortcode_after_footer_bottom":"","ocean_display_top_bar":"default","ocean_display_header":"default","ocean_header_style":"","ocean_center_header_left_menu":"","ocean_custom_header_template":"","ocean_custom_logo":0,"ocean_custom_retina_logo":0,"ocean_custom_logo_max_width":0,"ocean_custom_logo_tablet_max_width":0,"ocean_custom_logo_mobile_max_width":0,"ocean_custom_logo_max_height":0,"ocean_custom_logo_tablet_max_height":0,"ocean_custom_logo_mobile_max_height":0,"ocean_header_custom_menu":"","ocean_menu_typo_font_family":"","ocean_menu_typo_font_subset":"","ocean_menu_typo_font_size":0,"ocean_menu_typo_font_size_tablet":0,"ocean_menu_typo_font_size_mobile":0,"ocean_menu_typo_font_size_unit":"px","ocean_menu_typo_font_weight":"","ocean_menu_typo_font_weight_tablet":"","ocean_menu_typo_font_weight_mobile":"","ocean_menu_typo_transform":"","ocean_menu_typo_transform_tablet":"","ocean_menu_typo_transform_mobile":"","ocean_menu_typo_line_height":0,"ocean_menu_typo_line_height_tablet":0,"ocean_menu_typo_line_height_mobile":0,"ocean_menu_typo_line_height_unit":"","ocean_menu_typo_spacing":0,"ocean_menu_typo_spacing_tablet":0,"ocean_menu_typo_spacing_mobile":0,"ocean_menu_typo_spacing_unit":"","ocean_menu_link_color":"","ocean_menu_link_color_hover":"","ocean_menu_link_color_active":"","ocean_menu_link_background":"","ocean_menu_link_hover_background":"","ocean_menu_link_active_background":"","ocean_menu_social_links_bg":"","ocean_menu_social_hover_links_bg":"","ocean_menu_social_links_color":"","ocean_menu_social_hover_links_color":"","ocean_disable_title":"default","ocean_disable_heading":"default","ocean_post_title":"","ocean_post_subheading":"","ocean_post_title_style":"","ocean_post_title_background_color":"","ocean_post_title_background":0,"ocean_post_title_bg_image_position":"","ocean_post_title_bg_image_attachment":"","ocean_post_title_bg_image_repeat":"","ocean_post_title_bg_image_size":"","ocean_post_title_height":0,"ocean_post_title_bg_overlay":0.5,"ocean_post_title_bg_overlay_color":"","ocean_disable_breadcrumbs":"default","ocean_breadcrumbs_color":"","ocean_breadcrumbs_separator_color":"","ocean_breadcrumbs_links_color":"","ocean_breadcrumbs_links_hover_color":"","ocean_display_footer_widgets":"default","ocean_display_footer_bottom":"default","ocean_custom_footer_template":"","osh_disable_topbar_sticky":"default","osh_disable_header_sticky":"default","osh_sticky_header_style":"default","osh_sticky_header_effect":"","osh_custom_sticky_logo":0,"osh_custom_retina_sticky_logo":0,"osh_custom_sticky_logo_height":0,"osh_background_color":"","osh_links_color":"","osh_links_hover_color":"","osh_links_active_color":"","osh_links_bg_color":"","osh_links_hover_bg_color":"","osh_links_active_bg_color":"","osh_menu_social_links_color":"","osh_menu_social_hover_links_color":"","slim_seo":{"title":"T-shirt cassette audio - Y\u00e9lo Pom\u00e9lo","description":"Ce t-shirt cassette audio rappelle le bon vieux temps o\u00f9 l'on \u00e9coutait sa mix-tape avec un Walkman... \u00c0 propos de ce t-shirt cassette audio : - Fabriqu\u00e9 sur com"}},"product_brand":[],"product_cat":[44,426,242,278],"product_tag":[],"class_list":{"0":"post-6481","1":"product","2":"type-product","3":"status-publish","4":"has-post-thumbnail","6":"product_cat-adult","7":"product_cat-adulte","8":"product_cat-chemises","9":"product_cat-groupes-rock","10":"product_shipping_class-pf-pm-apparel-2","12":"entry","13":"has-media","15":"first","16":"instock","17":"taxable","18":"shipping-taxable","19":"purchasable","20":"product-type-variable","21":"col","22":"span_1_of_3","23":"owp-content-center","24":"owp-thumbs-layout-horizontal","25":"owp-btn-big","26":"owp-tabs-layout-vertical"},"_links":{"self":[{"href":"https:\/\/yelopomelo.com\/fr\/wp-json\/wp\/v2\/product\/6481","targetHints":{"allow":["GET"]}}],"collection":[{"href":"https:\/\/yelopomelo.com\/fr\/wp-json\/wp\/v2\/product"}],"about":[{"href":"https:\/\/yelopomelo.com\/fr\/wp-json\/wp\/v2\/types\/product"}],"replies":[{"embeddable":true,"href":"https:\/\/yelopomelo.com\/fr\/wp-json\/wp\/v2\/comments?post=6481"}],"wp:featuredmedia":[{"embeddable":true,"href":"https:\/\/yelopomelo.com\/fr\/wp-json\/wp\/v2\/media\/5997"}],"wp:attachment":[{"href":"https:\/\/yelopomelo.com\/fr\/wp-json\/wp\/v2\/media?parent=6481"}],"wp:term":[{"taxonomy":"product_brand","embeddable":true,"href":"https:\/\/yelopomelo.com\/fr\/wp-json\/wp\/v2\/product_brand?post=6481"},{"taxonomy":"product_cat","embeddable":true,"href":"https:\/\/yelopomelo.com\/fr\/wp-json\/wp\/v2\/product_cat?post=6481"},{"taxonomy":"product_tag","embeddable":true,"href":"https:\/\/yelopomelo.com\/fr\/wp-json\/wp\/v2\/product_tag?post=6481"}],"curies":[{"name":"wp","href":"https:\/\/api.w.org\/{rel}","templated":true}]}}