{"id":6502,"date":"2025-04-20T14:11:38","date_gmt":"2025-04-20T18:11:38","guid":{"rendered":"https:\/\/yp.wippetywu.com\/?post_type=product&#038;p=6502"},"modified":"2025-04-20T14:36:42","modified_gmt":"2025-04-20T18:36:42","slug":"fourre-tout-its-not-chinese-fucking-taipei","status":"publish","type":"product","link":"https:\/\/yelopomelo.com\/fr\/boutique\/fourre-tout-its-not-chinese-fucking-taipei\/","title":{"rendered":"Fourre-tout \u00ab It&rsquo;s Not Chinese Fucking Taipei \u00bb"},"content":{"rendered":"<p>Ce sac en toile \u00ab It&rsquo;s Not Chinese Fucking Taipei \u00bb a \u00e9t\u00e9 inspir\u00e9 par l&rsquo;<a href=\"https:\/\/www.youtube.com\/watch?v=9Y18-07g39g\">\u00e9pisode de John Oliver sur Ta\u00efwan<\/a>. (Merci Freddie Lim !)<\/p>\n<p>Un face dit \u00ab\u00a0IT&rsquo;S NOT CHINESE FUCKING TAIPEI\u00a0\u00bb, et l&rsquo;autre face dit TAIWAN.<\/p>\n<h2>\u00c0 propos de ce fourre-tout \u00ab It&rsquo;s Not Chinese Fucking Taipei \u00bb<\/h2>\n<p>\u2013 Fabriqu\u00e9 sur commande sur un sac en toile Econscious EC8000 en coton serg\u00e9 biologique<br \/>\n\u2013 100% coton serg\u00e9 3\/1 certifi\u00e9 biologique<br \/>\n\u2013 Poids du tissu : 8 oz\/yd\u00b2 (272 g\/m\u00b2)<br \/>\n\u2013 Dimensions : 16\u2033 \u00d7 14 \u00bd\u2033 \u00d7 5\u2033 (40,6 cm \u00d7 35,6 cm \u00d7 12,7 cm)<br \/>\n\u2013 Limite de poids : 30 lbs (13,6 kg)<br \/>\n\u2013 Bretelles doubles larges de 1\u2033 (2,5 cm), longueur de 24,5\u2033 (62,2 cm).<br \/>\n\u2013 Compartiment principal ouvert<\/p>\n<h4>REMARQUE : Cet article est fabriqu\u00e9 sur commande.<\/h4>\n<p>Il nous faut normalement de 2 \u00e0 7 jours ouvrables pour cr\u00e9er nos produits, auxquels il faut <strong>ajouter les d\u00e9lais d&rsquo;exp\u00e9dition<\/strong>. Veuillez consulter la <a href=\"https:\/\/yelopomelo.com\/fr\/foire-aux-questions\/\">page FAQ<\/a> pour conna\u00eetre les estimations actuelles en mati\u00e8re d&rsquo;ex\u00e9cution.<\/p>\n","protected":false},"excerpt":{"rendered":"<p>Ce sac en toile \u00ab It&rsquo;s Not Chinese Fucking Taipei \u00bb a \u00e9t\u00e9 inspir\u00e9 par l&rsquo;\u00e9pisode de John Oliver sur Ta\u00efwan. (Merci Freddie Lim !) Un face dit \u00ab\u00a0IT&rsquo;S NOT CHINESE FUCKING TAIPEI\u00a0\u00bb, et l&rsquo;autre face dit TAIWAN. \u00c0 propos de ce fourre-tout \u00ab It&rsquo;s Not Chinese Fucking Taipei \u00bb \u2013 Fabriqu\u00e9 sur commande sur [&hellip;]<\/p>\n","protected":false},"featured_media":6519,"comment_status":"open","ping_status":"closed","template":"","meta":{"ocean_post_layout":"","ocean_both_sidebars_style":"","ocean_both_sidebars_content_width":0,"ocean_both_sidebars_sidebars_width":0,"ocean_sidebar":"","ocean_second_sidebar":"","ocean_disable_margins":"enable","ocean_add_body_class":"","ocean_shortcode_before_top_bar":"","ocean_shortcode_after_top_bar":"","ocean_shortcode_before_header":"","ocean_shortcode_after_header":"","ocean_has_shortcode":"","ocean_shortcode_after_title":"","ocean_shortcode_before_footer_widgets":"","ocean_shortcode_after_footer_widgets":"","ocean_shortcode_before_footer_bottom":"","ocean_shortcode_after_footer_bottom":"","ocean_display_top_bar":"default","ocean_display_header":"default","ocean_header_style":"","ocean_center_header_left_menu":"","ocean_custom_header_template":"","ocean_custom_logo":0,"ocean_custom_retina_logo":0,"ocean_custom_logo_max_width":0,"ocean_custom_logo_tablet_max_width":0,"ocean_custom_logo_mobile_max_width":0,"ocean_custom_logo_max_height":0,"ocean_custom_logo_tablet_max_height":0,"ocean_custom_logo_mobile_max_height":0,"ocean_header_custom_menu":"","ocean_menu_typo_font_family":"","ocean_menu_typo_font_subset":"","ocean_menu_typo_font_size":0,"ocean_menu_typo_font_size_tablet":0,"ocean_menu_typo_font_size_mobile":0,"ocean_menu_typo_font_size_unit":"px","ocean_menu_typo_font_weight":"","ocean_menu_typo_font_weight_tablet":"","ocean_menu_typo_font_weight_mobile":"","ocean_menu_typo_transform":"","ocean_menu_typo_transform_tablet":"","ocean_menu_typo_transform_mobile":"","ocean_menu_typo_line_height":0,"ocean_menu_typo_line_height_tablet":0,"ocean_menu_typo_line_height_mobile":0,"ocean_menu_typo_line_height_unit":"","ocean_menu_typo_spacing":0,"ocean_menu_typo_spacing_tablet":0,"ocean_menu_typo_spacing_mobile":0,"ocean_menu_typo_spacing_unit":"","ocean_menu_link_color":"","ocean_menu_link_color_hover":"","ocean_menu_link_color_active":"","ocean_menu_link_background":"","ocean_menu_link_hover_background":"","ocean_menu_link_active_background":"","ocean_menu_social_links_bg":"","ocean_menu_social_hover_links_bg":"","ocean_menu_social_links_color":"","ocean_menu_social_hover_links_color":"","ocean_disable_title":"default","ocean_disable_heading":"default","ocean_post_title":"","ocean_post_subheading":"","ocean_post_title_style":"","ocean_post_title_background_color":"","ocean_post_title_background":0,"ocean_post_title_bg_image_position":"","ocean_post_title_bg_image_attachment":"","ocean_post_title_bg_image_repeat":"","ocean_post_title_bg_image_size":"","ocean_post_title_height":0,"ocean_post_title_bg_overlay":0.5,"ocean_post_title_bg_overlay_color":"","ocean_disable_breadcrumbs":"default","ocean_breadcrumbs_color":"","ocean_breadcrumbs_separator_color":"","ocean_breadcrumbs_links_color":"","ocean_breadcrumbs_links_hover_color":"","ocean_display_footer_widgets":"default","ocean_display_footer_bottom":"default","ocean_custom_footer_template":"","osh_disable_topbar_sticky":"default","osh_disable_header_sticky":"default","osh_sticky_header_style":"default","osh_sticky_header_effect":"","osh_custom_sticky_logo":0,"osh_custom_retina_sticky_logo":0,"osh_custom_sticky_logo_height":0,"osh_background_color":"","osh_links_color":"","osh_links_hover_color":"","osh_links_active_color":"","osh_links_bg_color":"","osh_links_hover_bg_color":"","osh_links_active_bg_color":"","osh_menu_social_links_color":"","osh_menu_social_hover_links_color":"","slim_seo":{"title":"Fourre-tout \u00ab It's Not Chinese Fucking Taipei \u00bb - Y\u00e9lo Pom\u00e9lo","description":"Ce sac en toile \u00ab It's Not Chinese Fucking Taipei \u00bb a \u00e9t\u00e9 inspir\u00e9 par l' \u00e9pisode de John Oliver sur Ta\u00efwan . (Merci Freddie Lim !) Un face dit \"IT'S NOT CHINESE"}},"product_brand":[],"product_cat":[255,42,239,257],"product_tag":[375],"class_list":{"0":"post-6502","1":"product","2":"type-product","3":"status-publish","4":"has-post-thumbnail","6":"product_cat-accessoires","7":"product_cat-collections","8":"product_cat-manifestation","9":"product_cat-sacs-a-dos-et-boites-a-lunch","10":"product_tag-taiwan-2","11":"product_shipping_class-pf-pm-apparel-2","13":"entry","14":"has-media","16":"first","17":"instock","18":"taxable","19":"shipping-taxable","20":"purchasable","21":"product-type-simple","22":"col","23":"span_1_of_3","24":"owp-content-center","25":"owp-thumbs-layout-horizontal","26":"owp-btn-big","27":"owp-tabs-layout-vertical"},"_links":{"self":[{"href":"https:\/\/yelopomelo.com\/fr\/wp-json\/wp\/v2\/product\/6502","targetHints":{"allow":["GET"]}}],"collection":[{"href":"https:\/\/yelopomelo.com\/fr\/wp-json\/wp\/v2\/product"}],"about":[{"href":"https:\/\/yelopomelo.com\/fr\/wp-json\/wp\/v2\/types\/product"}],"replies":[{"embeddable":true,"href":"https:\/\/yelopomelo.com\/fr\/wp-json\/wp\/v2\/comments?post=6502"}],"wp:featuredmedia":[{"embeddable":true,"href":"https:\/\/yelopomelo.com\/fr\/wp-json\/wp\/v2\/media\/6519"}],"wp:attachment":[{"href":"https:\/\/yelopomelo.com\/fr\/wp-json\/wp\/v2\/media?parent=6502"}],"wp:term":[{"taxonomy":"product_brand","embeddable":true,"href":"https:\/\/yelopomelo.com\/fr\/wp-json\/wp\/v2\/product_brand?post=6502"},{"taxonomy":"product_cat","embeddable":true,"href":"https:\/\/yelopomelo.com\/fr\/wp-json\/wp\/v2\/product_cat?post=6502"},{"taxonomy":"product_tag","embeddable":true,"href":"https:\/\/yelopomelo.com\/fr\/wp-json\/wp\/v2\/product_tag?post=6502"}],"curies":[{"name":"wp","href":"https:\/\/api.w.org\/{rel}","templated":true}]}}