{"id":6602,"date":"2025-04-20T13:42:49","date_gmt":"2025-04-20T17:42:49","guid":{"rendered":"https:\/\/yp.wippetywu.com\/?post_type=product&#038;p=6602"},"modified":"2025-04-20T14:35:26","modified_gmt":"2025-04-20T18:35:26","slug":"cache-couche-rbg-i-dissent","status":"publish","type":"product","link":"https:\/\/yelopomelo.com\/fr\/boutique\/cache-couche-rbg-i-dissent\/","title":{"rendered":"Cache-couche RBG \u00ab I Dissent \u00bb"},"content":{"rendered":"<p>Montrez les vrais sentiments de votre b\u00e9b\u00e9 avec ce cache-couche RBG \u00ab I dissent \u00bb. Reposez en paix, Ruthie. <\/p>\n<p>La juge Ginsburg est connue depuis longtemps pour ses cols en dentelle, ou jabots, qu&rsquo;elle porte par-dessus sa robe. Mais ces cols sont plus qu&rsquo;un simple effet de mode : elle a un <a href=\"https:\/\/twitter.com\/irin\/status\/494866224950829056\" target=\"_blank\" rel=\"noopener noreferrer\">col \u00ab\u00a0dissident\u00a0\u00bb particulier<\/a> qu&rsquo;elle porte lorsqu&rsquo;elle est en d\u00e9saccord avec l&rsquo;opinion de la majorit\u00e9. <\/p>\n<p><em>Nous ne sommes vraiment pas dignes.<\/em><\/p>\n<p>Consultez <a href=\"https:\/\/www.huffpost.com\/entry\/ruth-bader-ginsburg-collars_n_58c9812fe4b0cb7d28ce4cf3\" target=\"_blank\" rel=\"noopener noreferrer\">cet article du HuffPost<\/a> pour voir une galerie de ses diff\u00e9rents jabots.<\/p>\n<h3>A propos du cache-couche RBG \u00ab I dissent \u00bb :<\/h3>\n<p>\u2013 Imprim\u00e9 sur commande sur un cache-couche \u00e0 manches courtes Bella+Canvas 100B<br \/>\n\u2013 100% coton doux ; les couleurs bruy\u00e8res contiennent du polyester<br \/>\n\u2013 Encolure enveloppante confortable et fermeture \u00e0 trois boutons-pression sur les jambes pour un changement facile.<\/p>\n<h4>NOTE : CET ARTICLE EST IMPRIM\u00c9 SUR COMMANDE.<\/h4>\n<p>Il nous faut normalement 2 \u00e0 7 jours ouvrables pour fabriquer nos produits, auxquels il faut <strong>ajouter les d\u00e9lais d&rsquo;exp\u00e9dition<\/strong>. Veuillez consulter la <a href=\"https:\/\/yelopomelo.com\/fr\/foire-aux-questions\/\">page FAQ<\/a> pour conna\u00eetre les estimations actuelles en mati\u00e8re d&rsquo;ex\u00e9cution.<\/p>\n","protected":false},"excerpt":{"rendered":"<p>Montrez les vrais sentiments de votre b\u00e9b\u00e9 avec ce cache-couche RBG \u00ab I dissent \u00bb. Reposez en paix, Ruthie. La juge Ginsburg est connue depuis longtemps pour ses cols en dentelle, ou jabots, qu&rsquo;elle porte par-dessus sa robe. Mais ces cols sont plus qu&rsquo;un simple effet de mode : elle a un col \u00ab\u00a0dissident\u00a0\u00bb particulier [&hellip;]<\/p>\n","protected":false},"featured_media":1262,"comment_status":"open","ping_status":"closed","template":"","meta":{"ocean_post_layout":"","ocean_both_sidebars_style":"","ocean_both_sidebars_content_width":0,"ocean_both_sidebars_sidebars_width":0,"ocean_sidebar":"","ocean_second_sidebar":"","ocean_disable_margins":"enable","ocean_add_body_class":"","ocean_shortcode_before_top_bar":"","ocean_shortcode_after_top_bar":"","ocean_shortcode_before_header":"","ocean_shortcode_after_header":"","ocean_has_shortcode":"","ocean_shortcode_after_title":"","ocean_shortcode_before_footer_widgets":"","ocean_shortcode_after_footer_widgets":"","ocean_shortcode_before_footer_bottom":"","ocean_shortcode_after_footer_bottom":"","ocean_display_top_bar":"default","ocean_display_header":"default","ocean_header_style":"","ocean_center_header_left_menu":"","ocean_custom_header_template":"","ocean_custom_logo":0,"ocean_custom_retina_logo":0,"ocean_custom_logo_max_width":0,"ocean_custom_logo_tablet_max_width":0,"ocean_custom_logo_mobile_max_width":0,"ocean_custom_logo_max_height":0,"ocean_custom_logo_tablet_max_height":0,"ocean_custom_logo_mobile_max_height":0,"ocean_header_custom_menu":"","ocean_menu_typo_font_family":"","ocean_menu_typo_font_subset":"","ocean_menu_typo_font_size":0,"ocean_menu_typo_font_size_tablet":0,"ocean_menu_typo_font_size_mobile":0,"ocean_menu_typo_font_size_unit":"px","ocean_menu_typo_font_weight":"","ocean_menu_typo_font_weight_tablet":"","ocean_menu_typo_font_weight_mobile":"","ocean_menu_typo_transform":"","ocean_menu_typo_transform_tablet":"","ocean_menu_typo_transform_mobile":"","ocean_menu_typo_line_height":0,"ocean_menu_typo_line_height_tablet":0,"ocean_menu_typo_line_height_mobile":0,"ocean_menu_typo_line_height_unit":"","ocean_menu_typo_spacing":0,"ocean_menu_typo_spacing_tablet":0,"ocean_menu_typo_spacing_mobile":0,"ocean_menu_typo_spacing_unit":"","ocean_menu_link_color":"","ocean_menu_link_color_hover":"","ocean_menu_link_color_active":"","ocean_menu_link_background":"","ocean_menu_link_hover_background":"","ocean_menu_link_active_background":"","ocean_menu_social_links_bg":"","ocean_menu_social_hover_links_bg":"","ocean_menu_social_links_color":"","ocean_menu_social_hover_links_color":"","ocean_disable_title":"default","ocean_disable_heading":"default","ocean_post_title":"","ocean_post_subheading":"","ocean_post_title_style":"","ocean_post_title_background_color":"","ocean_post_title_background":0,"ocean_post_title_bg_image_position":"","ocean_post_title_bg_image_attachment":"","ocean_post_title_bg_image_repeat":"","ocean_post_title_bg_image_size":"","ocean_post_title_height":0,"ocean_post_title_bg_overlay":0.5,"ocean_post_title_bg_overlay_color":"","ocean_disable_breadcrumbs":"default","ocean_breadcrumbs_color":"","ocean_breadcrumbs_separator_color":"","ocean_breadcrumbs_links_color":"","ocean_breadcrumbs_links_hover_color":"","ocean_display_footer_widgets":"default","ocean_display_footer_bottom":"default","ocean_custom_footer_template":"","osh_disable_topbar_sticky":"default","osh_disable_header_sticky":"default","osh_sticky_header_style":"default","osh_sticky_header_effect":"","osh_custom_sticky_logo":0,"osh_custom_retina_sticky_logo":0,"osh_custom_sticky_logo_height":0,"osh_background_color":"","osh_links_color":"","osh_links_hover_color":"","osh_links_active_color":"","osh_links_bg_color":"","osh_links_hover_bg_color":"","osh_links_active_bg_color":"","osh_menu_social_links_color":"","osh_menu_social_hover_links_color":"","slim_seo":{"title":"Cache-couche RBG \u00ab I Dissent \u00bb - Y\u00e9lo Pom\u00e9lo","description":"Montrez les vrais sentiments de votre b\u00e9b\u00e9 avec ce cache-couche RBG \u00ab I dissent \u00bb. Reposez en paix, Ruthie. La juge Ginsburg est connue depuis longtemps pour se"}},"product_brand":[],"product_cat":[286,288,289,285,239],"product_tag":[404],"class_list":{"0":"post-6602","1":"product","2":"type-product","3":"status-publish","4":"has-post-thumbnail","6":"product_cat-bebe","7":"product_cat-cache-couches","8":"product_cat-ensembles-assortis","9":"product_cat-feministe","10":"product_cat-manifestation","11":"product_tag-ruth-bader-ginsburg-2","12":"product_shipping_class-pf-pm-apparel-2","14":"entry","15":"has-media","17":"first","18":"instock","19":"taxable","20":"shipping-taxable","21":"purchasable","22":"product-type-variable","23":"col","24":"span_1_of_3","25":"owp-content-center","26":"owp-thumbs-layout-horizontal","27":"owp-btn-big","28":"owp-tabs-layout-vertical"},"_links":{"self":[{"href":"https:\/\/yelopomelo.com\/fr\/wp-json\/wp\/v2\/product\/6602","targetHints":{"allow":["GET"]}}],"collection":[{"href":"https:\/\/yelopomelo.com\/fr\/wp-json\/wp\/v2\/product"}],"about":[{"href":"https:\/\/yelopomelo.com\/fr\/wp-json\/wp\/v2\/types\/product"}],"replies":[{"embeddable":true,"href":"https:\/\/yelopomelo.com\/fr\/wp-json\/wp\/v2\/comments?post=6602"}],"wp:featuredmedia":[{"embeddable":true,"href":"https:\/\/yelopomelo.com\/fr\/wp-json\/wp\/v2\/media\/1262"}],"wp:attachment":[{"href":"https:\/\/yelopomelo.com\/fr\/wp-json\/wp\/v2\/media?parent=6602"}],"wp:term":[{"taxonomy":"product_brand","embeddable":true,"href":"https:\/\/yelopomelo.com\/fr\/wp-json\/wp\/v2\/product_brand?post=6602"},{"taxonomy":"product_cat","embeddable":true,"href":"https:\/\/yelopomelo.com\/fr\/wp-json\/wp\/v2\/product_cat?post=6602"},{"taxonomy":"product_tag","embeddable":true,"href":"https:\/\/yelopomelo.com\/fr\/wp-json\/wp\/v2\/product_tag?post=6602"}],"curies":[{"name":"wp","href":"https:\/\/api.w.org\/{rel}","templated":true}]}}