{"id":6655,"date":"2025-04-20T13:42:43","date_gmt":"2025-04-20T17:42:43","guid":{"rendered":"https:\/\/yp.wippetywu.com\/?post_type=product&#038;p=6655"},"modified":"2025-04-20T16:37:50","modified_gmt":"2025-04-20T20:37:50","slug":"sweat-killer-queen","status":"publish","type":"product","link":"https:\/\/yelopomelo.com\/fr\/boutique\/sweat-killer-queen\/","title":{"rendered":"Sweat \u00ab Killer Queen \u00bb"},"content":{"rendered":"<p>Ce sweat-shirt \u00ab Killer Queen \u00bb est comme de la poudre \u00e0 canon, de la g\u00e9latine&#8230; de la dynamite avec un rayon laser&#8230; garanti pour vous \u00e9poustoufler !<\/p>\n<p>Faites-en un ensemble assorti avec notre t-shirt \u00ab Killer Queen \u00bb pour adultes, pour jeunes enfants ou notre cache-couche pour b\u00e9b\u00e9 !<\/p>\n<h3>A propos de ce sweat \u00ab Killer Queen \u00bb :<\/h3>\n<p>\u2013 50% coton, 50% polyester<br \/>\n\u2013 Pr\u00e9-r\u00e9tr\u00e9ci<br \/>\n\u2013 Coupe classique sans pli central<br \/>\n\u2013 Col en tricot c\u00f4tel\u00e9 athl\u00e9tique 1&#215;1 avec \u00e9lasthanne<br \/>\n\u2013 Fil\u00e9 par jet d&rsquo;air avec un toucher doux et un boulochage r\u00e9duit.<br \/>\n\u2013 Col, \u00e9paules, emmanchures, poignets et ourlet \u00e0 double piq\u00fbre.<\/p>\n<h4>REMARQUE : CE PRODUIT EST FABRIQU\u00c9 SUR COMMANDE<\/h4>\n<p>Il nous faut normalement 2 \u00e0 7 jours ouvrables pour fabriquer nos produits, auxquels il faut <strong>ajouter les d\u00e9lais d&rsquo;exp\u00e9dition<\/strong>. Veuillez consulter la <a href=\"https:\/\/yelopomelo.com\/fr\/foire-aux-questions\/?swcfpc=1\">page FAQ<\/a> pour conna\u00eetre les estimations actuelles en mati\u00e8re d&rsquo;ex\u00e9cution.<\/p>\n","protected":false},"excerpt":{"rendered":"<p>Ce sweat-shirt \u00ab Killer Queen \u00bb est comme de la poudre \u00e0 canon, de la g\u00e9latine&#8230; de la dynamite avec un rayon laser&#8230; garanti pour vous \u00e9poustoufler ! Faites-en un ensemble assorti avec notre t-shirt \u00ab Killer Queen \u00bb pour adultes, pour jeunes enfants ou notre cache-couche pour b\u00e9b\u00e9 ! A propos de ce sweat [&hellip;]<\/p>\n","protected":false},"featured_media":5368,"comment_status":"open","ping_status":"closed","template":"","meta":{"ocean_post_layout":"","ocean_both_sidebars_style":"","ocean_both_sidebars_content_width":0,"ocean_both_sidebars_sidebars_width":0,"ocean_sidebar":"","ocean_second_sidebar":"","ocean_disable_margins":"enable","ocean_add_body_class":"","ocean_shortcode_before_top_bar":"","ocean_shortcode_after_top_bar":"","ocean_shortcode_before_header":"","ocean_shortcode_after_header":"","ocean_has_shortcode":"","ocean_shortcode_after_title":"","ocean_shortcode_before_footer_widgets":"","ocean_shortcode_after_footer_widgets":"","ocean_shortcode_before_footer_bottom":"","ocean_shortcode_after_footer_bottom":"","ocean_display_top_bar":"default","ocean_display_header":"default","ocean_header_style":"","ocean_center_header_left_menu":"","ocean_custom_header_template":"","ocean_custom_logo":0,"ocean_custom_retina_logo":0,"ocean_custom_logo_max_width":0,"ocean_custom_logo_tablet_max_width":0,"ocean_custom_logo_mobile_max_width":0,"ocean_custom_logo_max_height":0,"ocean_custom_logo_tablet_max_height":0,"ocean_custom_logo_mobile_max_height":0,"ocean_header_custom_menu":"","ocean_menu_typo_font_family":"","ocean_menu_typo_font_subset":"","ocean_menu_typo_font_size":0,"ocean_menu_typo_font_size_tablet":0,"ocean_menu_typo_font_size_mobile":0,"ocean_menu_typo_font_size_unit":"px","ocean_menu_typo_font_weight":"","ocean_menu_typo_font_weight_tablet":"","ocean_menu_typo_font_weight_mobile":"","ocean_menu_typo_transform":"","ocean_menu_typo_transform_tablet":"","ocean_menu_typo_transform_mobile":"","ocean_menu_typo_line_height":0,"ocean_menu_typo_line_height_tablet":0,"ocean_menu_typo_line_height_mobile":0,"ocean_menu_typo_line_height_unit":"","ocean_menu_typo_spacing":0,"ocean_menu_typo_spacing_tablet":0,"ocean_menu_typo_spacing_mobile":0,"ocean_menu_typo_spacing_unit":"","ocean_menu_link_color":"","ocean_menu_link_color_hover":"","ocean_menu_link_color_active":"","ocean_menu_link_background":"","ocean_menu_link_hover_background":"","ocean_menu_link_active_background":"","ocean_menu_social_links_bg":"","ocean_menu_social_hover_links_bg":"","ocean_menu_social_links_color":"","ocean_menu_social_hover_links_color":"","ocean_disable_title":"default","ocean_disable_heading":"default","ocean_post_title":"","ocean_post_subheading":"","ocean_post_title_style":"","ocean_post_title_background_color":"","ocean_post_title_background":0,"ocean_post_title_bg_image_position":"","ocean_post_title_bg_image_attachment":"","ocean_post_title_bg_image_repeat":"","ocean_post_title_bg_image_size":"","ocean_post_title_height":0,"ocean_post_title_bg_overlay":0.5,"ocean_post_title_bg_overlay_color":"","ocean_disable_breadcrumbs":"default","ocean_breadcrumbs_color":"","ocean_breadcrumbs_separator_color":"","ocean_breadcrumbs_links_color":"","ocean_breadcrumbs_links_hover_color":"","ocean_display_footer_widgets":"default","ocean_display_footer_bottom":"default","ocean_custom_footer_template":"","osh_disable_topbar_sticky":"default","osh_disable_header_sticky":"default","osh_sticky_header_style":"default","osh_sticky_header_effect":"","osh_custom_sticky_logo":0,"osh_custom_retina_sticky_logo":0,"osh_custom_sticky_logo_height":0,"osh_background_color":"","osh_links_color":"","osh_links_hover_color":"","osh_links_active_color":"","osh_links_bg_color":"","osh_links_hover_bg_color":"","osh_links_active_bg_color":"","osh_menu_social_links_color":"","osh_menu_social_hover_links_color":"","slim_seo":{"title":"Sweat \u00ab Killer Queen \u00bb - Y\u00e9lo Pom\u00e9lo","description":"Ce sweat-shirt \u00ab Killer Queen \u00bb est comme de la poudre \u00e0 canon, de la g\u00e9latine... de la dynamite avec un rayon laser... garanti pour vous \u00e9poustoufler ! Faites-"}},"product_brand":[],"product_cat":[44,426,293,289,278,301,296],"product_tag":[406],"class_list":{"0":"post-6655","1":"product","2":"type-product","3":"status-publish","4":"has-post-thumbnail","6":"product_cat-adult","7":"product_cat-adulte","8":"product_cat-enfants","9":"product_cat-ensembles-assortis","10":"product_cat-groupes-rock","11":"product_cat-les-jeunes","12":"product_cat-sweats-et-kangourous","13":"product_tag-queen-2","14":"product_shipping_class-towels-2","16":"entry","17":"has-media","19":"first","20":"instock","21":"taxable","22":"shipping-taxable","23":"purchasable","24":"product-type-variable","25":"has-rating","26":"col","27":"span_1_of_3","28":"owp-content-center","29":"owp-thumbs-layout-horizontal","30":"owp-btn-big","31":"owp-tabs-layout-vertical"},"_links":{"self":[{"href":"https:\/\/yelopomelo.com\/fr\/wp-json\/wp\/v2\/product\/6655","targetHints":{"allow":["GET"]}}],"collection":[{"href":"https:\/\/yelopomelo.com\/fr\/wp-json\/wp\/v2\/product"}],"about":[{"href":"https:\/\/yelopomelo.com\/fr\/wp-json\/wp\/v2\/types\/product"}],"replies":[{"embeddable":true,"href":"https:\/\/yelopomelo.com\/fr\/wp-json\/wp\/v2\/comments?post=6655"}],"wp:featuredmedia":[{"embeddable":true,"href":"https:\/\/yelopomelo.com\/fr\/wp-json\/wp\/v2\/media\/5368"}],"wp:attachment":[{"href":"https:\/\/yelopomelo.com\/fr\/wp-json\/wp\/v2\/media?parent=6655"}],"wp:term":[{"taxonomy":"product_brand","embeddable":true,"href":"https:\/\/yelopomelo.com\/fr\/wp-json\/wp\/v2\/product_brand?post=6655"},{"taxonomy":"product_cat","embeddable":true,"href":"https:\/\/yelopomelo.com\/fr\/wp-json\/wp\/v2\/product_cat?post=6655"},{"taxonomy":"product_tag","embeddable":true,"href":"https:\/\/yelopomelo.com\/fr\/wp-json\/wp\/v2\/product_tag?post=6655"}],"curies":[{"name":"wp","href":"https:\/\/api.w.org\/{rel}","templated":true}]}}