{"id":6864,"date":"2025-04-20T13:57:05","date_gmt":"2025-04-20T17:57:05","guid":{"rendered":"https:\/\/yp.wippetywu.com\/?post_type=product&#038;p=6864"},"modified":"2025-05-22T15:03:10","modified_gmt":"2025-05-22T19:03:10","slug":"kangourou-cafetiere-moka","status":"publish","type":"product","link":"https:\/\/yelopomelo.com\/fr\/boutique\/kangourou-cafetiere-moka\/","title":{"rendered":"Kangourou cafeti\u00e8re italienne"},"content":{"rendered":"<p>Avant que les machines \u00e0 expresso ne deviennent si omnipr\u00e9sentes, les vrais amateurs de caf\u00e9 pr\u00e9paraient leur cr\u00e8me quotidienne avec une cafeti\u00e8re italienne. Ce kangourou cafeti\u00e8re italienne est dot\u00e9 de l\u2019embl\u00e9matique cafeti\u00e8re brod\u00e9e sur la poitrine gauche.<\/p>\n<p>Les chandails \u00e0 capuchon noirs, bleu marine et marron ont une broderie blanche. Les chandails \u00e0 capuchon verts, rouges et gris sport ont une broderie noire. CE KANGOUROU EST BROD\u00c9 SUR COMMANDE, VEUILLEZ V\u00c9RIFIER LE TABLEAU DES TAILLES AVANT D\u2019ACHETER.  <\/p>\n<h3>\u00c0 propos du kangourou cafeti\u00e8re italienne<\/h3>\n<p>\u2022 50% coton, 50% polyester<br \/>\n\u2022 Capuche \u00e0 double doublure<br \/>\n\u2022 Coutures \u00e0 double aiguille partout<br \/>\n\u2022 Fil fil\u00e9 au jet d\u2019air avec une sensation douce et un boulochage r\u00e9duit<br \/>\n\u2022 Poignets et ceinture en tricot c\u00f4tel\u00e9 athl\u00e9tique 1&#215;1 avec \u00e9lasthanne<br \/>\n\u2022 Poche avant<\/p>\n<h4>REMARQUE : Cet article est brod\u00e9 sur demande.<\/h4>\n<p>Nous prenons normalement 2 \u00e0 7 jours ouvrables pour cr\u00e9er nos produits, puis vous devriez <strong>ajouter des d\u00e9lais d\u2019exp\u00e9dition en plus de cela<\/strong>. Veuillez consulter <a href=\"https:\/\/yelopomelo.com\/faq\/\">la page FAQ<\/a> pour conna\u00eetre les estimations d\u2019ex\u00e9cution actuelles.<\/p>\n","protected":false},"excerpt":{"rendered":"<p>Avant que les machines \u00e0 expresso ne deviennent si omnipr\u00e9sentes, les vrais amateurs de caf\u00e9 pr\u00e9paraient leur cr\u00e8me quotidienne avec une cafeti\u00e8re italienne. Ce kangourou cafeti\u00e8re italienne est dot\u00e9 de l\u2019embl\u00e9matique cafeti\u00e8re brod\u00e9e sur la poitrine gauche. Les chandails \u00e0 capuchon noirs, bleu marine et marron ont une broderie blanche. Les chandails \u00e0 capuchon verts, [&hellip;]<\/p>\n","protected":false},"featured_media":5163,"comment_status":"open","ping_status":"closed","template":"","meta":{"ocean_post_layout":"","ocean_both_sidebars_style":"","ocean_both_sidebars_content_width":0,"ocean_both_sidebars_sidebars_width":0,"ocean_sidebar":"","ocean_second_sidebar":"","ocean_disable_margins":"enable","ocean_add_body_class":"","ocean_shortcode_before_top_bar":"","ocean_shortcode_after_top_bar":"","ocean_shortcode_before_header":"","ocean_shortcode_after_header":"","ocean_has_shortcode":"","ocean_shortcode_after_title":"","ocean_shortcode_before_footer_widgets":"","ocean_shortcode_after_footer_widgets":"","ocean_shortcode_before_footer_bottom":"","ocean_shortcode_after_footer_bottom":"","ocean_display_top_bar":"default","ocean_display_header":"default","ocean_header_style":"","ocean_center_header_left_menu":"","ocean_custom_header_template":"","ocean_custom_logo":0,"ocean_custom_retina_logo":0,"ocean_custom_logo_max_width":0,"ocean_custom_logo_tablet_max_width":0,"ocean_custom_logo_mobile_max_width":0,"ocean_custom_logo_max_height":0,"ocean_custom_logo_tablet_max_height":0,"ocean_custom_logo_mobile_max_height":0,"ocean_header_custom_menu":"","ocean_menu_typo_font_family":"","ocean_menu_typo_font_subset":"","ocean_menu_typo_font_size":0,"ocean_menu_typo_font_size_tablet":0,"ocean_menu_typo_font_size_mobile":0,"ocean_menu_typo_font_size_unit":"px","ocean_menu_typo_font_weight":"","ocean_menu_typo_font_weight_tablet":"","ocean_menu_typo_font_weight_mobile":"","ocean_menu_typo_transform":"","ocean_menu_typo_transform_tablet":"","ocean_menu_typo_transform_mobile":"","ocean_menu_typo_line_height":0,"ocean_menu_typo_line_height_tablet":0,"ocean_menu_typo_line_height_mobile":0,"ocean_menu_typo_line_height_unit":"","ocean_menu_typo_spacing":0,"ocean_menu_typo_spacing_tablet":0,"ocean_menu_typo_spacing_mobile":0,"ocean_menu_typo_spacing_unit":"","ocean_menu_link_color":"","ocean_menu_link_color_hover":"","ocean_menu_link_color_active":"","ocean_menu_link_background":"","ocean_menu_link_hover_background":"","ocean_menu_link_active_background":"","ocean_menu_social_links_bg":"","ocean_menu_social_hover_links_bg":"","ocean_menu_social_links_color":"","ocean_menu_social_hover_links_color":"","ocean_disable_title":"default","ocean_disable_heading":"default","ocean_post_title":"","ocean_post_subheading":"","ocean_post_title_style":"","ocean_post_title_background_color":"","ocean_post_title_background":0,"ocean_post_title_bg_image_position":"","ocean_post_title_bg_image_attachment":"","ocean_post_title_bg_image_repeat":"","ocean_post_title_bg_image_size":"","ocean_post_title_height":0,"ocean_post_title_bg_overlay":0.5,"ocean_post_title_bg_overlay_color":"","ocean_disable_breadcrumbs":"default","ocean_breadcrumbs_color":"","ocean_breadcrumbs_separator_color":"","ocean_breadcrumbs_links_color":"","ocean_breadcrumbs_links_hover_color":"","ocean_display_footer_widgets":"default","ocean_display_footer_bottom":"default","ocean_custom_footer_template":"","osh_disable_topbar_sticky":"default","osh_disable_header_sticky":"default","osh_sticky_header_style":"default","osh_sticky_header_effect":"","osh_custom_sticky_logo":0,"osh_custom_retina_sticky_logo":0,"osh_custom_sticky_logo_height":0,"osh_background_color":"","osh_links_color":"","osh_links_hover_color":"","osh_links_active_color":"","osh_links_bg_color":"","osh_links_hover_bg_color":"","osh_links_active_bg_color":"","osh_menu_social_links_color":"","osh_menu_social_hover_links_color":"","slim_seo":{"title":"Kangourou cafeti\u00e8re italienne - Y\u00e9lo Pom\u00e9lo","description":"Avant que les machines \u00e0 expresso ne deviennent si omnipr\u00e9sentes, les vrais amateurs de caf\u00e9 pr\u00e9paraient leur cr\u00e8me quotidienne avec une cafeti\u00e8re italienne. Ce"}},"product_brand":[],"product_cat":[426,275,296],"product_tag":[],"class_list":{"0":"post-6864","1":"product","2":"type-product","3":"status-publish","4":"has-post-thumbnail","6":"product_cat-adulte","7":"product_cat-les-foodies","8":"product_cat-sweats-et-kangourous","9":"product_shipping_class-towels-2","11":"entry","12":"has-media","14":"first","15":"instock","16":"taxable","17":"shipping-taxable","18":"purchasable","19":"product-type-variable","20":"has-rating","21":"col","22":"span_1_of_3","23":"owp-content-center","24":"owp-thumbs-layout-horizontal","25":"owp-btn-big","26":"owp-tabs-layout-vertical"},"_links":{"self":[{"href":"https:\/\/yelopomelo.com\/fr\/wp-json\/wp\/v2\/product\/6864","targetHints":{"allow":["GET"]}}],"collection":[{"href":"https:\/\/yelopomelo.com\/fr\/wp-json\/wp\/v2\/product"}],"about":[{"href":"https:\/\/yelopomelo.com\/fr\/wp-json\/wp\/v2\/types\/product"}],"replies":[{"embeddable":true,"href":"https:\/\/yelopomelo.com\/fr\/wp-json\/wp\/v2\/comments?post=6864"}],"wp:featuredmedia":[{"embeddable":true,"href":"https:\/\/yelopomelo.com\/fr\/wp-json\/wp\/v2\/media\/5163"}],"wp:attachment":[{"href":"https:\/\/yelopomelo.com\/fr\/wp-json\/wp\/v2\/media?parent=6864"}],"wp:term":[{"taxonomy":"product_brand","embeddable":true,"href":"https:\/\/yelopomelo.com\/fr\/wp-json\/wp\/v2\/product_brand?post=6864"},{"taxonomy":"product_cat","embeddable":true,"href":"https:\/\/yelopomelo.com\/fr\/wp-json\/wp\/v2\/product_cat?post=6864"},{"taxonomy":"product_tag","embeddable":true,"href":"https:\/\/yelopomelo.com\/fr\/wp-json\/wp\/v2\/product_tag?post=6864"}],"curies":[{"name":"wp","href":"https:\/\/api.w.org\/{rel}","templated":true}]}}