{"id":6997,"date":"2025-04-20T13:42:50","date_gmt":"2025-04-20T17:42:50","guid":{"rendered":"https:\/\/yp.wippetywu.com\/?post_type=product&#038;p=6997"},"modified":"2025-04-20T14:35:41","modified_gmt":"2025-04-20T18:35:41","slug":"t-shirt-i-dissent-rbg","status":"publish","type":"product","link":"https:\/\/yelopomelo.com\/fr\/boutique\/t-shirt-i-dissent-rbg\/","title":{"rendered":"T-shirt \u00ab I dissent \u00bb RBG"},"content":{"rendered":"<p>Faites une d\u00e9claration audacieuse avec cette t-shirt \u00ab I dissent \u00bb, qui pr\u00e9sente le profil de la Notorious RBG dans son collier de dissidence. Parfait pour votre prochaine manifestation politique. <\/p>\n<p>La juge Ruth Bader Ginsburg est connue depuis longtemps pour ses cols de dentelle, ou jabots, qu&rsquo;elle porte par-dessus sa robe. Mais ces cols ne sont pas qu&rsquo;une simple d\u00e9claration de mode ; elle a un col \u00ab\u00a0dissident\u00a0\u00bb particulier qu&rsquo;elle porte lorsqu&rsquo;elle est en d\u00e9saccord avec l&rsquo;opinion de la majorit\u00e9. Consultez <a href=\"https:\/\/www.huffpost.com\/entry\/ruth-bader-ginsburg-collars_n_58c9812fe4b0cb7d28ce4cf3\" target=\"_blank\" rel=\"noopener noreferrer\">cet article du HuffPost<\/a> pour une galerie des diff\u00e9rents jabots de la juge Ginsburg.  <\/p>\n<h3>\u00c0 propos de ce t-shirt \u00ab I dissent \u00bb de RBG<\/h3>\n<ul>\n<li>Fabriqu\u00e9 sur commande sur un tee-shirt unisexe de style doux Gildan 64000<\/li>\n<li>Le blanc est 100% coton ring-spun ; le gris est 90% coton ring-spun \/ 10% polyester<\/li>\n<\/ul>\n<ul>\n<li>Poids du tissu : 153 g\/m\u00b2 (4,5 oz\/y\u00b2)<\/li>\n<li>Pr\u00e9-r\u00e9tr\u00e9ci pour une plus grande durabilit\u00e9<\/li>\n<li>Ruban adh\u00e9sif \u00e9paule \u00e0 \u00e9paule<\/li>\n<li>Quart de tour pour \u00e9viter la formation d&rsquo;un pli au centre.<\/li>\n<\/ul>\n<h4>NOTE : Cet article est imprim\u00e9 sur demande.<\/h4>\n<p>Il nous faut normalement 2 \u00e0 7 jours ouvrables pour fabriquer nos produits, auxquels il faut <strong>ajouter les d\u00e9lais d&rsquo;exp\u00e9dition<\/strong>. Veuillez consulter la <a href=\"https:\/\/yelopomelo.com\/fr\/foire-aux-questions\/\">page FAQ<\/a> pour conna\u00eetre les estimations actuelles en mati\u00e8re d&rsquo;ex\u00e9cution.<\/p>\n","protected":false},"excerpt":{"rendered":"<p>Faites une d\u00e9claration audacieuse avec cette t-shirt \u00ab I dissent \u00bb, qui pr\u00e9sente le profil de la Notorious RBG dans son collier de dissidence. Parfait pour votre prochaine manifestation politique. La juge Ruth Bader Ginsburg est connue depuis longtemps pour ses cols de dentelle, ou jabots, qu&rsquo;elle porte par-dessus sa robe. Mais ces cols ne [&hellip;]<\/p>\n","protected":false},"featured_media":2785,"comment_status":"open","ping_status":"closed","template":"","meta":{"ocean_post_layout":"","ocean_both_sidebars_style":"","ocean_both_sidebars_content_width":0,"ocean_both_sidebars_sidebars_width":0,"ocean_sidebar":"","ocean_second_sidebar":"","ocean_disable_margins":"enable","ocean_add_body_class":"","ocean_shortcode_before_top_bar":"","ocean_shortcode_after_top_bar":"","ocean_shortcode_before_header":"","ocean_shortcode_after_header":"","ocean_has_shortcode":"","ocean_shortcode_after_title":"","ocean_shortcode_before_footer_widgets":"","ocean_shortcode_after_footer_widgets":"","ocean_shortcode_before_footer_bottom":"","ocean_shortcode_after_footer_bottom":"","ocean_display_top_bar":"default","ocean_display_header":"default","ocean_header_style":"","ocean_center_header_left_menu":"","ocean_custom_header_template":"","ocean_custom_logo":0,"ocean_custom_retina_logo":0,"ocean_custom_logo_max_width":0,"ocean_custom_logo_tablet_max_width":0,"ocean_custom_logo_mobile_max_width":0,"ocean_custom_logo_max_height":0,"ocean_custom_logo_tablet_max_height":0,"ocean_custom_logo_mobile_max_height":0,"ocean_header_custom_menu":"","ocean_menu_typo_font_family":"","ocean_menu_typo_font_subset":"","ocean_menu_typo_font_size":0,"ocean_menu_typo_font_size_tablet":0,"ocean_menu_typo_font_size_mobile":0,"ocean_menu_typo_font_size_unit":"px","ocean_menu_typo_font_weight":"","ocean_menu_typo_font_weight_tablet":"","ocean_menu_typo_font_weight_mobile":"","ocean_menu_typo_transform":"","ocean_menu_typo_transform_tablet":"","ocean_menu_typo_transform_mobile":"","ocean_menu_typo_line_height":0,"ocean_menu_typo_line_height_tablet":0,"ocean_menu_typo_line_height_mobile":0,"ocean_menu_typo_line_height_unit":"","ocean_menu_typo_spacing":0,"ocean_menu_typo_spacing_tablet":0,"ocean_menu_typo_spacing_mobile":0,"ocean_menu_typo_spacing_unit":"","ocean_menu_link_color":"","ocean_menu_link_color_hover":"","ocean_menu_link_color_active":"","ocean_menu_link_background":"","ocean_menu_link_hover_background":"","ocean_menu_link_active_background":"","ocean_menu_social_links_bg":"","ocean_menu_social_hover_links_bg":"","ocean_menu_social_links_color":"","ocean_menu_social_hover_links_color":"","ocean_disable_title":"default","ocean_disable_heading":"default","ocean_post_title":"","ocean_post_subheading":"","ocean_post_title_style":"","ocean_post_title_background_color":"","ocean_post_title_background":0,"ocean_post_title_bg_image_position":"","ocean_post_title_bg_image_attachment":"","ocean_post_title_bg_image_repeat":"","ocean_post_title_bg_image_size":"","ocean_post_title_height":0,"ocean_post_title_bg_overlay":0.5,"ocean_post_title_bg_overlay_color":"","ocean_disable_breadcrumbs":"default","ocean_breadcrumbs_color":"","ocean_breadcrumbs_separator_color":"","ocean_breadcrumbs_links_color":"","ocean_breadcrumbs_links_hover_color":"","ocean_display_footer_widgets":"default","ocean_display_footer_bottom":"default","ocean_custom_footer_template":"","osh_disable_topbar_sticky":"default","osh_disable_header_sticky":"default","osh_sticky_header_style":"default","osh_sticky_header_effect":"","osh_custom_sticky_logo":0,"osh_custom_retina_sticky_logo":0,"osh_custom_sticky_logo_height":0,"osh_background_color":"","osh_links_color":"","osh_links_hover_color":"","osh_links_active_color":"","osh_links_bg_color":"","osh_links_hover_bg_color":"","osh_links_active_bg_color":"","osh_menu_social_links_color":"","osh_menu_social_hover_links_color":"","slim_seo":{"title":"T-shirt \u00ab I dissent \u00bb RBG - Y\u00e9lo Pom\u00e9lo","description":"Faites une d\u00e9claration audacieuse avec cette t-shirt \u00ab I dissent \u00bb, qui pr\u00e9sente le profil de la Notorious RBG dans son collier de dissidence. Parfait pour votr"}},"product_brand":[],"product_cat":[44,242,285,239],"product_tag":[404],"class_list":{"0":"post-6997","1":"product","2":"type-product","3":"status-publish","4":"has-post-thumbnail","6":"product_cat-adult","7":"product_cat-chemises","8":"product_cat-feministe","9":"product_cat-manifestation","10":"product_tag-ruth-bader-ginsburg-2","11":"product_shipping_class-pf-pm-apparel-2","13":"entry","14":"has-media","16":"first","17":"instock","18":"taxable","19":"shipping-taxable","20":"purchasable","21":"product-type-variable","22":"col","23":"span_1_of_3","24":"owp-content-center","25":"owp-thumbs-layout-horizontal","26":"owp-btn-big","27":"owp-tabs-layout-vertical"},"_links":{"self":[{"href":"https:\/\/yelopomelo.com\/fr\/wp-json\/wp\/v2\/product\/6997","targetHints":{"allow":["GET"]}}],"collection":[{"href":"https:\/\/yelopomelo.com\/fr\/wp-json\/wp\/v2\/product"}],"about":[{"href":"https:\/\/yelopomelo.com\/fr\/wp-json\/wp\/v2\/types\/product"}],"replies":[{"embeddable":true,"href":"https:\/\/yelopomelo.com\/fr\/wp-json\/wp\/v2\/comments?post=6997"}],"wp:featuredmedia":[{"embeddable":true,"href":"https:\/\/yelopomelo.com\/fr\/wp-json\/wp\/v2\/media\/2785"}],"wp:attachment":[{"href":"https:\/\/yelopomelo.com\/fr\/wp-json\/wp\/v2\/media?parent=6997"}],"wp:term":[{"taxonomy":"product_brand","embeddable":true,"href":"https:\/\/yelopomelo.com\/fr\/wp-json\/wp\/v2\/product_brand?post=6997"},{"taxonomy":"product_cat","embeddable":true,"href":"https:\/\/yelopomelo.com\/fr\/wp-json\/wp\/v2\/product_cat?post=6997"},{"taxonomy":"product_tag","embeddable":true,"href":"https:\/\/yelopomelo.com\/fr\/wp-json\/wp\/v2\/product_tag?post=6997"}],"curies":[{"name":"wp","href":"https:\/\/api.w.org\/{rel}","templated":true}]}}