{"id":7046,"date":"2025-04-20T13:54:26","date_gmt":"2025-04-20T17:54:26","guid":{"rendered":"https:\/\/yp.wippetywu.com\/?post_type=product&#038;p=7046"},"modified":"2026-03-01T16:19:17","modified_gmt":"2026-03-01T21:19:17","slug":"t-shirt-anti-reconnaissance-faciale","status":"publish","type":"product","link":"https:\/\/yelopomelo.com\/fr\/boutique\/t-shirt-anti-reconnaissance-faciale\/","title":{"rendered":"T-shirt anti-surveillance"},"content":{"rendered":"<p>Protestez contre la technologie de surveillance avec ce t-shirt anti-surveillance. Confondez les cam\u00e9ras avec les faux visages imprim\u00e9s sur tout le maillot. Mod\u00e8le modifi\u00e9 \u00e0 partir des mod\u00e8les anti-surveillance du projet Hyperface.  <\/p>\n<p>Inspir\u00e9 par le projet artistique Project Hyperface (sans affiliation). <strong>Nous ne garantissons pas<\/strong> l\u2019efficacit\u00e9 de ce mod\u00e8le contre les algorithmes d\u2019intelligence artificielle.<\/p>\n<h3>\u00c0 propos de ce t-shirt anti-surveillance :<\/h3>\n<p>\u2022 Fabriqu\u00e9 sur commande sur une chemise imprim\u00e9e int\u00e9grale<br \/>\n\u2022 95% polyester, 5% \u00e9lasthanne (la composition du tissu peut varier de 1%)<br \/>\n\u2022 Poids du tissu : 6,19 oz\/vg\u00b2 (210 g\/m\u00b2)<br \/>\n\u2022 Jersey de poids moyen en tricot de qualit\u00e9 sup\u00e9rieure<br \/>\n\u2022 Tissu extensible dans les quatre sens qui s\u2019\u00e9tire et se r\u00e9cup\u00e8re sur les grains crois\u00e9s et dans le sens de la longueur<\/p>\n<h4>REMARQUE : Cet article est fabriqu\u00e9 sur commande.<\/h4>\n<p>Nous prenons normalement 2 \u00e0 7 jours ouvrables pour fabriquer nos produits, puis vous devriez <strong>ajouter des d\u00e9lais d\u2019exp\u00e9dition en plus de cela<\/strong>. Veuillez consulter <a href=\"https:\/\/yelopomelo.com\/faq\/\">la page FAQ<\/a> pour conna\u00eetre les estimations d\u2019ex\u00e9cution actuelles. <\/p>\n","protected":false},"excerpt":{"rendered":"<p>Protestez contre la technologie de surveillance avec ce t-shirt anti-surveillance. Confondez les cam\u00e9ras avec les faux visages imprim\u00e9s sur tout le maillot. Mod\u00e8le modifi\u00e9 \u00e0 partir des mod\u00e8les anti-surveillance du projet Hyperface. Inspir\u00e9 par le projet artistique Project Hyperface (sans affiliation). Nous ne garantissons pas l\u2019efficacit\u00e9 de ce mod\u00e8le contre les algorithmes d\u2019intelligence artificielle. \u00c0 [&hellip;]<\/p>\n","protected":false},"featured_media":4379,"comment_status":"open","ping_status":"closed","template":"","meta":{"ocean_post_layout":"","ocean_both_sidebars_style":"","ocean_both_sidebars_content_width":0,"ocean_both_sidebars_sidebars_width":0,"ocean_sidebar":"","ocean_second_sidebar":"","ocean_disable_margins":"enable","ocean_add_body_class":"","ocean_shortcode_before_top_bar":"","ocean_shortcode_after_top_bar":"","ocean_shortcode_before_header":"","ocean_shortcode_after_header":"","ocean_has_shortcode":"","ocean_shortcode_after_title":"","ocean_shortcode_before_footer_widgets":"","ocean_shortcode_after_footer_widgets":"","ocean_shortcode_before_footer_bottom":"","ocean_shortcode_after_footer_bottom":"","ocean_display_top_bar":"default","ocean_display_header":"default","ocean_header_style":"","ocean_center_header_left_menu":"","ocean_custom_header_template":"","ocean_custom_logo":0,"ocean_custom_retina_logo":0,"ocean_custom_logo_max_width":0,"ocean_custom_logo_tablet_max_width":0,"ocean_custom_logo_mobile_max_width":0,"ocean_custom_logo_max_height":0,"ocean_custom_logo_tablet_max_height":0,"ocean_custom_logo_mobile_max_height":0,"ocean_header_custom_menu":"","ocean_menu_typo_font_family":"","ocean_menu_typo_font_subset":"","ocean_menu_typo_font_size":0,"ocean_menu_typo_font_size_tablet":0,"ocean_menu_typo_font_size_mobile":0,"ocean_menu_typo_font_size_unit":"px","ocean_menu_typo_font_weight":"","ocean_menu_typo_font_weight_tablet":"","ocean_menu_typo_font_weight_mobile":"","ocean_menu_typo_transform":"","ocean_menu_typo_transform_tablet":"","ocean_menu_typo_transform_mobile":"","ocean_menu_typo_line_height":0,"ocean_menu_typo_line_height_tablet":0,"ocean_menu_typo_line_height_mobile":0,"ocean_menu_typo_line_height_unit":"","ocean_menu_typo_spacing":0,"ocean_menu_typo_spacing_tablet":0,"ocean_menu_typo_spacing_mobile":0,"ocean_menu_typo_spacing_unit":"","ocean_menu_link_color":"","ocean_menu_link_color_hover":"","ocean_menu_link_color_active":"","ocean_menu_link_background":"","ocean_menu_link_hover_background":"","ocean_menu_link_active_background":"","ocean_menu_social_links_bg":"","ocean_menu_social_hover_links_bg":"","ocean_menu_social_links_color":"","ocean_menu_social_hover_links_color":"","ocean_disable_title":"default","ocean_disable_heading":"default","ocean_post_title":"","ocean_post_subheading":"","ocean_post_title_style":"","ocean_post_title_background_color":"","ocean_post_title_background":0,"ocean_post_title_bg_image_position":"","ocean_post_title_bg_image_attachment":"","ocean_post_title_bg_image_repeat":"","ocean_post_title_bg_image_size":"","ocean_post_title_height":0,"ocean_post_title_bg_overlay":0.5,"ocean_post_title_bg_overlay_color":"","ocean_disable_breadcrumbs":"default","ocean_breadcrumbs_color":"","ocean_breadcrumbs_separator_color":"","ocean_breadcrumbs_links_color":"","ocean_breadcrumbs_links_hover_color":"","ocean_display_footer_widgets":"default","ocean_display_footer_bottom":"default","ocean_custom_footer_template":"","osh_disable_topbar_sticky":"default","osh_disable_header_sticky":"default","osh_sticky_header_style":"default","osh_sticky_header_effect":"","osh_custom_sticky_logo":0,"osh_custom_retina_sticky_logo":0,"osh_custom_sticky_logo_height":0,"osh_background_color":"","osh_links_color":"","osh_links_hover_color":"","osh_links_active_color":"","osh_links_bg_color":"","osh_links_hover_bg_color":"","osh_links_active_bg_color":"","osh_menu_social_links_color":"","osh_menu_social_hover_links_color":"","slim_seo":{"title":"T-shirt anti-surveillance - Y\u00e9lo Pom\u00e9lo","description":"Protestez contre la technologie de surveillance avec ce t-shirt anti-surveillance. Confondez les cam\u00e9ras avec les faux visages imprim\u00e9s sur tout le maillot. Mod"}},"product_brand":[],"product_cat":[426,242,266,239],"product_tag":[],"class_list":{"0":"post-7046","1":"product","2":"type-product","3":"status-publish","4":"has-post-thumbnail","6":"product_cat-adulte","7":"product_cat-chemises","8":"product_cat-geeks-de-science","9":"product_cat-manifestation","10":"product_shipping_class-pf-pm-apparel-2","12":"entry","13":"has-media","15":"first","16":"instock","17":"taxable","18":"shipping-taxable","19":"purchasable","20":"product-type-variable","21":"has-rating","22":"col","23":"span_1_of_3","24":"owp-content-center","25":"owp-thumbs-layout-horizontal","26":"owp-btn-big","27":"owp-tabs-layout-vertical"},"_links":{"self":[{"href":"https:\/\/yelopomelo.com\/fr\/wp-json\/wp\/v2\/product\/7046","targetHints":{"allow":["GET"]}}],"collection":[{"href":"https:\/\/yelopomelo.com\/fr\/wp-json\/wp\/v2\/product"}],"about":[{"href":"https:\/\/yelopomelo.com\/fr\/wp-json\/wp\/v2\/types\/product"}],"replies":[{"embeddable":true,"href":"https:\/\/yelopomelo.com\/fr\/wp-json\/wp\/v2\/comments?post=7046"}],"wp:featuredmedia":[{"embeddable":true,"href":"https:\/\/yelopomelo.com\/fr\/wp-json\/wp\/v2\/media\/4379"}],"wp:attachment":[{"href":"https:\/\/yelopomelo.com\/fr\/wp-json\/wp\/v2\/media?parent=7046"}],"wp:term":[{"taxonomy":"product_brand","embeddable":true,"href":"https:\/\/yelopomelo.com\/fr\/wp-json\/wp\/v2\/product_brand?post=7046"},{"taxonomy":"product_cat","embeddable":true,"href":"https:\/\/yelopomelo.com\/fr\/wp-json\/wp\/v2\/product_cat?post=7046"},{"taxonomy":"product_tag","embeddable":true,"href":"https:\/\/yelopomelo.com\/fr\/wp-json\/wp\/v2\/product_tag?post=7046"}],"curies":[{"name":"wp","href":"https:\/\/api.w.org\/{rel}","templated":true}]}}