{"id":7047,"date":"2025-04-20T14:00:45","date_gmt":"2025-04-20T18:00:45","guid":{"rendered":"https:\/\/yp.wippetywu.com\/?post_type=product&#038;p=7047"},"modified":"2025-09-05T05:43:00","modified_gmt":"2025-09-05T09:43:00","slug":"cache-cou-a-tete-de-tigre-et-de-lion-reversible","status":"publish","type":"product","link":"https:\/\/yelopomelo.com\/fr\/boutique\/cache-cou-a-tete-de-tigre-et-de-lion-reversible\/","title":{"rendered":"Cache-cou tigre-lion (r\u00e9versible)"},"content":{"rendered":"<p>Ce cache-cou r\u00e9versible \u00e0 t\u00eate de tigre et de lion peut \u00eatre utilis\u00e9 comme \u00e9cran facial, bandana et cache-cou. Selon la fa\u00e7on dont vous le portez, vous ressemblerez \u00e0 un tigre&#8230; ou un lion! *Magique!*<\/p>\n<p>VEUILLEZ NOTER QU\u2019IL N\u2019EST PAS DESTIN\u00c9 \u00c0 \u00caTRE UTILIS\u00c9 COMME \u00c9QUIPEMENT M\u00c9DICAL.<\/p>\n<h3>\u00c0 propos de ce cache-cou tigre-lion<\/h3>\n<p>\u2013 95% polyester, 5% \u00e9lasthanne (la composition du tissu peut varier de 1%)<br \/>\n\u2013 Poids du tissu : 6,19 oz\/vg\u00b2 (210 g\/m\u00b2)<br \/>\n\u2013 Tissu respirant<br \/>\n\u2013 Lavable et r\u00e9utilisable<br \/>\n\u2013 Tissu extensible dans les quatre sens qui s\u2019\u00e9tire et se r\u00e9cup\u00e8re sur les grains crois\u00e9s et dans le sens de la longueur<br \/>\n\u2013 Taille unique<br \/>\n\u2013 Le motif est imprim\u00e9 sur un c\u00f4t\u00e9, le verso est laiss\u00e9 vide<\/p>\n<h4>REMARQUE : Cet article est fabriqu\u00e9 sur commande.<\/h4>\n<p>Nous prenons normalement 2 \u00e0 7 jours ouvrables pour fabriquer nos produits, puis vous devriez <strong>ajouter des d\u00e9lais d\u2019exp\u00e9dition en plus de cela<\/strong>. Veuillez consulter <a href=\"https:\/\/yelopomelo.com\/fr\/foire-aux-questions\/\">la page FAQ<\/a> pour conna\u00eetre les estimations d\u2019ex\u00e9cution actuelles.<\/p>\n","protected":false},"excerpt":{"rendered":"<p>Ce cache-cou r\u00e9versible \u00e0 t\u00eate de tigre et de lion peut \u00eatre utilis\u00e9 comme \u00e9cran facial, bandana et cache-cou. Selon la fa\u00e7on dont vous le portez, vous ressemblerez \u00e0 un tigre&#8230; ou un lion! *Magique!* VEUILLEZ NOTER QU\u2019IL N\u2019EST PAS DESTIN\u00c9 \u00c0 \u00caTRE UTILIS\u00c9 COMME \u00c9QUIPEMENT M\u00c9DICAL. \u00c0 propos de ce cache-cou tigre-lion \u2013 95% [&hellip;]<\/p>\n","protected":false},"featured_media":4506,"comment_status":"open","ping_status":"closed","template":"","meta":{"ocean_post_layout":"","ocean_both_sidebars_style":"","ocean_both_sidebars_content_width":0,"ocean_both_sidebars_sidebars_width":0,"ocean_sidebar":"","ocean_second_sidebar":"","ocean_disable_margins":"enable","ocean_add_body_class":"","ocean_shortcode_before_top_bar":"","ocean_shortcode_after_top_bar":"","ocean_shortcode_before_header":"","ocean_shortcode_after_header":"","ocean_has_shortcode":"","ocean_shortcode_after_title":"","ocean_shortcode_before_footer_widgets":"","ocean_shortcode_after_footer_widgets":"","ocean_shortcode_before_footer_bottom":"","ocean_shortcode_after_footer_bottom":"","ocean_display_top_bar":"default","ocean_display_header":"default","ocean_header_style":"","ocean_center_header_left_menu":"","ocean_custom_header_template":"","ocean_custom_logo":0,"ocean_custom_retina_logo":0,"ocean_custom_logo_max_width":0,"ocean_custom_logo_tablet_max_width":0,"ocean_custom_logo_mobile_max_width":0,"ocean_custom_logo_max_height":0,"ocean_custom_logo_tablet_max_height":0,"ocean_custom_logo_mobile_max_height":0,"ocean_header_custom_menu":"","ocean_menu_typo_font_family":"","ocean_menu_typo_font_subset":"","ocean_menu_typo_font_size":0,"ocean_menu_typo_font_size_tablet":0,"ocean_menu_typo_font_size_mobile":0,"ocean_menu_typo_font_size_unit":"px","ocean_menu_typo_font_weight":"","ocean_menu_typo_font_weight_tablet":"","ocean_menu_typo_font_weight_mobile":"","ocean_menu_typo_transform":"","ocean_menu_typo_transform_tablet":"","ocean_menu_typo_transform_mobile":"","ocean_menu_typo_line_height":0,"ocean_menu_typo_line_height_tablet":0,"ocean_menu_typo_line_height_mobile":0,"ocean_menu_typo_line_height_unit":"","ocean_menu_typo_spacing":0,"ocean_menu_typo_spacing_tablet":0,"ocean_menu_typo_spacing_mobile":0,"ocean_menu_typo_spacing_unit":"","ocean_menu_link_color":"","ocean_menu_link_color_hover":"","ocean_menu_link_color_active":"","ocean_menu_link_background":"","ocean_menu_link_hover_background":"","ocean_menu_link_active_background":"","ocean_menu_social_links_bg":"","ocean_menu_social_hover_links_bg":"","ocean_menu_social_links_color":"","ocean_menu_social_hover_links_color":"","ocean_disable_title":"default","ocean_disable_heading":"default","ocean_post_title":"","ocean_post_subheading":"","ocean_post_title_style":"","ocean_post_title_background_color":"","ocean_post_title_background":0,"ocean_post_title_bg_image_position":"","ocean_post_title_bg_image_attachment":"","ocean_post_title_bg_image_repeat":"","ocean_post_title_bg_image_size":"","ocean_post_title_height":0,"ocean_post_title_bg_overlay":0.5,"ocean_post_title_bg_overlay_color":"","ocean_disable_breadcrumbs":"default","ocean_breadcrumbs_color":"","ocean_breadcrumbs_separator_color":"","ocean_breadcrumbs_links_color":"","ocean_breadcrumbs_links_hover_color":"","ocean_display_footer_widgets":"default","ocean_display_footer_bottom":"default","ocean_custom_footer_template":"","osh_disable_topbar_sticky":"default","osh_disable_header_sticky":"default","osh_sticky_header_style":"default","osh_sticky_header_effect":"","osh_custom_sticky_logo":0,"osh_custom_retina_sticky_logo":0,"osh_custom_sticky_logo_height":0,"osh_background_color":"","osh_links_color":"","osh_links_hover_color":"","osh_links_active_color":"","osh_links_bg_color":"","osh_links_hover_bg_color":"","osh_links_active_bg_color":"","osh_menu_social_links_color":"","osh_menu_social_hover_links_color":"","slim_seo":{"title":"Cache-cou tigre-lion (r\u00e9versible) - Y\u00e9lo Pom\u00e9lo","description":"Ce cache-cou r\u00e9versible \u00e0 t\u00eate de tigre et de lion peut \u00eatre utilis\u00e9 comme \u00e9cran facial, bandana et cache-cou. Selon la fa\u00e7on dont vous le portez, vous ressembl"}},"product_brand":[],"product_cat":[255,256,337],"product_tag":[],"class_list":{"0":"post-7047","1":"product","2":"type-product","3":"status-publish","4":"has-post-thumbnail","6":"product_cat-accessoires","7":"product_cat-animaux","8":"product_cat-cache-cous","9":"product_shipping_class-pf-pm-apparel-2","11":"entry","12":"has-media","14":"first","15":"instock","16":"taxable","17":"shipping-taxable","18":"purchasable","19":"product-type-simple","20":"has-rating","21":"col","22":"span_1_of_3","23":"owp-content-center","24":"owp-thumbs-layout-horizontal","25":"owp-btn-big","26":"owp-tabs-layout-vertical"},"_links":{"self":[{"href":"https:\/\/yelopomelo.com\/fr\/wp-json\/wp\/v2\/product\/7047","targetHints":{"allow":["GET"]}}],"collection":[{"href":"https:\/\/yelopomelo.com\/fr\/wp-json\/wp\/v2\/product"}],"about":[{"href":"https:\/\/yelopomelo.com\/fr\/wp-json\/wp\/v2\/types\/product"}],"replies":[{"embeddable":true,"href":"https:\/\/yelopomelo.com\/fr\/wp-json\/wp\/v2\/comments?post=7047"}],"wp:featuredmedia":[{"embeddable":true,"href":"https:\/\/yelopomelo.com\/fr\/wp-json\/wp\/v2\/media\/4506"}],"wp:attachment":[{"href":"https:\/\/yelopomelo.com\/fr\/wp-json\/wp\/v2\/media?parent=7047"}],"wp:term":[{"taxonomy":"product_brand","embeddable":true,"href":"https:\/\/yelopomelo.com\/fr\/wp-json\/wp\/v2\/product_brand?post=7047"},{"taxonomy":"product_cat","embeddable":true,"href":"https:\/\/yelopomelo.com\/fr\/wp-json\/wp\/v2\/product_cat?post=7047"},{"taxonomy":"product_tag","embeddable":true,"href":"https:\/\/yelopomelo.com\/fr\/wp-json\/wp\/v2\/product_tag?post=7047"}],"curies":[{"name":"wp","href":"https:\/\/api.w.org\/{rel}","templated":true}]}}