{"id":7052,"date":"2025-04-20T13:56:32","date_gmt":"2025-04-20T17:56:32","guid":{"rendered":"https:\/\/yp.wippetywu.com\/?post_type=product&#038;p=7052"},"modified":"2025-05-07T13:34:11","modified_gmt":"2025-05-07T17:34:11","slug":"sweat-yule-got-this","status":"publish","type":"product","link":"https:\/\/yelopomelo.com\/fr\/boutique\/sweat-yule-got-this\/","title":{"rendered":"Coton ouat\u00e9 \u00ab Yule Got This \u00bb"},"content":{"rendered":"<p>Dominez la f\u00eate de No\u00ebl Zoom de cette ann\u00e9e avec ce coton ouat\u00e9 \u00ab Yule Got This \u00bb! C\u2019est aussi un cadeau de tueur pour tout le monde&#8230; Parce que You Got This. <\/p>\n<h3>\u00c0 propos de ce Coton ouat\u00e9 \u00ab Yule Got This \u00bb<\/h3>\n<p>\u2022 Fabriqu\u00e9 sur commande sur un chandail unisexe classique Gildan 18000<br \/>\n\u2022 50% coton, 50% polyester<br \/>\n\u2022 Poids du tissu : 8,0 oz\/vg\u00b2 (271,25 g\/m\u00b2)<br \/>\n\u2022 Pr\u00e9-r\u00e9tr\u00e9ci<br \/>\n\u2022 Col en tricot c\u00f4tel\u00e9 athl\u00e9tique 1&#215;1 avec \u00e9lasthanne<br \/>\n\u2022 Fil fil\u00e9 au jet d\u2019air avec une sensation douce et un boulochage r\u00e9duit<br \/>\n\u2022 Col, \u00e9paules, emmanchures, poignets et ourlet cousus \u00e0 double aiguille<br \/>\n\u2022 Quart de tour pour \u00e9viter les plis au milieu<\/p>\n<h4>REMARQUE : CET ARTICLE EST FABRIQU\u00c9 SUR COMMANDE<\/h4>\n<p>Nous prenons normalement 2 \u00e0 7 jours ouvrables pour cr\u00e9er nos produits, puis vous devriez <strong>ajouter des d\u00e9lais d\u2019exp\u00e9dition en plus de cela<\/strong>. Veuillez consulter <a href=\"https:\/\/yelopomelo.com\/faq\/\">la page FAQ<\/a> pour conna\u00eetre les estimations d\u2019ex\u00e9cution actuelles.<\/p>\n","protected":false},"excerpt":{"rendered":"<p>Dominez la f\u00eate de No\u00ebl Zoom de cette ann\u00e9e avec ce coton ouat\u00e9 \u00ab Yule Got This \u00bb! C\u2019est aussi un cadeau de tueur pour tout le monde&#8230; Parce que You Got This. \u00c0 propos de ce Coton ouat\u00e9 \u00ab Yule Got This \u00bb \u2022 Fabriqu\u00e9 sur commande sur un chandail unisexe classique Gildan 18000 [&hellip;]<\/p>\n","protected":false},"featured_media":5424,"comment_status":"open","ping_status":"closed","template":"","meta":{"ocean_post_layout":"","ocean_both_sidebars_style":"","ocean_both_sidebars_content_width":0,"ocean_both_sidebars_sidebars_width":0,"ocean_sidebar":"","ocean_second_sidebar":"","ocean_disable_margins":"enable","ocean_add_body_class":"","ocean_shortcode_before_top_bar":"","ocean_shortcode_after_top_bar":"","ocean_shortcode_before_header":"","ocean_shortcode_after_header":"","ocean_has_shortcode":"","ocean_shortcode_after_title":"","ocean_shortcode_before_footer_widgets":"","ocean_shortcode_after_footer_widgets":"","ocean_shortcode_before_footer_bottom":"","ocean_shortcode_after_footer_bottom":"","ocean_display_top_bar":"default","ocean_display_header":"default","ocean_header_style":"","ocean_center_header_left_menu":"","ocean_custom_header_template":"","ocean_custom_logo":0,"ocean_custom_retina_logo":0,"ocean_custom_logo_max_width":0,"ocean_custom_logo_tablet_max_width":0,"ocean_custom_logo_mobile_max_width":0,"ocean_custom_logo_max_height":0,"ocean_custom_logo_tablet_max_height":0,"ocean_custom_logo_mobile_max_height":0,"ocean_header_custom_menu":"","ocean_menu_typo_font_family":"","ocean_menu_typo_font_subset":"","ocean_menu_typo_font_size":0,"ocean_menu_typo_font_size_tablet":0,"ocean_menu_typo_font_size_mobile":0,"ocean_menu_typo_font_size_unit":"px","ocean_menu_typo_font_weight":"","ocean_menu_typo_font_weight_tablet":"","ocean_menu_typo_font_weight_mobile":"","ocean_menu_typo_transform":"","ocean_menu_typo_transform_tablet":"","ocean_menu_typo_transform_mobile":"","ocean_menu_typo_line_height":0,"ocean_menu_typo_line_height_tablet":0,"ocean_menu_typo_line_height_mobile":0,"ocean_menu_typo_line_height_unit":"","ocean_menu_typo_spacing":0,"ocean_menu_typo_spacing_tablet":0,"ocean_menu_typo_spacing_mobile":0,"ocean_menu_typo_spacing_unit":"","ocean_menu_link_color":"","ocean_menu_link_color_hover":"","ocean_menu_link_color_active":"","ocean_menu_link_background":"","ocean_menu_link_hover_background":"","ocean_menu_link_active_background":"","ocean_menu_social_links_bg":"","ocean_menu_social_hover_links_bg":"","ocean_menu_social_links_color":"","ocean_menu_social_hover_links_color":"","ocean_disable_title":"default","ocean_disable_heading":"default","ocean_post_title":"","ocean_post_subheading":"","ocean_post_title_style":"","ocean_post_title_background_color":"","ocean_post_title_background":0,"ocean_post_title_bg_image_position":"","ocean_post_title_bg_image_attachment":"","ocean_post_title_bg_image_repeat":"","ocean_post_title_bg_image_size":"","ocean_post_title_height":0,"ocean_post_title_bg_overlay":0.5,"ocean_post_title_bg_overlay_color":"","ocean_disable_breadcrumbs":"default","ocean_breadcrumbs_color":"","ocean_breadcrumbs_separator_color":"","ocean_breadcrumbs_links_color":"","ocean_breadcrumbs_links_hover_color":"","ocean_display_footer_widgets":"default","ocean_display_footer_bottom":"default","ocean_custom_footer_template":"","osh_disable_topbar_sticky":"default","osh_disable_header_sticky":"default","osh_sticky_header_style":"default","osh_sticky_header_effect":"","osh_custom_sticky_logo":0,"osh_custom_retina_sticky_logo":0,"osh_custom_sticky_logo_height":0,"osh_background_color":"","osh_links_color":"","osh_links_hover_color":"","osh_links_active_color":"","osh_links_bg_color":"","osh_links_hover_bg_color":"","osh_links_active_bg_color":"","osh_menu_social_links_color":"","osh_menu_social_hover_links_color":"","slim_seo":{"title":"Coton ouat\u00e9 \u00ab Yule Got This \u00bb - Y\u00e9lo Pom\u00e9lo","description":"Dominez la f\u00eate de No\u00ebl Zoom de cette ann\u00e9e avec ce coton ouat\u00e9 \u00ab Yule Got This \u00bb! C\u2019est aussi un cadeau de tueur pour tout le monde... Parce que You Got This."}},"product_brand":[],"product_cat":[426,295,301,296],"product_tag":[],"class_list":{"0":"post-7052","1":"product","2":"type-product","3":"status-publish","4":"has-post-thumbnail","6":"product_cat-adulte","7":"product_cat-cest-la-saison","8":"product_cat-les-jeunes","9":"product_cat-sweats-et-kangourous","10":"product_shipping_class-towels-2","12":"entry","13":"has-media","15":"first","16":"instock","17":"taxable","18":"shipping-taxable","19":"purchasable","20":"product-type-variable","21":"col","22":"span_1_of_3","23":"owp-content-center","24":"owp-thumbs-layout-horizontal","25":"owp-btn-big","26":"owp-tabs-layout-vertical"},"_links":{"self":[{"href":"https:\/\/yelopomelo.com\/fr\/wp-json\/wp\/v2\/product\/7052","targetHints":{"allow":["GET"]}}],"collection":[{"href":"https:\/\/yelopomelo.com\/fr\/wp-json\/wp\/v2\/product"}],"about":[{"href":"https:\/\/yelopomelo.com\/fr\/wp-json\/wp\/v2\/types\/product"}],"replies":[{"embeddable":true,"href":"https:\/\/yelopomelo.com\/fr\/wp-json\/wp\/v2\/comments?post=7052"}],"wp:featuredmedia":[{"embeddable":true,"href":"https:\/\/yelopomelo.com\/fr\/wp-json\/wp\/v2\/media\/5424"}],"wp:attachment":[{"href":"https:\/\/yelopomelo.com\/fr\/wp-json\/wp\/v2\/media?parent=7052"}],"wp:term":[{"taxonomy":"product_brand","embeddable":true,"href":"https:\/\/yelopomelo.com\/fr\/wp-json\/wp\/v2\/product_brand?post=7052"},{"taxonomy":"product_cat","embeddable":true,"href":"https:\/\/yelopomelo.com\/fr\/wp-json\/wp\/v2\/product_cat?post=7052"},{"taxonomy":"product_tag","embeddable":true,"href":"https:\/\/yelopomelo.com\/fr\/wp-json\/wp\/v2\/product_tag?post=7052"}],"curies":[{"name":"wp","href":"https:\/\/api.w.org\/{rel}","templated":true}]}}