{"id":7135,"date":"2025-04-20T13:50:45","date_gmt":"2025-04-20T17:50:45","guid":{"rendered":"https:\/\/yp.wippetywu.com\/?post_type=product&#038;p=7135"},"modified":"2025-05-21T18:06:39","modified_gmt":"2025-05-21T22:06:39","slug":"t-shirt-pour-enfants-human-beings-colours-may-vary-les-couleurs-peuvent-varier","status":"publish","type":"product","link":"https:\/\/yelopomelo.com\/fr\/boutique\/t-shirt-pour-enfants-human-beings-colours-may-vary-les-couleurs-peuvent-varier\/","title":{"rendered":"T-shirt \u00ab Human Beings Colors May Vary \u00bb pour enfants"},"content":{"rendered":"<p>C\u00e9l\u00e9brez la fiert\u00e9 avec ce t-shirt \u00ab Human Beings, Colors May Vary \u00bb pour enfants! Que vous soyez am\u00e9ricain, canadien, britannique ou autre, vous pouvez choisir votre orthographe pr\u00e9f\u00e9r\u00e9e pour COLO(U)R! \ud83d\ude09  <\/p>\n<p>Faites-en un ensemble familial avec notre t-shirt pour adultes \u00ab Human Beings \u00bb.<\/p>\n<h3>\u00c0 propos du T-shirt \u00ab Human Beings Colors May Vary \u00bb pour enfants :<\/h3>\n<p>\u2013 Fabriqu\u00e9 sur commande sur un t-shirt pour tout-petit de qualit\u00e9 sup\u00e9rieure (Next Level 3110 ou Bella + Canvas 3001T, selon la disponibilit\u00e9 des stocks)<br \/>\n\u2013 100% coton<br \/>\n\u2013 Lavage \u00e0 la machine \u00e0 l\u2019eau froide<\/p>\n<h3>\u00c0 propos du T-shirt \u00ab Human Beings Colors May Vary \u00bb pour jeunes :<\/h3>\n<p>\u2013 Fabriqu\u00e9 sur commande sur un t-shirt unisexe \u00e0 manches courtes en jersey unisexe Bella + Canvas 3001Y pour jeunes<br \/>\n\u2013 4,2 oz, 100% coton peign\u00e9 et fil\u00e9 \u00e0 l\u2019anneau Airlume, 32 simples<br \/>\n\u2013 Lavage \u00e0 la machine \u00e0 l\u2019eau froide<\/p>\n<h4>REMARQUE : Cet article est imprim\u00e9 sur commande.<\/h4>\n<p>Nous prenons normalement 2 \u00e0 7 jours ouvrables pour cr\u00e9er nos produits, puis vous devriez <strong>ajouter des d\u00e9lais d\u2019exp\u00e9dition en plus de cela<\/strong>. Veuillez consulter <a href=\"https:\/\/yelopomelo.com\/faq\/\">la page FAQ<\/a> pour conna\u00eetre les estimations d\u2019ex\u00e9cution actuelles.<\/p>\n","protected":false},"excerpt":{"rendered":"<p>C\u00e9l\u00e9brez la fiert\u00e9 avec ce t-shirt \u00ab Human Beings, Colors May Vary \u00bb pour enfants! Que vous soyez am\u00e9ricain, canadien, britannique ou autre, vous pouvez choisir votre orthographe pr\u00e9f\u00e9r\u00e9e pour COLO(U)R! \ud83d\ude09 Faites-en un ensemble familial avec notre t-shirt pour adultes \u00ab Human Beings \u00bb. \u00c0 propos du T-shirt \u00ab Human Beings Colors May Vary [&hellip;]<\/p>\n","protected":false},"featured_media":4808,"comment_status":"open","ping_status":"closed","template":"","meta":{"ocean_post_layout":"","ocean_both_sidebars_style":"","ocean_both_sidebars_content_width":0,"ocean_both_sidebars_sidebars_width":0,"ocean_sidebar":"","ocean_second_sidebar":"","ocean_disable_margins":"enable","ocean_add_body_class":"","ocean_shortcode_before_top_bar":"","ocean_shortcode_after_top_bar":"","ocean_shortcode_before_header":"","ocean_shortcode_after_header":"","ocean_has_shortcode":"","ocean_shortcode_after_title":"","ocean_shortcode_before_footer_widgets":"","ocean_shortcode_after_footer_widgets":"","ocean_shortcode_before_footer_bottom":"","ocean_shortcode_after_footer_bottom":"","ocean_display_top_bar":"default","ocean_display_header":"default","ocean_header_style":"","ocean_center_header_left_menu":"","ocean_custom_header_template":"","ocean_custom_logo":0,"ocean_custom_retina_logo":0,"ocean_custom_logo_max_width":0,"ocean_custom_logo_tablet_max_width":0,"ocean_custom_logo_mobile_max_width":0,"ocean_custom_logo_max_height":0,"ocean_custom_logo_tablet_max_height":0,"ocean_custom_logo_mobile_max_height":0,"ocean_header_custom_menu":"","ocean_menu_typo_font_family":"","ocean_menu_typo_font_subset":"","ocean_menu_typo_font_size":0,"ocean_menu_typo_font_size_tablet":0,"ocean_menu_typo_font_size_mobile":0,"ocean_menu_typo_font_size_unit":"px","ocean_menu_typo_font_weight":"","ocean_menu_typo_font_weight_tablet":"","ocean_menu_typo_font_weight_mobile":"","ocean_menu_typo_transform":"","ocean_menu_typo_transform_tablet":"","ocean_menu_typo_transform_mobile":"","ocean_menu_typo_line_height":0,"ocean_menu_typo_line_height_tablet":0,"ocean_menu_typo_line_height_mobile":0,"ocean_menu_typo_line_height_unit":"","ocean_menu_typo_spacing":0,"ocean_menu_typo_spacing_tablet":0,"ocean_menu_typo_spacing_mobile":0,"ocean_menu_typo_spacing_unit":"","ocean_menu_link_color":"","ocean_menu_link_color_hover":"","ocean_menu_link_color_active":"","ocean_menu_link_background":"","ocean_menu_link_hover_background":"","ocean_menu_link_active_background":"","ocean_menu_social_links_bg":"","ocean_menu_social_hover_links_bg":"","ocean_menu_social_links_color":"","ocean_menu_social_hover_links_color":"","ocean_disable_title":"default","ocean_disable_heading":"default","ocean_post_title":"","ocean_post_subheading":"","ocean_post_title_style":"","ocean_post_title_background_color":"","ocean_post_title_background":0,"ocean_post_title_bg_image_position":"","ocean_post_title_bg_image_attachment":"","ocean_post_title_bg_image_repeat":"","ocean_post_title_bg_image_size":"","ocean_post_title_height":0,"ocean_post_title_bg_overlay":0.5,"ocean_post_title_bg_overlay_color":"","ocean_disable_breadcrumbs":"default","ocean_breadcrumbs_color":"","ocean_breadcrumbs_separator_color":"","ocean_breadcrumbs_links_color":"","ocean_breadcrumbs_links_hover_color":"","ocean_display_footer_widgets":"default","ocean_display_footer_bottom":"default","ocean_custom_footer_template":"","osh_disable_topbar_sticky":"default","osh_disable_header_sticky":"default","osh_sticky_header_style":"default","osh_sticky_header_effect":"","osh_custom_sticky_logo":0,"osh_custom_retina_sticky_logo":0,"osh_custom_sticky_logo_height":0,"osh_background_color":"","osh_links_color":"","osh_links_hover_color":"","osh_links_active_color":"","osh_links_bg_color":"","osh_links_hover_bg_color":"","osh_links_active_bg_color":"","osh_menu_social_links_color":"","osh_menu_social_hover_links_color":"","slim_seo":{"title":"T-shirt \u00ab Human Beings Colors May Vary \u00bb pour enfants - Y\u00e9lo Pom\u00e9lo","description":"C\u00e9l\u00e9brez la fiert\u00e9 avec ce t-shirt \u00ab Human Beings, Colors May Vary \u00bb pour enfants! Que vous soyez am\u00e9ricain, canadien, britannique ou autre, vous pouvez choisir"}},"product_brand":[],"product_cat":[242,272,301,294],"product_tag":[340,421],"class_list":{"0":"post-7135","1":"product","2":"type-product","3":"status-publish","4":"has-post-thumbnail","6":"product_cat-chemises","7":"product_cat-fierte-lgbtq","8":"product_cat-les-jeunes","9":"product_cat-tout-petit","10":"product_tag-fierte","11":"product_tag-lgbtq-2","12":"product_shipping_class-pf-pm-apparel-2","14":"entry","15":"has-media","17":"first","18":"instock","19":"taxable","20":"shipping-taxable","21":"purchasable","22":"product-type-variable","23":"col","24":"span_1_of_3","25":"owp-content-center","26":"owp-thumbs-layout-horizontal","27":"owp-btn-big","28":"owp-tabs-layout-vertical"},"_links":{"self":[{"href":"https:\/\/yelopomelo.com\/fr\/wp-json\/wp\/v2\/product\/7135","targetHints":{"allow":["GET"]}}],"collection":[{"href":"https:\/\/yelopomelo.com\/fr\/wp-json\/wp\/v2\/product"}],"about":[{"href":"https:\/\/yelopomelo.com\/fr\/wp-json\/wp\/v2\/types\/product"}],"replies":[{"embeddable":true,"href":"https:\/\/yelopomelo.com\/fr\/wp-json\/wp\/v2\/comments?post=7135"}],"wp:featuredmedia":[{"embeddable":true,"href":"https:\/\/yelopomelo.com\/fr\/wp-json\/wp\/v2\/media\/4808"}],"wp:attachment":[{"href":"https:\/\/yelopomelo.com\/fr\/wp-json\/wp\/v2\/media?parent=7135"}],"wp:term":[{"taxonomy":"product_brand","embeddable":true,"href":"https:\/\/yelopomelo.com\/fr\/wp-json\/wp\/v2\/product_brand?post=7135"},{"taxonomy":"product_cat","embeddable":true,"href":"https:\/\/yelopomelo.com\/fr\/wp-json\/wp\/v2\/product_cat?post=7135"},{"taxonomy":"product_tag","embeddable":true,"href":"https:\/\/yelopomelo.com\/fr\/wp-json\/wp\/v2\/product_tag?post=7135"}],"curies":[{"name":"wp","href":"https:\/\/api.w.org\/{rel}","templated":true}]}}