{"id":7226,"date":"2025-04-20T13:58:42","date_gmt":"2025-04-20T17:58:42","guid":{"rendered":"https:\/\/yp.wippetywu.com\/?post_type=product&#038;p=7226"},"modified":"2025-04-20T14:35:50","modified_gmt":"2025-04-20T18:35:50","slug":"t-shirt-ok-boomer","status":"publish","type":"product","link":"https:\/\/yelopomelo.com\/fr\/boutique\/t-shirt-ok-boomer\/","title":{"rendered":"T-shirt \u00ab OK Boomer \u00bb"},"content":{"rendered":"<p>Ce t-shirt OK BOOMER est la r\u00e9ponse parfaite au baby-boomers qui r\u00e9primandent sans cesse. Un beau cadeau pour la g\u00e9n\u00e9ration Y, \u00e9videmment.<\/p>\n<p>Vous aimeriez peut-\u00eatre notre <a href=\"https:\/\/yelopomelo.com\/ok-boomer-sweatshirt\/\">Sweat \u00ab OK Boomer \u00bb<\/a><\/p>\n<h3>\u00c0 propos de ce T-shirt \u00ab OK Boomer \u00bb<\/h3>\n<p>\u2013 Imprim\u00e9 sur commande sur une chemise softstyle unisexe Gildan 64000<br \/>\n\u2013 Pr\u00e9-r\u00e9tr\u00e9ci, 100% coton ring-spun<br \/>\n\u2013 Poids du tissu : 153 g\/m\u00b2 (4,5 oz\/y\u00b2)<br \/>\n\u2013 Coutures renforc\u00e9es aux \u00e9paules et quart de tour pour \u00e9viter un pli au centre<\/p>\n<h4>NOTE : Cet article est imprim\u00e9 sur demande.<\/h4>\n<p>Il nous faut normalement 2 \u00e0 7 jours ouvrables pour fabriquer nos produits, auxquels il faut <strong>ajouter les d\u00e9lais d&rsquo;exp\u00e9dition<\/strong>. Veuillez consulter la <a href=\"https:\/\/yelopomelo.com\/fr\/foire-aux-questions\/\">page FAQ<\/a> pour conna\u00eetre les estimations actuelles en mati\u00e8re d&rsquo;ex\u00e9cution.<\/p>\n","protected":false},"excerpt":{"rendered":"<p>Ce t-shirt OK BOOMER est la r\u00e9ponse parfaite au baby-boomers qui r\u00e9primandent sans cesse. Un beau cadeau pour la g\u00e9n\u00e9ration Y, \u00e9videmment. Vous aimeriez peut-\u00eatre notre Sweat \u00ab OK Boomer \u00bb \u00c0 propos de ce T-shirt \u00ab OK Boomer \u00bb \u2013 Imprim\u00e9 sur commande sur une chemise softstyle unisexe Gildan 64000 \u2013 Pr\u00e9-r\u00e9tr\u00e9ci, 100% coton [&hellip;]<\/p>\n","protected":false},"featured_media":3955,"comment_status":"open","ping_status":"closed","template":"","meta":{"ocean_post_layout":"","ocean_both_sidebars_style":"","ocean_both_sidebars_content_width":0,"ocean_both_sidebars_sidebars_width":0,"ocean_sidebar":"","ocean_second_sidebar":"","ocean_disable_margins":"enable","ocean_add_body_class":"","ocean_shortcode_before_top_bar":"","ocean_shortcode_after_top_bar":"","ocean_shortcode_before_header":"","ocean_shortcode_after_header":"","ocean_has_shortcode":"","ocean_shortcode_after_title":"","ocean_shortcode_before_footer_widgets":"","ocean_shortcode_after_footer_widgets":"","ocean_shortcode_before_footer_bottom":"","ocean_shortcode_after_footer_bottom":"","ocean_display_top_bar":"default","ocean_display_header":"default","ocean_header_style":"","ocean_center_header_left_menu":"","ocean_custom_header_template":"","ocean_custom_logo":0,"ocean_custom_retina_logo":0,"ocean_custom_logo_max_width":0,"ocean_custom_logo_tablet_max_width":0,"ocean_custom_logo_mobile_max_width":0,"ocean_custom_logo_max_height":0,"ocean_custom_logo_tablet_max_height":0,"ocean_custom_logo_mobile_max_height":0,"ocean_header_custom_menu":"","ocean_menu_typo_font_family":"","ocean_menu_typo_font_subset":"","ocean_menu_typo_font_size":0,"ocean_menu_typo_font_size_tablet":0,"ocean_menu_typo_font_size_mobile":0,"ocean_menu_typo_font_size_unit":"px","ocean_menu_typo_font_weight":"","ocean_menu_typo_font_weight_tablet":"","ocean_menu_typo_font_weight_mobile":"","ocean_menu_typo_transform":"","ocean_menu_typo_transform_tablet":"","ocean_menu_typo_transform_mobile":"","ocean_menu_typo_line_height":0,"ocean_menu_typo_line_height_tablet":0,"ocean_menu_typo_line_height_mobile":0,"ocean_menu_typo_line_height_unit":"","ocean_menu_typo_spacing":0,"ocean_menu_typo_spacing_tablet":0,"ocean_menu_typo_spacing_mobile":0,"ocean_menu_typo_spacing_unit":"","ocean_menu_link_color":"","ocean_menu_link_color_hover":"","ocean_menu_link_color_active":"","ocean_menu_link_background":"","ocean_menu_link_hover_background":"","ocean_menu_link_active_background":"","ocean_menu_social_links_bg":"","ocean_menu_social_hover_links_bg":"","ocean_menu_social_links_color":"","ocean_menu_social_hover_links_color":"","ocean_disable_title":"default","ocean_disable_heading":"default","ocean_post_title":"","ocean_post_subheading":"","ocean_post_title_style":"","ocean_post_title_background_color":"","ocean_post_title_background":0,"ocean_post_title_bg_image_position":"","ocean_post_title_bg_image_attachment":"","ocean_post_title_bg_image_repeat":"","ocean_post_title_bg_image_size":"","ocean_post_title_height":0,"ocean_post_title_bg_overlay":0.5,"ocean_post_title_bg_overlay_color":"","ocean_disable_breadcrumbs":"default","ocean_breadcrumbs_color":"","ocean_breadcrumbs_separator_color":"","ocean_breadcrumbs_links_color":"","ocean_breadcrumbs_links_hover_color":"","ocean_display_footer_widgets":"default","ocean_display_footer_bottom":"default","ocean_custom_footer_template":"","osh_disable_topbar_sticky":"default","osh_disable_header_sticky":"default","osh_sticky_header_style":"default","osh_sticky_header_effect":"","osh_custom_sticky_logo":0,"osh_custom_retina_sticky_logo":0,"osh_custom_sticky_logo_height":0,"osh_background_color":"","osh_links_color":"","osh_links_hover_color":"","osh_links_active_color":"","osh_links_bg_color":"","osh_links_hover_bg_color":"","osh_links_active_bg_color":"","osh_menu_social_links_color":"","osh_menu_social_hover_links_color":"","slim_seo":{"title":"T-shirt \u00ab OK Boomer \u00bb - Y\u00e9lo Pom\u00e9lo","description":"Ce t-shirt OK BOOMER est la r\u00e9ponse parfaite au baby-boomers qui r\u00e9primandent sans cesse. Un beau cadeau pour la g\u00e9n\u00e9ration Y, \u00e9videmment. Vous aimeriez peut-\u00eat"}},"product_brand":[],"product_cat":[44,242,273],"product_tag":[],"class_list":{"0":"post-7226","1":"product","2":"type-product","3":"status-publish","4":"has-post-thumbnail","6":"product_cat-adult","7":"product_cat-chemises","8":"product_cat-impertinent","9":"product_shipping_class-pf-pm-apparel-2","11":"entry","12":"has-media","14":"first","15":"instock","16":"taxable","17":"shipping-taxable","18":"purchasable","19":"product-type-variable","20":"col","21":"span_1_of_3","22":"owp-content-center","23":"owp-thumbs-layout-horizontal","24":"owp-btn-big","25":"owp-tabs-layout-vertical"},"_links":{"self":[{"href":"https:\/\/yelopomelo.com\/fr\/wp-json\/wp\/v2\/product\/7226","targetHints":{"allow":["GET"]}}],"collection":[{"href":"https:\/\/yelopomelo.com\/fr\/wp-json\/wp\/v2\/product"}],"about":[{"href":"https:\/\/yelopomelo.com\/fr\/wp-json\/wp\/v2\/types\/product"}],"replies":[{"embeddable":true,"href":"https:\/\/yelopomelo.com\/fr\/wp-json\/wp\/v2\/comments?post=7226"}],"wp:featuredmedia":[{"embeddable":true,"href":"https:\/\/yelopomelo.com\/fr\/wp-json\/wp\/v2\/media\/3955"}],"wp:attachment":[{"href":"https:\/\/yelopomelo.com\/fr\/wp-json\/wp\/v2\/media?parent=7226"}],"wp:term":[{"taxonomy":"product_brand","embeddable":true,"href":"https:\/\/yelopomelo.com\/fr\/wp-json\/wp\/v2\/product_brand?post=7226"},{"taxonomy":"product_cat","embeddable":true,"href":"https:\/\/yelopomelo.com\/fr\/wp-json\/wp\/v2\/product_cat?post=7226"},{"taxonomy":"product_tag","embeddable":true,"href":"https:\/\/yelopomelo.com\/fr\/wp-json\/wp\/v2\/product_tag?post=7226"}],"curies":[{"name":"wp","href":"https:\/\/api.w.org\/{rel}","templated":true}]}}