{"id":7321,"date":"2025-04-20T13:45:19","date_gmt":"2025-04-20T17:45:19","guid":{"rendered":"https:\/\/yp.wippetywu.com\/?post_type=product&#038;p=7321"},"modified":"2025-05-20T19:46:34","modified_gmt":"2025-05-20T23:46:34","slug":"t-shirt-radio-ga-ga-pour-enfants","status":"publish","type":"product","link":"https:\/\/yelopomelo.com\/fr\/boutique\/t-shirt-radio-ga-ga-pour-enfants\/","title":{"rendered":"T-shirt \u00ab Radio Ga Ga \u00bb pour enfants"},"content":{"rendered":"<p>Ce t-shirt \u00ab Radio Ga Ga \u00bb pour enfants est un excellent cadeau pour les jeunes fans de Queen. Cette chemise est un compagnon de notre <a href=\"https:\/\/yelopomelo.com\/shop\/radio-ga-ga-shirt\/\">t-shirt pour adulte Radio Ga Ga et<\/a> de notre <a href=\"https:\/\/yelopomelo.com\/radio-ga-ga-onesie\/\">cache-couche pour b\u00e9b\u00e9 Radio Ga Ga<\/a>. Faites-en un ensemble assorti!<\/p>\n<p><em>\u00ab You had your time, you had the power&#8230; You&rsquo;ve yet to have your finest hour&#8230; RADIO! \u00bb<\/em><\/p>\n<p><iframe src=\"https:\/\/open.spotify.com\/embed\/track\/1nQRg9q9uwALGzouOX5OyQ\" width=\"300\" height=\"380\" frameborder=\"0\"><\/iframe><\/p>\n<h3>\u00c0 propos de ce T-shirt \u00ab Radio Ga Ga \u00bb pour enfants<\/h3>\n<ul>\n<li>Les tailles pour tout-petits (2T \u00e0 5T) sont disponibles en blanc, bleu chin\u00e9 et rose (imprim\u00e9 sur les t-shirts pour tout-petits Bellas + Canvas 3001T)<\/li>\n<li>Les tailles pour jeunes (S \u00e0 XL) sont disponibles en blanc, bleu chin\u00e9 et gris chin\u00e9 (imprim\u00e9 sur les t-shirts Bellas + Canvas 3001Y pour jeunes)<\/li>\n<li>Les couleurs unies sont 100% coton peign\u00e9 et fil\u00e9 \u00e0 l\u2019anneau Airlume<\/li>\n<li>Le bleu chin\u00e9 est compos\u00e9 de 52% de coton peign\u00e9 et fil\u00e9 \u00e0 l\u2019anneau, 48% de polyester<\/li>\n<li>Le gris chin\u00e9 athl\u00e9tique est compos\u00e9 \u00e0 90% de coton peign\u00e9 et fil\u00e9 \u00e0 l\u2019anneau, 10% de polyester<\/li>\n<li>Poids du tissu : 4,2 oz\/vg\u00b2 (142 g\/m\u00b2)<\/li>\n<li>Coupe d\u00e9contract\u00e9e<\/li>\n<li>32 fils simples<\/li>\n<li>Tissu pr\u00e9-r\u00e9tr\u00e9ci<\/li>\n<\/ul>\n<h4>REMARQUE : Cet article est imprim\u00e9 sur commande.<\/h4>\n<p>Nous prenons normalement 2 \u00e0 7 jours ouvrables pour fabriquer nos produits, puis vous devriez <strong>ajouter des d\u00e9lais d\u2019exp\u00e9dition en plus de cela<\/strong>. Veuillez consulter <a href=\"https:\/\/yelopomelo.com\/faq\/\">la page FAQ<\/a> pour conna\u00eetre les estimations d\u2019ex\u00e9cution actuelles.<\/p>\n","protected":false},"excerpt":{"rendered":"<p>Ce t-shirt \u00ab Radio Ga Ga \u00bb pour enfants est un excellent cadeau pour les jeunes fans de Queen. Cette chemise est un compagnon de notre t-shirt pour adulte Radio Ga Ga et de notre cache-couche pour b\u00e9b\u00e9 Radio Ga Ga. Faites-en un ensemble assorti! \u00ab You had your time, you had the power&#8230; You&rsquo;ve [&hellip;]<\/p>\n","protected":false},"featured_media":2770,"comment_status":"open","ping_status":"closed","template":"","meta":{"ocean_post_layout":"","ocean_both_sidebars_style":"","ocean_both_sidebars_content_width":0,"ocean_both_sidebars_sidebars_width":0,"ocean_sidebar":"","ocean_second_sidebar":"","ocean_disable_margins":"enable","ocean_add_body_class":"","ocean_shortcode_before_top_bar":"","ocean_shortcode_after_top_bar":"","ocean_shortcode_before_header":"","ocean_shortcode_after_header":"","ocean_has_shortcode":"","ocean_shortcode_after_title":"","ocean_shortcode_before_footer_widgets":"","ocean_shortcode_after_footer_widgets":"","ocean_shortcode_before_footer_bottom":"","ocean_shortcode_after_footer_bottom":"","ocean_display_top_bar":"default","ocean_display_header":"default","ocean_header_style":"","ocean_center_header_left_menu":"","ocean_custom_header_template":"","ocean_custom_logo":0,"ocean_custom_retina_logo":0,"ocean_custom_logo_max_width":0,"ocean_custom_logo_tablet_max_width":0,"ocean_custom_logo_mobile_max_width":0,"ocean_custom_logo_max_height":0,"ocean_custom_logo_tablet_max_height":0,"ocean_custom_logo_mobile_max_height":0,"ocean_header_custom_menu":"","ocean_menu_typo_font_family":"","ocean_menu_typo_font_subset":"","ocean_menu_typo_font_size":0,"ocean_menu_typo_font_size_tablet":0,"ocean_menu_typo_font_size_mobile":0,"ocean_menu_typo_font_size_unit":"px","ocean_menu_typo_font_weight":"","ocean_menu_typo_font_weight_tablet":"","ocean_menu_typo_font_weight_mobile":"","ocean_menu_typo_transform":"","ocean_menu_typo_transform_tablet":"","ocean_menu_typo_transform_mobile":"","ocean_menu_typo_line_height":0,"ocean_menu_typo_line_height_tablet":0,"ocean_menu_typo_line_height_mobile":0,"ocean_menu_typo_line_height_unit":"","ocean_menu_typo_spacing":0,"ocean_menu_typo_spacing_tablet":0,"ocean_menu_typo_spacing_mobile":0,"ocean_menu_typo_spacing_unit":"","ocean_menu_link_color":"","ocean_menu_link_color_hover":"","ocean_menu_link_color_active":"","ocean_menu_link_background":"","ocean_menu_link_hover_background":"","ocean_menu_link_active_background":"","ocean_menu_social_links_bg":"","ocean_menu_social_hover_links_bg":"","ocean_menu_social_links_color":"","ocean_menu_social_hover_links_color":"","ocean_disable_title":"default","ocean_disable_heading":"default","ocean_post_title":"","ocean_post_subheading":"","ocean_post_title_style":"","ocean_post_title_background_color":"","ocean_post_title_background":0,"ocean_post_title_bg_image_position":"","ocean_post_title_bg_image_attachment":"","ocean_post_title_bg_image_repeat":"","ocean_post_title_bg_image_size":"","ocean_post_title_height":0,"ocean_post_title_bg_overlay":0.5,"ocean_post_title_bg_overlay_color":"","ocean_disable_breadcrumbs":"default","ocean_breadcrumbs_color":"","ocean_breadcrumbs_separator_color":"","ocean_breadcrumbs_links_color":"","ocean_breadcrumbs_links_hover_color":"","ocean_display_footer_widgets":"default","ocean_display_footer_bottom":"default","ocean_custom_footer_template":"","osh_disable_topbar_sticky":"default","osh_disable_header_sticky":"default","osh_sticky_header_style":"default","osh_sticky_header_effect":"","osh_custom_sticky_logo":0,"osh_custom_retina_sticky_logo":0,"osh_custom_sticky_logo_height":0,"osh_background_color":"","osh_links_color":"","osh_links_hover_color":"","osh_links_active_color":"","osh_links_bg_color":"","osh_links_hover_bg_color":"","osh_links_active_bg_color":"","osh_menu_social_links_color":"","osh_menu_social_hover_links_color":"","slim_seo":{"title":"T-shirt \u00ab Radio Ga Ga \u00bb pour enfants - Y\u00e9lo Pom\u00e9lo","description":"Ce t-shirt \u00ab Radio Ga Ga \u00bb pour enfants est un excellent cadeau pour les jeunes fans de Queen. Cette chemise est un compagnon de notre t-shirt pour adulte Radio"}},"product_brand":[],"product_cat":[287,242,278,301,294],"product_tag":[406],"class_list":{"0":"post-7321","1":"product","2":"type-product","3":"status-publish","4":"has-post-thumbnail","6":"product_cat-bebe-rockeur","7":"product_cat-chemises","8":"product_cat-groupes-rock","9":"product_cat-les-jeunes","10":"product_cat-tout-petit","11":"product_tag-queen-2","12":"product_shipping_class-pf-pm-apparel-2","14":"entry","15":"has-media","17":"first","18":"instock","19":"featured","20":"taxable","21":"shipping-taxable","22":"purchasable","23":"product-type-variable","24":"col","25":"span_1_of_3","26":"owp-content-center","27":"owp-thumbs-layout-horizontal","28":"owp-btn-big","29":"owp-tabs-layout-vertical"},"_links":{"self":[{"href":"https:\/\/yelopomelo.com\/fr\/wp-json\/wp\/v2\/product\/7321","targetHints":{"allow":["GET"]}}],"collection":[{"href":"https:\/\/yelopomelo.com\/fr\/wp-json\/wp\/v2\/product"}],"about":[{"href":"https:\/\/yelopomelo.com\/fr\/wp-json\/wp\/v2\/types\/product"}],"replies":[{"embeddable":true,"href":"https:\/\/yelopomelo.com\/fr\/wp-json\/wp\/v2\/comments?post=7321"}],"wp:featuredmedia":[{"embeddable":true,"href":"https:\/\/yelopomelo.com\/fr\/wp-json\/wp\/v2\/media\/2770"}],"wp:attachment":[{"href":"https:\/\/yelopomelo.com\/fr\/wp-json\/wp\/v2\/media?parent=7321"}],"wp:term":[{"taxonomy":"product_brand","embeddable":true,"href":"https:\/\/yelopomelo.com\/fr\/wp-json\/wp\/v2\/product_brand?post=7321"},{"taxonomy":"product_cat","embeddable":true,"href":"https:\/\/yelopomelo.com\/fr\/wp-json\/wp\/v2\/product_cat?post=7321"},{"taxonomy":"product_tag","embeddable":true,"href":"https:\/\/yelopomelo.com\/fr\/wp-json\/wp\/v2\/product_tag?post=7321"}],"curies":[{"name":"wp","href":"https:\/\/api.w.org\/{rel}","templated":true}]}}