{"id":7511,"date":"2025-04-20T14:30:17","date_gmt":"2025-04-20T18:30:17","guid":{"rendered":"https:\/\/yp.wippetywu.com\/?post_type=product&#038;p=7511"},"modified":"2026-01-24T16:53:46","modified_gmt":"2026-01-24T21:53:46","slug":"casquette-fuck-putin","status":"publish","type":"product","link":"https:\/\/yelopomelo.com\/fr\/boutique\/casquette-fuck-putin\/","title":{"rendered":"Casquette Fuck Putin"},"content":{"rendered":"<p>Cette casquette \u201cFuck Putin\u201d r\u00e9sume parfaitement nos sentiments en ce moment. Affichez votre soutien ind\u00e9fectible \u00e0 l\u2019Ukraine avec cette casquette sans compromis. Arborant un design audacieux qui combine les couleurs vibrantes du drapeau ukrainien et un message puissant, cet accessoire est parfait pour ceux qui souhaitent s\u2019opposer \u00e0 l\u2019oppression et \u00e0 l\u2019injustice. #SoutenezLUkraine   <\/p>\n<p>Que vous participiez \u00e0 un \u00e9v\u00e9nement ou que vous souhaitiez simplement montrer votre soutien dans votre vie quotidienne, ce chapeau est plus qu&rsquo;un simple accessoire : c&rsquo;est un symbole d&rsquo;unit\u00e9 et de r\u00e9sistance. Portez-le fi\u00e8rement et soutenez l&rsquo;Ukraine ! <\/p>\n<h3>\u00c0 propos de cette casquette Fuck Putin<\/h3>\n<p>\u2022 Fabriqu\u00e9 sur commande sur un Snapback Yupoong 6089M<br \/>\n\u2022 Le noir\/argent est compos\u00e9 \u00e0 80 % d\u2019acrylique et \u00e0 20 % de laine ; le camouflage vert est compos\u00e9 \u00e0 65 % de polyester et \u00e0 35 % de coton<br \/>\n\u2022 Structur\u00e9, 6 panneaux, haut profil<br \/>\n\u2022 6 \u0153illets brod\u00e9s<br \/>\n\u2022 Fermeture \u00e0 pression en plastique<br \/>\n\u2022 Visi\u00e8re verte<br \/>\n\u2022 Tour de t\u00eate : 21 \u215d\u00a0\u00bb \u2013 23 \u215d\u00a0\u00bb (54,9 cm \u2013 60 cm)<\/p>\n<h4>NOTE : Cet article est fabriqu\u00e9 sur commande.<\/h4>\n<p>Nous prenons normalement de 2 \u00e0 7 jours ouvrables pour cr\u00e9er ce produit, puis vous devez <strong>ajouter les d\u00e9lais de livraison \u00e0 cela<\/strong>. Veuillez consulter <a href=\"https:\/\/yelopomelo.com\/fr\/foire-aux-questions\/\">la page FAQ<\/a> pour conna\u00eetre nos estimations de d\u00e9lai d&rsquo;ex\u00e9cution actuelles. <\/p>\n","protected":false},"excerpt":{"rendered":"<p>Cette casquette \u201cFuck Putin\u201d r\u00e9sume parfaitement nos sentiments en ce moment. Affichez votre soutien ind\u00e9fectible \u00e0 l\u2019Ukraine avec cette casquette sans compromis. Arborant un design audacieux qui combine les couleurs vibrantes du drapeau ukrainien et un message puissant, cet accessoire est parfait pour ceux qui souhaitent s\u2019opposer \u00e0 l\u2019oppression et \u00e0 l\u2019injustice. #SoutenezLUkraine Que vous [&hellip;]<\/p>\n","protected":false},"featured_media":7531,"comment_status":"open","ping_status":"closed","template":"","meta":{"ocean_post_layout":"","ocean_both_sidebars_style":"","ocean_both_sidebars_content_width":0,"ocean_both_sidebars_sidebars_width":0,"ocean_sidebar":"","ocean_second_sidebar":"","ocean_disable_margins":"enable","ocean_add_body_class":"","ocean_shortcode_before_top_bar":"","ocean_shortcode_after_top_bar":"","ocean_shortcode_before_header":"","ocean_shortcode_after_header":"","ocean_has_shortcode":"","ocean_shortcode_after_title":"","ocean_shortcode_before_footer_widgets":"","ocean_shortcode_after_footer_widgets":"","ocean_shortcode_before_footer_bottom":"","ocean_shortcode_after_footer_bottom":"","ocean_display_top_bar":"default","ocean_display_header":"default","ocean_header_style":"","ocean_center_header_left_menu":"","ocean_custom_header_template":"","ocean_custom_logo":0,"ocean_custom_retina_logo":0,"ocean_custom_logo_max_width":0,"ocean_custom_logo_tablet_max_width":0,"ocean_custom_logo_mobile_max_width":0,"ocean_custom_logo_max_height":0,"ocean_custom_logo_tablet_max_height":0,"ocean_custom_logo_mobile_max_height":0,"ocean_header_custom_menu":"","ocean_menu_typo_font_family":"","ocean_menu_typo_font_subset":"","ocean_menu_typo_font_size":0,"ocean_menu_typo_font_size_tablet":0,"ocean_menu_typo_font_size_mobile":0,"ocean_menu_typo_font_size_unit":"px","ocean_menu_typo_font_weight":"","ocean_menu_typo_font_weight_tablet":"","ocean_menu_typo_font_weight_mobile":"","ocean_menu_typo_transform":"","ocean_menu_typo_transform_tablet":"","ocean_menu_typo_transform_mobile":"","ocean_menu_typo_line_height":0,"ocean_menu_typo_line_height_tablet":0,"ocean_menu_typo_line_height_mobile":0,"ocean_menu_typo_line_height_unit":"","ocean_menu_typo_spacing":0,"ocean_menu_typo_spacing_tablet":0,"ocean_menu_typo_spacing_mobile":0,"ocean_menu_typo_spacing_unit":"","ocean_menu_link_color":"","ocean_menu_link_color_hover":"","ocean_menu_link_color_active":"","ocean_menu_link_background":"","ocean_menu_link_hover_background":"","ocean_menu_link_active_background":"","ocean_menu_social_links_bg":"","ocean_menu_social_hover_links_bg":"","ocean_menu_social_links_color":"","ocean_menu_social_hover_links_color":"","ocean_disable_title":"default","ocean_disable_heading":"default","ocean_post_title":"","ocean_post_subheading":"","ocean_post_title_style":"","ocean_post_title_background_color":"","ocean_post_title_background":0,"ocean_post_title_bg_image_position":"","ocean_post_title_bg_image_attachment":"","ocean_post_title_bg_image_repeat":"","ocean_post_title_bg_image_size":"","ocean_post_title_height":0,"ocean_post_title_bg_overlay":0.5,"ocean_post_title_bg_overlay_color":"","ocean_disable_breadcrumbs":"default","ocean_breadcrumbs_color":"","ocean_breadcrumbs_separator_color":"","ocean_breadcrumbs_links_color":"","ocean_breadcrumbs_links_hover_color":"","ocean_display_footer_widgets":"default","ocean_display_footer_bottom":"default","ocean_custom_footer_template":"","osh_disable_topbar_sticky":"default","osh_disable_header_sticky":"default","osh_sticky_header_style":"default","osh_sticky_header_effect":"","osh_custom_sticky_logo":0,"osh_custom_retina_sticky_logo":0,"osh_custom_sticky_logo_height":0,"osh_background_color":"","osh_links_color":"","osh_links_hover_color":"","osh_links_active_color":"","osh_links_bg_color":"","osh_links_hover_bg_color":"","osh_links_active_bg_color":"","osh_menu_social_links_color":"","osh_menu_social_hover_links_color":"","slim_seo":{"title":"Casquette Fuck Putin - Y\u00e9lo Pom\u00e9lo","description":"Cette casquette \u201cFuck Putin\u201d r\u00e9sume parfaitement nos sentiments en ce moment. Affichez votre soutien ind\u00e9fectible \u00e0 l\u2019Ukraine avec cette casquette sans compromi"}},"product_brand":[],"product_cat":[255,265,239],"product_tag":[],"class_list":{"0":"post-7511","1":"product","2":"type-product","3":"status-publish","4":"has-post-thumbnail","6":"product_cat-accessoires","7":"product_cat-chapeaux","8":"product_cat-manifestation","9":"product_shipping_class-pf-pm-apparel-2","11":"entry","12":"has-media","14":"first","15":"instock","16":"taxable","17":"shipping-taxable","18":"purchasable","19":"product-type-variable","20":"has-rating","21":"col","22":"span_1_of_3","23":"owp-content-center","24":"owp-thumbs-layout-horizontal","25":"owp-btn-big","26":"owp-tabs-layout-vertical"},"_links":{"self":[{"href":"https:\/\/yelopomelo.com\/fr\/wp-json\/wp\/v2\/product\/7511","targetHints":{"allow":["GET"]}}],"collection":[{"href":"https:\/\/yelopomelo.com\/fr\/wp-json\/wp\/v2\/product"}],"about":[{"href":"https:\/\/yelopomelo.com\/fr\/wp-json\/wp\/v2\/types\/product"}],"replies":[{"embeddable":true,"href":"https:\/\/yelopomelo.com\/fr\/wp-json\/wp\/v2\/comments?post=7511"}],"wp:featuredmedia":[{"embeddable":true,"href":"https:\/\/yelopomelo.com\/fr\/wp-json\/wp\/v2\/media\/7531"}],"wp:attachment":[{"href":"https:\/\/yelopomelo.com\/fr\/wp-json\/wp\/v2\/media?parent=7511"}],"wp:term":[{"taxonomy":"product_brand","embeddable":true,"href":"https:\/\/yelopomelo.com\/fr\/wp-json\/wp\/v2\/product_brand?post=7511"},{"taxonomy":"product_cat","embeddable":true,"href":"https:\/\/yelopomelo.com\/fr\/wp-json\/wp\/v2\/product_cat?post=7511"},{"taxonomy":"product_tag","embeddable":true,"href":"https:\/\/yelopomelo.com\/fr\/wp-json\/wp\/v2\/product_tag?post=7511"}],"curies":[{"name":"wp","href":"https:\/\/api.w.org\/{rel}","templated":true}]}}