{"id":7550,"date":"2025-04-20T13:43:08","date_gmt":"2025-04-20T17:43:08","guid":{"rendered":"https:\/\/yp.wippetywu.com\/?post_type=product&#038;p=7550"},"modified":"2025-10-23T11:30:02","modified_gmt":"2025-10-23T15:30:02","slug":"t-shirts-assortis-la-grande-vague-de-kanagawa","status":"publish","type":"product","link":"https:\/\/yelopomelo.com\/fr\/boutique\/t-shirts-assortis-la-grande-vague-de-kanagawa\/","title":{"rendered":"T-shirts assortis de la Grande Vague de Kanagawa"},"content":{"rendered":"<p>Ces t-shirts assortis de la Grande Vague de Kanagawa vous inspireront \u00e0 aller surfer \u2014 ou \u00e0 fuir pour sauver votre vie. Une reproduction de la c\u00e9l\u00e8bre estampe \u00ab Sous une vague de Kanagawa \u00bb de Katsushika Hokusai. <\/p>\n<h3>\u00c0 propos de ces t-shirts assortis de la Grande Vague de Kanagawa<\/h3>\n<h4>T-shirt jeunesse :<\/h4>\n<p>\u2022 Fait sur commande sur un t-shirt jeunesse Bella + Canvas 3001Y<br \/>\n\u2022 100% coton fil\u00e9 en anneaux (les couleurs chin\u00e9 contiennent du polyester)<br \/>\n\u2022 Poids du tissu : 4,2 oz (142 g\/m2)<br \/>\n\u2022 Tissu pr\u00e9-r\u00e9tr\u00e9ci, 32 simples<\/p>\n<h4>T-shirt adulte :<\/h4>\n<p>\u2022 Fabriqu\u00e9 sur commande sur un t-shirt Gildan 64000 Unisex Soft Style<br \/>\n\u2022 100% coton fil\u00e9 en anneau<br \/>\n\u2022 Poids du tissu : 4,5 oz\/an\u00b2 (153 g\/m\u00b2)<br \/>\n\u2022 Pr\u00e9-r\u00e9tr\u00e9ci pour une durabilit\u00e9 accrue<\/p>\n<h4>REMARQUE : Ces t-shirts sont imprim\u00e9s \u00e0 la demande.<\/h4>\n<p>Nous prenons normalement 2 \u00e0 7 jours ouvrables pour fabriquer nos produits, puis vous devriez <strong>ajouter des d\u00e9lais d\u2019exp\u00e9dition en plus de cela<\/strong>. Veuillez consulter <a href=\"https:\/\/yelopomelo.com\/faq\/\">notre page FAQ<\/a> pour les estimations actuelles d\u2019ex\u00e9cution.<\/p>\n","protected":false},"excerpt":{"rendered":"<p>Ces t-shirts assortis de la Grande Vague de Kanagawa vous inspireront \u00e0 aller surfer \u2014 ou \u00e0 fuir pour sauver votre vie. Une reproduction de la c\u00e9l\u00e8bre estampe \u00ab Sous une vague de Kanagawa \u00bb de Katsushika Hokusai. \u00c0 propos de ces t-shirts assortis de la Grande Vague de Kanagawa T-shirt jeunesse : \u2022 Fait [&hellip;]<\/p>\n","protected":false},"featured_media":5063,"comment_status":"open","ping_status":"closed","template":"","meta":{"ocean_post_layout":"","ocean_both_sidebars_style":"","ocean_both_sidebars_content_width":0,"ocean_both_sidebars_sidebars_width":0,"ocean_sidebar":"0","ocean_second_sidebar":"0","ocean_disable_margins":"enable","ocean_add_body_class":"","ocean_shortcode_before_top_bar":"","ocean_shortcode_after_top_bar":"","ocean_shortcode_before_header":"","ocean_shortcode_after_header":"","ocean_has_shortcode":"","ocean_shortcode_after_title":"","ocean_shortcode_before_footer_widgets":"","ocean_shortcode_after_footer_widgets":"","ocean_shortcode_before_footer_bottom":"","ocean_shortcode_after_footer_bottom":"","ocean_display_top_bar":"default","ocean_display_header":"default","ocean_header_style":"","ocean_center_header_left_menu":"0","ocean_custom_header_template":"0","ocean_custom_logo":0,"ocean_custom_retina_logo":0,"ocean_custom_logo_max_width":0,"ocean_custom_logo_tablet_max_width":0,"ocean_custom_logo_mobile_max_width":0,"ocean_custom_logo_max_height":0,"ocean_custom_logo_tablet_max_height":0,"ocean_custom_logo_mobile_max_height":0,"ocean_header_custom_menu":"0","ocean_menu_typo_font_family":"0","ocean_menu_typo_font_subset":"","ocean_menu_typo_font_size":0,"ocean_menu_typo_font_size_tablet":0,"ocean_menu_typo_font_size_mobile":0,"ocean_menu_typo_font_size_unit":"px","ocean_menu_typo_font_weight":"","ocean_menu_typo_font_weight_tablet":"","ocean_menu_typo_font_weight_mobile":"","ocean_menu_typo_transform":"","ocean_menu_typo_transform_tablet":"","ocean_menu_typo_transform_mobile":"","ocean_menu_typo_line_height":0,"ocean_menu_typo_line_height_tablet":0,"ocean_menu_typo_line_height_mobile":0,"ocean_menu_typo_line_height_unit":"","ocean_menu_typo_spacing":0,"ocean_menu_typo_spacing_tablet":0,"ocean_menu_typo_spacing_mobile":0,"ocean_menu_typo_spacing_unit":"","ocean_menu_link_color":"","ocean_menu_link_color_hover":"","ocean_menu_link_color_active":"","ocean_menu_link_background":"","ocean_menu_link_hover_background":"","ocean_menu_link_active_background":"","ocean_menu_social_links_bg":"","ocean_menu_social_hover_links_bg":"","ocean_menu_social_links_color":"","ocean_menu_social_hover_links_color":"","ocean_disable_title":"default","ocean_disable_heading":"default","ocean_post_title":"","ocean_post_subheading":"","ocean_post_title_style":"","ocean_post_title_background_color":"","ocean_post_title_background":0,"ocean_post_title_bg_image_position":"","ocean_post_title_bg_image_attachment":"","ocean_post_title_bg_image_repeat":"","ocean_post_title_bg_image_size":"","ocean_post_title_height":0,"ocean_post_title_bg_overlay":0.5,"ocean_post_title_bg_overlay_color":"","ocean_disable_breadcrumbs":"default","ocean_breadcrumbs_color":"","ocean_breadcrumbs_separator_color":"","ocean_breadcrumbs_links_color":"","ocean_breadcrumbs_links_hover_color":"","ocean_display_footer_widgets":"default","ocean_display_footer_bottom":"default","ocean_custom_footer_template":"0","osh_disable_topbar_sticky":"default","osh_disable_header_sticky":"default","osh_sticky_header_style":"default","osh_sticky_header_effect":"","osh_custom_sticky_logo":0,"osh_custom_retina_sticky_logo":0,"osh_custom_sticky_logo_height":0,"osh_background_color":"","osh_links_color":"","osh_links_hover_color":"","osh_links_active_color":"","osh_links_bg_color":"","osh_links_hover_bg_color":"","osh_links_active_bg_color":"","osh_menu_social_links_color":"","osh_menu_social_hover_links_color":"","slim_seo":{"title":"T-shirts assortis de la Grande Vague de Kanagawa - Y\u00e9lo Pom\u00e9lo","description":"Ces t-shirts assortis de la Grande Vague de Kanagawa vous inspireront \u00e0 aller surfer \u2014 ou \u00e0 fuir pour sauver votre vie. Une reproduction de la c\u00e9l\u00e8bre estampe \u00ab"}},"product_brand":[],"product_cat":[426,253,242,301,294],"product_tag":[345,422],"class_list":{"0":"post-7550","1":"product","2":"type-product","3":"status-publish","4":"has-post-thumbnail","6":"product_cat-adulte","7":"product_cat-art-et-litterature","8":"product_cat-chemises","9":"product_cat-les-jeunes","10":"product_cat-tout-petit","11":"product_tag-art-japonais","12":"product_tag-hokusai-2","13":"product_shipping_class-pf-pm-apparel-2","15":"entry","16":"has-media","18":"first","19":"instock","20":"taxable","21":"shipping-taxable","22":"purchasable","23":"product-type-variable","24":"col","25":"span_1_of_3","26":"owp-content-center","27":"owp-thumbs-layout-horizontal","28":"owp-btn-big","29":"owp-tabs-layout-vertical"},"_links":{"self":[{"href":"https:\/\/yelopomelo.com\/fr\/wp-json\/wp\/v2\/product\/7550","targetHints":{"allow":["GET"]}}],"collection":[{"href":"https:\/\/yelopomelo.com\/fr\/wp-json\/wp\/v2\/product"}],"about":[{"href":"https:\/\/yelopomelo.com\/fr\/wp-json\/wp\/v2\/types\/product"}],"replies":[{"embeddable":true,"href":"https:\/\/yelopomelo.com\/fr\/wp-json\/wp\/v2\/comments?post=7550"}],"wp:featuredmedia":[{"embeddable":true,"href":"https:\/\/yelopomelo.com\/fr\/wp-json\/wp\/v2\/media\/5063"}],"wp:attachment":[{"href":"https:\/\/yelopomelo.com\/fr\/wp-json\/wp\/v2\/media?parent=7550"}],"wp:term":[{"taxonomy":"product_brand","embeddable":true,"href":"https:\/\/yelopomelo.com\/fr\/wp-json\/wp\/v2\/product_brand?post=7550"},{"taxonomy":"product_cat","embeddable":true,"href":"https:\/\/yelopomelo.com\/fr\/wp-json\/wp\/v2\/product_cat?post=7550"},{"taxonomy":"product_tag","embeddable":true,"href":"https:\/\/yelopomelo.com\/fr\/wp-json\/wp\/v2\/product_tag?post=7550"}],"curies":[{"name":"wp","href":"https:\/\/api.w.org\/{rel}","templated":true}]}}